{"id":37939,"date":"2024-01-11T18:07:59","date_gmt":"2024-01-11T16:07:59","guid":{"rendered":"https:\/\/hookahshop.lt\/?post_type=product&#038;p=37939"},"modified":"2026-04-10T12:51:57","modified_gmt":"2026-04-10T09:51:57","slug":"taurele-kaljanui-oblako-phunnel-s-black-matt","status":"publish","type":"product","link":"https:\/\/hookahshop.lt\/et\/toode\/tass-piibu-pilvelehter-s-must-matt\/","title":{"rendered":"Vesipiibu tass OBLAKO Phunnel S Must Matt"},"content":{"rendered":"<h2>Vesipiibu tass OBLAKO Phunnel S Must Matt<\/h2>\n<p>See on glasuuritud igap\u00e4evaseks suitsetamiseks, ideaalne kerge ja raske tubaka jaoks!<\/p>\n<p>Tass on kaetud glasuuriga, t\u00e4nu millele suudab see pikka aega s\u00e4ilitada oma esialgsed omadused ja v\u00e4limuse. OBLAKO kasutab ainult inims\u00f5bralikku toiduglasuuri, mille on v\u00e4lja t\u00f6\u00f6tanud partnerid spetsialiseeritud laborites, mis asuvad Venemaal \u00fches traditsioonilises keraamikatootmiskeskuses Gzhelskojes.<\/p>\n<p>Tassit\u00e4is tubakat mahutab 12\u201315 grammi.<\/p>\n<p><strong>Spetsifikatsioonid:<\/strong><br \/>\nK\u00f5rgus: 118 mm<br \/>\nL\u00e4bim\u00f5\u00f5t (v\u00e4limine): 74 mm<br \/>\nL\u00e4bim\u00f5\u00f5t (sisemine): 68 mm<br \/>\nS\u00fcgavus: 12 mm<br \/>\nAva l\u00e4bim\u00f5\u00f5t: 12 mm<br \/>\nAukude arv: 1<br \/>\nKaal: umbes 182 g.<\/p>\n<p>Kas teil on k\u00fcsimusi? v\u00f5ta meiega \u00fchendust\u00a0<a href=\"https:\/\/hookahshop.lt\/et\/kontaktid\/\">kontaktide leht<\/a>\u00a0v\u00f5i saatke meile e-kiri aadressil\u00a0<a href=\"https:\/\/facebook.com\/HookahShop.lt\/\" target=\"_blank\" rel=\"noopener noreferrer\">Facebooki konto<\/a>\u00a0ja vastame teie taotlusele samal p\u00e4eval.<\/p>\n<p>&nbsp;<\/p>","protected":false},"excerpt":{"rendered":"<p>Vesipiibu kauss OBLAKO Phunnel S must matt See on glasuuritud, m\u00f5eldud igap\u00e4evaseks suitsetamiseks, sobib ideaalselt kergete ja raskete tubakatoodete jaoks! Kauss on kaetud glasuuriga, t\u00e4nu millele s\u00e4ilitab see oma algsed omadused ja v\u00e4limuse pikka aega. OBLAKO kasutab ainult inimestele ohutut toiduglasuuri, mille t\u00f6\u00f6tasid v\u00e4lja partnerid spetsialiseeritud laborites G\u017eelskojes, mis on \u00fcks traditsioonilisi Venemaa keraamikatootmise keskusi. [\u2026]<\/p>","protected":false},"featured_media":37940,"comment_status":"open","ping_status":"closed","template":"","meta":[],"_links":{"self":[{"href":"https:\/\/hookahshop.lt\/et\/wp-json\/wp\/v2\/product\/37939"}],"collection":[{"href":"https:\/\/hookahshop.lt\/et\/wp-json\/wp\/v2\/product"}],"about":[{"href":"https:\/\/hookahshop.lt\/et\/wp-json\/wp\/v2\/types\/product"}],"replies":[{"embeddable":true,"href":"https:\/\/hookahshop.lt\/et\/wp-json\/wp\/v2\/comments?post=37939"}],"version-history":[{"count":3,"href":"https:\/\/hookahshop.lt\/et\/wp-json\/wp\/v2\/product\/37939\/revisions"}],"predecessor-version":[{"id":37959,"href":"https:\/\/hookahshop.lt\/et\/wp-json\/wp\/v2\/product\/37939\/revisions\/37959"}],"wp:featuredmedia":[{"embeddable":true,"href":"https:\/\/hookahshop.lt\/et\/wp-json\/wp\/v2\/media\/37940"}],"wp:attachment":[{"href":"https:\/\/hookahshop.lt\/et\/wp-json\/wp\/v2\/media?parent=37939"}],"curies":[{"name":"wp","href":"https:\/\/api.w.org\/{rel}","templated":true}]}}