{"id":37974,"date":"2024-01-12T20:04:58","date_gmt":"2024-01-12T18:04:58","guid":{"rendered":"https:\/\/hookahshop.lt\/?post_type=product&#038;p=37974"},"modified":"2026-04-15T23:29:34","modified_gmt":"2026-04-15T20:29:34","slug":"taurele-kaljanui-oblako-phunnel-m-white-cosmos","status":"publish","type":"product","link":"https:\/\/hookahshop.lt\/et\/toode\/tass-vesipiip-pilvelehter-m-valge-kosmos\/","title":{"rendered":"Vesipiibu tass OBLAKO Phunnel M White Cosmos"},"content":{"rendered":"<h2>Vesipiibu tass OBLAKO Phunnel M White Cosmos<\/h2>\n<p>Glasuuritud igap\u00e4evaseks suitsetamiseks, ideaalne kerge ja raske tubaka jaoks!<br \/>\nTass on kaetud glasuuriga, t\u00e4nu millele suudab see pikka aega s\u00e4ilitada oma algsed omadused ja v\u00e4limuse. OBLAKO kasutab ainult inims\u00f5bralikku toiduglasuuri, mille on v\u00e4lja t\u00f6\u00f6tanud partnerid spetsialiseeritud laborites Gzhelskoje, mis on \u00fcks Venemaa traditsioonilisi keraamikatootmise keskusi.<br \/>\nTassit\u00e4is tubakat mahutab 20\u201323 g.<\/p>\n<p><strong>Spetsifikatsioonid:<\/strong><br \/>\nK\u00f5rgus: 118 mm<br \/>\nL\u00e4bim\u00f5\u00f5t (v\u00e4limine): 74 mm<br \/>\nL\u00e4bim\u00f5\u00f5t (sisemine): 68 mm<br \/>\nS\u00fcgavus: 12 mm<br \/>\nAva l\u00e4bim\u00f5\u00f5t: 12 mm<br \/>\nAukude arv: 1<br \/>\nKaal: ~ 182 g<\/p>\n<p>Kas teil on k\u00fcsimusi? v\u00f5ta meiega \u00fchendust\u00a0<a href=\"https:\/\/hookahshop.lt\/et\/kontaktid\/\">kontaktide leht<\/a>\u00a0v\u00f5i saatke meile e-kiri aadressil\u00a0<a href=\"https:\/\/facebook.com\/HookahShop.lt\/\" target=\"_blank\" rel=\"noopener noreferrer\">Facebooki konto<\/a>\u00a0ja vastame teie taotlusele samal p\u00e4eval.<\/p>","protected":false},"excerpt":{"rendered":"<p>Vesipiibukauss OBLAKO Phunnel M valge Cosmos glasuuriga on loodud igap\u00e4evaseks suitsetamiseks, sobib ideaalselt nii kergetele kui ka rasketele tubakatoodetele! Kauss on kaetud glasuuriga, t\u00e4nu millele s\u00e4ilitab see oma algsed omadused ja v\u00e4limuse pikka aega. OBLAKO kasutab ainult inimestele ohutut toiduglasuuri, mille t\u00f6\u00f6tasid v\u00e4lja partnerid spetsialiseeritud laborites G\u017eelskojes, mis on \u00fcks traditsioonilisi Venemaa keraamikatootmise keskusi. Tubakakauss [\u2026]<\/p>","protected":false},"featured_media":37979,"comment_status":"open","ping_status":"closed","template":"","meta":[],"_links":{"self":[{"href":"https:\/\/hookahshop.lt\/et\/wp-json\/wp\/v2\/product\/37974"}],"collection":[{"href":"https:\/\/hookahshop.lt\/et\/wp-json\/wp\/v2\/product"}],"about":[{"href":"https:\/\/hookahshop.lt\/et\/wp-json\/wp\/v2\/types\/product"}],"replies":[{"embeddable":true,"href":"https:\/\/hookahshop.lt\/et\/wp-json\/wp\/v2\/comments?post=37974"}],"version-history":[{"count":4,"href":"https:\/\/hookahshop.lt\/et\/wp-json\/wp\/v2\/product\/37974\/revisions"}],"predecessor-version":[{"id":38022,"href":"https:\/\/hookahshop.lt\/et\/wp-json\/wp\/v2\/product\/37974\/revisions\/38022"}],"wp:featuredmedia":[{"embeddable":true,"href":"https:\/\/hookahshop.lt\/et\/wp-json\/wp\/v2\/media\/37979"}],"wp:attachment":[{"href":"https:\/\/hookahshop.lt\/et\/wp-json\/wp\/v2\/media?parent=37974"}],"curies":[{"name":"wp","href":"https:\/\/api.w.org\/{rel}","templated":true}]}}