{"id":37980,"date":"2024-01-12T20:29:54","date_gmt":"2024-01-12T18:29:54","guid":{"rendered":"https:\/\/hookahshop.lt\/?post_type=product&#038;p=37980"},"modified":"2026-04-06T23:29:34","modified_gmt":"2026-04-06T20:29:34","slug":"kolba-kaljanui-vg-craft-ruffled-grey-smoke","status":"publish","type":"product","link":"https:\/\/hookahshop.lt\/et\/toode\/kolb-vesipiibu-vg-kasitoo-surutud-hall-suits\/","title":{"rendered":"Vesipiibu kolb VG Craft Ruffled Grey Smoke"},"content":{"rendered":"<h2>Vesipiibu kolb VG Craft Ruffled Grey Smoke<\/h2>\n<p>Seda t\u00fc\u00fcpi kolvid on turul v\u00e4ga populaarsed. Lihtne, kuid elegantne klaasidisain sobib ideaalselt kaasaegsete mudelitega.<\/p>\n<p><strong>Omadused:<\/strong><br \/>\nKolvi kuju: k\u00e4sit\u00f6\u00f6<br \/>\nK\u00f5rgus: 27 cm<br \/>\nLaius: 21 cm<br \/>\nSisemine l\u00e4bim\u00f5\u00f5t: 4,5 cm<br \/>\nKaal: ~1,7kg<br \/>\nKolvi maht: 1,7l<\/p>\n<p>Kas teil on k\u00fcsimusi? v\u00f5ta meiega \u00fchendust\u00a0<a href=\"https:\/\/hookahshop.lt\/et\/kontaktid\/\">kontaktide leht<\/a>\u00a0v\u00f5i saatke meile e-kiri aadressil\u00a0<a href=\"https:\/\/facebook.com\/HookahShop.lt\/\" target=\"_blank\" rel=\"noopener noreferrer\">Facebooki konto<\/a>\u00a0ja vastame teie taotlusele samal p\u00e4eval.<\/p>\n<p>&nbsp;<\/p>\n<p>&nbsp;<\/p>","protected":false},"excerpt":{"rendered":"<p>Vesipiibu kolb VG Craft Ruffled Grey Smoke Seda t\u00fc\u00fcpi kolvid on turul v\u00e4ga populaarsed. Lihtne, kuid elegantne klaasidisain sobib ideaalselt kaasaegsete mudelitega. Omadused: Kolvi kuju: K\u00e4sit\u00f6\u00f6 K\u00f5rgus: 27cm Laius: 21cm Sisel\u00e4bim\u00f5\u00f5t: 4,5 cm Kaal: ~1,7kg Kolvi maht: 1,7l Kas teil on k\u00fcsimusi? V\u00f5tke meiega \u00fchendust kontaktide lehel v\u00f5i kirjutage meile meie Facebooki kontol ja me vastame teie [\u2026]<\/p>","protected":false},"featured_media":37981,"comment_status":"open","ping_status":"closed","template":"","meta":[],"_links":{"self":[{"href":"https:\/\/hookahshop.lt\/et\/wp-json\/wp\/v2\/product\/37980"}],"collection":[{"href":"https:\/\/hookahshop.lt\/et\/wp-json\/wp\/v2\/product"}],"about":[{"href":"https:\/\/hookahshop.lt\/et\/wp-json\/wp\/v2\/types\/product"}],"replies":[{"embeddable":true,"href":"https:\/\/hookahshop.lt\/et\/wp-json\/wp\/v2\/comments?post=37980"}],"version-history":[{"count":4,"href":"https:\/\/hookahshop.lt\/et\/wp-json\/wp\/v2\/product\/37980\/revisions"}],"predecessor-version":[{"id":42506,"href":"https:\/\/hookahshop.lt\/et\/wp-json\/wp\/v2\/product\/37980\/revisions\/42506"}],"wp:featuredmedia":[{"embeddable":true,"href":"https:\/\/hookahshop.lt\/et\/wp-json\/wp\/v2\/media\/37981"}],"wp:attachment":[{"href":"https:\/\/hookahshop.lt\/et\/wp-json\/wp\/v2\/media?parent=37980"}],"curies":[{"name":"wp","href":"https:\/\/api.w.org\/{rel}","templated":true}]}}