{"id":37984,"date":"2024-01-12T23:49:41","date_gmt":"2024-01-12T21:49:41","guid":{"rendered":"https:\/\/hookahshop.lt\/?post_type=product&#038;p=37984"},"modified":"2026-04-17T23:29:56","modified_gmt":"2026-04-17T20:29:56","slug":"kolba-kaljanui-karma-black","status":"publish","type":"product","link":"https:\/\/hookahshop.lt\/et\/toode\/kolb-vesipiibu-karma-must\/","title":{"rendered":"Vesipiibu kolb KARMA Must"},"content":{"rendered":"<h2>Vesipiibu kolb KARMA Must<\/h2>\n<p>Seda t\u00fc\u00fcpi kolb on m\u00f5eldud KARMA vesipiibu jaoks. Lihtne, kuid elegantne klaasidisain sobib ideaalselt kaasaegsete mudelitega.<\/p>\n<p><strong>Omadused:<\/strong><br \/>\nK\u00f5rgus: 30 cm<br \/>\nLaius: 15,5 cm<br \/>\nSisel\u00e4bim\u00f5\u00f5t: 4,6 cm<\/p>\n<p>Kas teil on k\u00fcsimusi? v\u00f5ta meiega \u00fchendust\u00a0<a href=\"https:\/\/hookahshop.lt\/et\/kontaktid\/\">kontaktide leht<\/a>\u00a0v\u00f5i saatke meile e-kiri aadressil\u00a0<a href=\"https:\/\/facebook.com\/HookahShop.lt\/\" target=\"_blank\" rel=\"noopener noreferrer\">Facebooki konto<\/a>\u00a0ja vastame teie taotlusele samal p\u00e4eval.<\/p>","protected":false},"excerpt":{"rendered":"<p>Vesipiibu kolb KARMA Black Seda t\u00fc\u00fcpi kolb on m\u00f5eldud KARMA vesipiibu jaoks. Lihtne, kuid elegantne klaasidisain sobib ideaalselt kaasaegsete mudelitega. Omadused: K\u00f5rgus: 30cm Laius: 15,5cm Sisemine l\u00e4bim\u00f5\u00f5t: 4,6cm Kas teil on k\u00fcsimusi? V\u00f5tke meiega \u00fchendust kontaktide lehel v\u00f5i kirjutage meile Facebookis ja vastame teie p\u00e4ringule samal p\u00e4eval.<\/p>","protected":false},"featured_media":37988,"comment_status":"open","ping_status":"closed","template":"","meta":[],"_links":{"self":[{"href":"https:\/\/hookahshop.lt\/et\/wp-json\/wp\/v2\/product\/37984"}],"collection":[{"href":"https:\/\/hookahshop.lt\/et\/wp-json\/wp\/v2\/product"}],"about":[{"href":"https:\/\/hookahshop.lt\/et\/wp-json\/wp\/v2\/types\/product"}],"replies":[{"embeddable":true,"href":"https:\/\/hookahshop.lt\/et\/wp-json\/wp\/v2\/comments?post=37984"}],"version-history":[{"count":2,"href":"https:\/\/hookahshop.lt\/et\/wp-json\/wp\/v2\/product\/37984\/revisions"}],"predecessor-version":[{"id":38024,"href":"https:\/\/hookahshop.lt\/et\/wp-json\/wp\/v2\/product\/37984\/revisions\/38024"}],"wp:featuredmedia":[{"embeddable":true,"href":"https:\/\/hookahshop.lt\/et\/wp-json\/wp\/v2\/media\/37988"}],"wp:attachment":[{"href":"https:\/\/hookahshop.lt\/et\/wp-json\/wp\/v2\/media?parent=37984"}],"curies":[{"name":"wp","href":"https:\/\/api.w.org\/{rel}","templated":true}]}}