{"id":37991,"date":"2024-01-13T14:46:59","date_gmt":"2024-01-13T12:46:59","guid":{"rendered":"https:\/\/hookahshop.lt\/?post_type=product&#038;p=37991"},"modified":"2026-04-17T23:29:56","modified_gmt":"2026-04-17T20:29:56","slug":"znyples-kaljano-anglims-long-su-yla","status":"publish","type":"product","link":"https:\/\/hookahshop.lt\/et\/toode\/vesipiip-susi-pikk-piibuga\/","title":{"rendered":"Tangid vesipiibu s\u00f6e jaoks PIKK konksuga"},"content":{"rendered":"<h2>Tangid vesipiibu s\u00f6e jaoks PIKK konksuga<\/h2>\n<p>M\u00f5eldud kuumade s\u00f6e paigutamiseks soojuskambrisse ja nende mugavaks transportimiseks soojuskambrist soovitud asukohta.<\/p>\n<p><strong>Spetsifikatsioonid:<\/strong><br \/>\nPikkus: 22 cm<br \/>\nLaius: 1,8 cm<br \/>\nVarda pikkus: 9 cm<br \/>\nMaterjal: Alumiinium<\/p>\n<p>Kas teil on k\u00fcsimusi? v\u00f5ta meiega \u00fchendust\u00a0<a href=\"https:\/\/hookahshop.lt\/et\/kontaktid\/\">kontaktide leht<\/a>\u00a0v\u00f5i saatke meile e-kiri aadressil\u00a0<a href=\"https:\/\/facebook.com\/HookahShop.lt\/\" target=\"_blank\" rel=\"noopener noreferrer\">Facebooki konto<\/a>\u00a0ja vastame teie taotlusele samal p\u00e4eval.<\/p>","protected":false},"excerpt":{"rendered":"<p>Tangid vesipiibu s\u00f6e jaoks LONG konksuga M\u00f5eldud kuumade s\u00f6e paigutamiseks soojuskambrisse ja mugavaks transportimiseks soojuskambrist soovitud kohta. Tehnilised andmed: Pikkus: 22 cm Laius: 1,8 cm K\u00e4epideme pikkus: 9 cm Materjal: Alumiinium Kas teil on k\u00fcsimusi? V\u00f5tke meiega \u00fchendust kontaktide lehel v\u00f5i kirjutage meile meie Facebooki kontol ja vastame teie p\u00e4ringule samal p\u00e4eval.<\/p>","protected":false},"featured_media":37992,"comment_status":"open","ping_status":"closed","template":"","meta":[],"_links":{"self":[{"href":"https:\/\/hookahshop.lt\/et\/wp-json\/wp\/v2\/product\/37991"}],"collection":[{"href":"https:\/\/hookahshop.lt\/et\/wp-json\/wp\/v2\/product"}],"about":[{"href":"https:\/\/hookahshop.lt\/et\/wp-json\/wp\/v2\/types\/product"}],"replies":[{"embeddable":true,"href":"https:\/\/hookahshop.lt\/et\/wp-json\/wp\/v2\/comments?post=37991"}],"version-history":[{"count":3,"href":"https:\/\/hookahshop.lt\/et\/wp-json\/wp\/v2\/product\/37991\/revisions"}],"predecessor-version":[{"id":45609,"href":"https:\/\/hookahshop.lt\/et\/wp-json\/wp\/v2\/product\/37991\/revisions\/45609"}],"wp:featuredmedia":[{"embeddable":true,"href":"https:\/\/hookahshop.lt\/et\/wp-json\/wp\/v2\/media\/37992"}],"wp:attachment":[{"href":"https:\/\/hookahshop.lt\/et\/wp-json\/wp\/v2\/media?parent=37991"}],"curies":[{"name":"wp","href":"https:\/\/api.w.org\/{rel}","templated":true}]}}