{"id":37995,"date":"2024-01-13T14:54:24","date_gmt":"2024-01-13T12:54:24","guid":{"rendered":"https:\/\/hookahshop.lt\/?post_type=product&#038;p=37995"},"modified":"2026-04-06T23:29:34","modified_gmt":"2026-04-06T20:29:34","slug":"kolba-kaljanui-bigmaks-craft-smoke-mini","status":"publish","type":"product","link":"https:\/\/hookahshop.lt\/et\/toode\/kolb-piibu-suurmaks-kasitoo-suitsu-mini\/","title":{"rendered":"Vesipiibu kolb BIGMAKS Craft Smoke Mini"},"content":{"rendered":"<h2>Vesipiibu kolb BIGMAKS Craft Smoke Mini<\/h2>\n<p>See minikolb on valmistatud toidukvaliteediga l\u00e4bipaistvast klaasist ja paistab silma oma vastupidavuse poolest. Kolb pole v\u00e4rvitud, mis t\u00e4hendab, et see teenib teid palju aastaid. Sobib igale minipiibule.<\/p>\n<p><strong>Spetsifikatsioonid:<\/strong><br \/>\nK\u00f5rgus: 190 mm<br \/>\nKaal: 920 g<br \/>\nKurgu v\u00e4lisl\u00e4bim\u00f5\u00f5t: 71 mm<br \/>\nSisemine k\u00f5ri l\u00e4bim\u00f5\u00f5t: 48 mm<br \/>\nToote materjal: klaas<\/p>\n<p>Kas teil on k\u00fcsimusi? v\u00f5ta meiega \u00fchendust\u00a0<a href=\"https:\/\/hookahshop.lt\/et\/kontaktid\/\">kontaktide leht<\/a>\u00a0v\u00f5i saatke meile e-kiri aadressil\u00a0<a href=\"https:\/\/facebook.com\/HookahShop.lt\/\" target=\"_blank\" rel=\"noopener\">Facebooki konto<\/a>\u00a0ja vastame teie taotlusele samal p\u00e4eval.<\/p>","protected":false},"excerpt":{"rendered":"<p>Vesipiibu kolb BIGMAKS Craft Smoke Mini See minikolb on valmistatud toidukvaliteediga l\u00e4bipaistvast klaasist ja paistab silma oma vastupidavuse poolest. Kolb ei ole v\u00e4rvitud, mis t\u00e4hendab, et see teenib teid palju aastaid. Sobib kasutamiseks iga minipiibuga. Tehnilised andmed: K\u00f5rgus: 190 mm Kaal: 920 g Kurgu v\u00e4lisl\u00e4bim\u00f5\u00f5t: 71 mm K\u00f5ri sisel\u00e4bim\u00f5\u00f5t: 48 mm Tootematerjal: klaas Kas teil on k\u00fcsimusi? V\u00f5tke \u00fchendust [\u2026]<\/p>","protected":false},"featured_media":37997,"comment_status":"open","ping_status":"closed","template":"","meta":[],"_links":{"self":[{"href":"https:\/\/hookahshop.lt\/et\/wp-json\/wp\/v2\/product\/37995"}],"collection":[{"href":"https:\/\/hookahshop.lt\/et\/wp-json\/wp\/v2\/product"}],"about":[{"href":"https:\/\/hookahshop.lt\/et\/wp-json\/wp\/v2\/types\/product"}],"replies":[{"embeddable":true,"href":"https:\/\/hookahshop.lt\/et\/wp-json\/wp\/v2\/comments?post=37995"}],"version-history":[{"count":4,"href":"https:\/\/hookahshop.lt\/et\/wp-json\/wp\/v2\/product\/37995\/revisions"}],"predecessor-version":[{"id":45352,"href":"https:\/\/hookahshop.lt\/et\/wp-json\/wp\/v2\/product\/37995\/revisions\/45352"}],"wp:featuredmedia":[{"embeddable":true,"href":"https:\/\/hookahshop.lt\/et\/wp-json\/wp\/v2\/media\/37997"}],"wp:attachment":[{"href":"https:\/\/hookahshop.lt\/et\/wp-json\/wp\/v2\/media?parent=37995"}],"curies":[{"name":"wp","href":"https:\/\/api.w.org\/{rel}","templated":true}]}}