{"id":38006,"date":"2024-01-13T16:19:34","date_gmt":"2024-01-13T14:19:34","guid":{"rendered":"https:\/\/hookahshop.lt\/?post_type=product&#038;p=38006"},"modified":"2026-04-16T10:21:38","modified_gmt":"2026-04-16T07:21:38","slug":"kolba-kaljanui-vg-sphere-pearl","status":"publish","type":"product","link":"https:\/\/hookahshop.lt\/et\/toode\/kolb-vesipiip-vg-kera-parl\/","title":{"rendered":"Vesipiibu kolb VG Sphere Pearl"},"content":{"rendered":"<h2>Vesipiibu kolb VG Sphere Pearl<\/h2>\n<p>Klassika austajatele. Kolb on unikaalne, tavap\u00e4rasest suurem kolvi maht. Sobib pikema varrega vesipiipudele.<\/p>\n<p><strong>Omadused:<\/strong><br \/>\nK\u00f5rgus: 28 cm<br \/>\nL\u00e4bim\u00f5\u00f5t: 22 cm<br \/>\nKaal: ~ 280 g<br \/>\nV\u00e4lisl\u00e4bim\u00f5\u00f5t: 69 mm<br \/>\nSisel\u00e4bim\u00f5\u00f5t: 47 mm<br \/>\nToote materjal: klaas<\/p>\n<p>Kas teil on k\u00fcsimusi? v\u00f5ta meiega \u00fchendust\u00a0<a href=\"https:\/\/hookahshop.lt\/et\/kontaktid\/\">kontaktide leht<\/a>\u00a0v\u00f5i saatke meile e-kiri aadressil\u00a0<a href=\"https:\/\/facebook.com\/HookahShop.lt\/\" target=\"_blank\" rel=\"noopener noreferrer\">Facebooki konto<\/a>\u00a0ja vastame teie taotlusele samal p\u00e4eval.<\/p>","protected":false},"excerpt":{"rendered":"<p>Vesipiibu kolb VG Sphere Pearl Klassikaf\u00e4nnidele. Kolb on unikaalne, tavap\u00e4rasest suurem kolvi maht. Sobib pikema varrega vesipiipudele. Omadused: K\u00f5rgus: 28 cm L\u00e4bim\u00f5\u00f5t: 22 cm Kaal: ~ 280 g V\u00e4lisl\u00e4bim\u00f5\u00f5t: 69 mm Sisel\u00e4bim\u00f5\u00f5t: 47 mm Toote materjal: klaas Kas on k\u00fcsimusi? V\u00f5tke meiega \u00fchendust kontaktide lehel v\u00f5i kirjutage meile meie Facebooki kontol ja me vastame teie p\u00e4ringule [\u2026]<\/p>","protected":false},"featured_media":38008,"comment_status":"open","ping_status":"closed","template":"","meta":[],"_links":{"self":[{"href":"https:\/\/hookahshop.lt\/et\/wp-json\/wp\/v2\/product\/38006"}],"collection":[{"href":"https:\/\/hookahshop.lt\/et\/wp-json\/wp\/v2\/product"}],"about":[{"href":"https:\/\/hookahshop.lt\/et\/wp-json\/wp\/v2\/types\/product"}],"replies":[{"embeddable":true,"href":"https:\/\/hookahshop.lt\/et\/wp-json\/wp\/v2\/comments?post=38006"}],"version-history":[{"count":2,"href":"https:\/\/hookahshop.lt\/et\/wp-json\/wp\/v2\/product\/38006\/revisions"}],"predecessor-version":[{"id":38028,"href":"https:\/\/hookahshop.lt\/et\/wp-json\/wp\/v2\/product\/38006\/revisions\/38028"}],"wp:featuredmedia":[{"embeddable":true,"href":"https:\/\/hookahshop.lt\/et\/wp-json\/wp\/v2\/media\/38008"}],"wp:attachment":[{"href":"https:\/\/hookahshop.lt\/et\/wp-json\/wp\/v2\/media?parent=38006"}],"curies":[{"name":"wp","href":"https:\/\/api.w.org\/{rel}","templated":true}]}}