{"id":38015,"date":"2024-01-13T16:50:01","date_gmt":"2024-01-13T14:50:01","guid":{"rendered":"https:\/\/hookahshop.lt\/?post_type=product&#038;p=38015"},"modified":"2026-04-17T23:29:56","modified_gmt":"2026-04-17T20:29:56","slug":"kolba-kaljanui-vg-sphere-black-blue","status":"publish","type":"product","link":"https:\/\/hookahshop.lt\/et\/toode\/kolb-piibu-vg-kera-must-sinine\/","title":{"rendered":"Vesipiibu kolb VG Sphere Must Sinine"},"content":{"rendered":"<h2>Vesipiibu kolb VG Sphere Must Sinine<\/h2>\n<p>Klassika austajatele. Kolb on unikaalne, tavap\u00e4rasest suurem kolvi maht. Sobib pikema varrega vesipiipudele.<\/p>\n<p><strong>Omadused:<\/strong><br \/>\nK\u00f5rgus: 28 cm<br \/>\nL\u00e4bim\u00f5\u00f5t: 22 cm<br \/>\nKaal: ~ 280 g<br \/>\nV\u00e4lisl\u00e4bim\u00f5\u00f5t: 69 mm<br \/>\nSisel\u00e4bim\u00f5\u00f5t: 47 mm<br \/>\nToote materjal: klaas<\/p>\n<p>Kas teil on k\u00fcsimusi? v\u00f5ta meiega \u00fchendust\u00a0<a href=\"https:\/\/hookahshop.lt\/et\/kontaktid\/\">kontaktide leht<\/a>\u00a0v\u00f5i saatke meile e-kiri aadressil\u00a0<a href=\"https:\/\/facebook.com\/HookahShop.lt\/\" target=\"_blank\" rel=\"noopener noreferrer\">Facebooki konto<\/a>\u00a0ja vastame teie taotlusele samal p\u00e4eval.<\/p>","protected":false},"excerpt":{"rendered":"<p>Vesipiibu kolb VG Sphere Must Sinine Klassikaf\u00e4nnidele. Kolb on unikaalne, tavap\u00e4rasest suurem kolvi maht. Sobib pikema varrega vesipiipudele. Omadused: K\u00f5rgus: 28 cm L\u00e4bim\u00f5\u00f5t: 22 cm Kaal: ~ 280 g V\u00e4lisl\u00e4bim\u00f5\u00f5t: 69 mm Sisemine l\u00e4bim\u00f5\u00f5t: 47 mm Toote materjal: klaas Kas on k\u00fcsimusi? V\u00f5tke meiega \u00fchendust kontaktide lehel v\u00f5i kirjutage meile meie Facebooki kontol ja me vastame teie [...]<\/p>","protected":false},"featured_media":38017,"comment_status":"open","ping_status":"closed","template":"","meta":[],"_links":{"self":[{"href":"https:\/\/hookahshop.lt\/et\/wp-json\/wp\/v2\/product\/38015"}],"collection":[{"href":"https:\/\/hookahshop.lt\/et\/wp-json\/wp\/v2\/product"}],"about":[{"href":"https:\/\/hookahshop.lt\/et\/wp-json\/wp\/v2\/types\/product"}],"replies":[{"embeddable":true,"href":"https:\/\/hookahshop.lt\/et\/wp-json\/wp\/v2\/comments?post=38015"}],"version-history":[{"count":3,"href":"https:\/\/hookahshop.lt\/et\/wp-json\/wp\/v2\/product\/38015\/revisions"}],"predecessor-version":[{"id":38030,"href":"https:\/\/hookahshop.lt\/et\/wp-json\/wp\/v2\/product\/38015\/revisions\/38030"}],"wp:featuredmedia":[{"embeddable":true,"href":"https:\/\/hookahshop.lt\/et\/wp-json\/wp\/v2\/media\/38017"}],"wp:attachment":[{"href":"https:\/\/hookahshop.lt\/et\/wp-json\/wp\/v2\/media?parent=38015"}],"curies":[{"name":"wp","href":"https:\/\/api.w.org\/{rel}","templated":true}]}}