{"id":38031,"date":"2024-01-13T18:23:24","date_gmt":"2024-01-13T16:23:24","guid":{"rendered":"https:\/\/hookahshop.lt\/?post_type=product&#038;p=38031"},"modified":"2026-04-17T23:29:56","modified_gmt":"2026-04-17T20:29:56","slug":"taurele-kaljanui-kolos-horeca-mita","status":"publish","type":"product","link":"https:\/\/hookahshop.lt\/et\/toode\/tass-vesipiibu-koola-horeca-mita\/","title":{"rendered":"Vesipiibu tass KOLOS Horeca Mita"},"content":{"rendered":"<h2>Vesipiibu tass KOLOS Horeca Mita<\/h2>\n<p>K\u00f5rgeima kvaliteediga savist valmistatud kauss on vastupidav ja t\u00e4nu tugevale \u00fches t\u00fckis konstruktsioonile pole see mitte ainult \u00fclitugev, vaid v\u00f5imaldab s\u00e4ilitada ka rohkem maitset, mille tulemuseks on intensiivsem vesipiibu seanss v\u00f5rreldes \u00f5hemast kaussidega. materjalid.<\/p>\n<p>Tassit\u00e4is tubakat mahutab 13-15 g.<\/p>\n<p><strong>Spetsifikatsioonid:<\/strong><br \/>\nT\u00fc\u00fcp: T\u00fcrgi<br \/>\nMaterjal: savi<br \/>\nK\u00f5rgus: ~7 cm<br \/>\nV\u00e4lisl\u00e4bim\u00f5\u00f5t: ~6,6 cm<\/p>\n<p>&nbsp;<\/p>\n<p>Kas teil on k\u00fcsimusi? v\u00f5ta meiega \u00fchendust\u00a0<a href=\"https:\/\/hookahshop.lt\/et\/kontaktid\/\">kontaktide leht<\/a>\u00a0v\u00f5i saatke meile e-kiri aadressil\u00a0<a href=\"https:\/\/facebook.com\/HookahShop.lt\/\" target=\"_blank\" rel=\"noopener\">Facebooki konto<\/a>\u00a0ja vastame teie taotlusele samal p\u00e4eval.<\/p>","protected":false},"excerpt":{"rendered":"<p>Vesipiibu tass KOLOS Horeca Mita See tass on valmistatud k\u00f5rgeima kvaliteediga savist, see on vastupidav ja t\u00e4nu tugevale \u00fches t\u00fckis konstruktsioonile ei ole mitte ainult \u00fclitugev, vaid v\u00f5imaldab ka rohkem maitset s\u00e4ilitada, nii et vesipiibu seanss on rohkem intensiivne, v\u00f5rreldes \u00f5hematest materjalidest valmistatud tassidega. Tassit\u00e4is tubakat mahutab 13-15 g. Tehnilised andmed: T\u00fc\u00fcp: T\u00fcrgi Materjal: savi K\u00f5rgus: ~7 cm V\u00e4limine [\u2026]<\/p>","protected":false},"featured_media":38033,"comment_status":"open","ping_status":"closed","template":"","meta":[],"_links":{"self":[{"href":"https:\/\/hookahshop.lt\/et\/wp-json\/wp\/v2\/product\/38031"}],"collection":[{"href":"https:\/\/hookahshop.lt\/et\/wp-json\/wp\/v2\/product"}],"about":[{"href":"https:\/\/hookahshop.lt\/et\/wp-json\/wp\/v2\/types\/product"}],"replies":[{"embeddable":true,"href":"https:\/\/hookahshop.lt\/et\/wp-json\/wp\/v2\/comments?post=38031"}],"version-history":[{"count":2,"href":"https:\/\/hookahshop.lt\/et\/wp-json\/wp\/v2\/product\/38031\/revisions"}],"predecessor-version":[{"id":38089,"href":"https:\/\/hookahshop.lt\/et\/wp-json\/wp\/v2\/product\/38031\/revisions\/38089"}],"wp:featuredmedia":[{"embeddable":true,"href":"https:\/\/hookahshop.lt\/et\/wp-json\/wp\/v2\/media\/38033"}],"wp:attachment":[{"href":"https:\/\/hookahshop.lt\/et\/wp-json\/wp\/v2\/media?parent=38031"}],"curies":[{"name":"wp","href":"https:\/\/api.w.org\/{rel}","templated":true}]}}