{"id":38036,"date":"2024-01-13T18:37:43","date_gmt":"2024-01-13T16:37:43","guid":{"rendered":"https:\/\/hookahshop.lt\/?post_type=product&#038;p=38036"},"modified":"2026-04-22T23:29:59","modified_gmt":"2026-04-22T20:29:59","slug":"vienkartine-zarna-kaljanui-al-mani-black","status":"publish","type":"product","link":"https:\/\/hookahshop.lt\/et\/toode\/uhekordne-voolik-vesipiibu-al-mani-must-jaoks\/","title":{"rendered":"\u00dchekordne voolik vesipiibu jaoks AL MANI Must"},"content":{"rendered":"<h2>\u00dchekordne voolik vesipiibu jaoks AL MANI Must<\/h2>\n<p>See voolik koosneb kolmest osast: \u00fchenduspesast, voolikust ja huulikust, seega on see odav alternatiiv, kui su huulikuga voolik on \u00e4ra kulunud ning sa suitsetad vesipiipu harva ja tavalist voolikut osta ei taha.<\/p>\n<p><strong>Spetsifikatsioonid:<\/strong><br \/>\nPikkus: 150 cm<br \/>\nMaterjal: plastik<br \/>\nV\u00e4rvus must<br \/>\n\u00dchenduse l\u00e4bim\u00f5\u00f5t: 1 cm<\/p>\n<p>&nbsp;<\/p>\n<p>Kas teil on k\u00fcsimusi? v\u00f5ta meiega \u00fchendust\u00a0<a href=\"https:\/\/hookahshop.lt\/et\/kontaktid\/\">kontaktide leht<\/a>\u00a0v\u00f5i saatke meile e-kiri aadressil\u00a0<a href=\"https:\/\/facebook.com\/HookahShop.lt\/\" target=\"_blank\" rel=\"noopener\">Facebooki konto<\/a>\u00a0ja vastame teie taotlusele samal p\u00e4eval.<\/p>\n<p>&nbsp;<\/p>","protected":false},"excerpt":{"rendered":"<p>\u00dchekordne voolik vesipiibu jaoks AL MANI Black See voolik koosneb kolmest osast: konnektorist, voolikust ja huulikust, seega on see odav alternatiiv, kui teie huulikuga voolik on \u00e4ra kulunud ja te suitsetate vesipiipu harva ega soovi osta tavaline voolik. Tehnilised andmed: Pikkus: 150 cm Materjal: plast V\u00e4rv: must Pistiku l\u00e4bim\u00f5\u00f5t: 1 cm Kas teil on k\u00fcsimusi? V\u00f5tke meiega \u00fchendust kontaktide lehel v\u00f5i kirjutage [...]<\/p>","protected":false},"featured_media":38041,"comment_status":"open","ping_status":"closed","template":"","meta":[],"_links":{"self":[{"href":"https:\/\/hookahshop.lt\/et\/wp-json\/wp\/v2\/product\/38036"}],"collection":[{"href":"https:\/\/hookahshop.lt\/et\/wp-json\/wp\/v2\/product"}],"about":[{"href":"https:\/\/hookahshop.lt\/et\/wp-json\/wp\/v2\/types\/product"}],"replies":[{"embeddable":true,"href":"https:\/\/hookahshop.lt\/et\/wp-json\/wp\/v2\/comments?post=38036"}],"version-history":[{"count":2,"href":"https:\/\/hookahshop.lt\/et\/wp-json\/wp\/v2\/product\/38036\/revisions"}],"predecessor-version":[{"id":38090,"href":"https:\/\/hookahshop.lt\/et\/wp-json\/wp\/v2\/product\/38036\/revisions\/38090"}],"wp:featuredmedia":[{"embeddable":true,"href":"https:\/\/hookahshop.lt\/et\/wp-json\/wp\/v2\/media\/38041"}],"wp:attachment":[{"href":"https:\/\/hookahshop.lt\/et\/wp-json\/wp\/v2\/media?parent=38036"}],"curies":[{"name":"wp","href":"https:\/\/api.w.org\/{rel}","templated":true}]}}