{"id":38042,"date":"2024-01-13T19:19:20","date_gmt":"2024-01-13T17:19:20","guid":{"rendered":"https:\/\/hookahshop.lt\/?post_type=product&#038;p=38042"},"modified":"2026-04-06T23:29:34","modified_gmt":"2026-04-06T20:29:34","slug":"taurele-kaljanui-upgrade-form-phunnel","status":"publish","type":"product","link":"https:\/\/hookahshop.lt\/et\/toode\/tass-vesipiip-uuendus-vorm-lehter\/","title":{"rendered":"Tass vesipiibu jaoks UPGRADE Vorm Phunnel"},"content":{"rendered":"<h2>Tass vesipiibu jaoks UPGRADE Vorm Phunnel<\/h2>\n<p>Valmistatud spetsiaalsest savi-majoolika koostisest, mis valiti tubaka optimaalse kuumutamise ja minimaalse p\u00f5lemise saavutamiseks. See tass paistab silma oma tugevuse, vastupidavuse ja k\u00f5rgete temperatuuride vastupidavuse poolest. Lisaks on sellel savil p\u00e4rast p\u00f5letamist valge v\u00e4rv, mis annab neile stiilse ja kauni esteetilise v\u00e4limuse.<\/p>\n<p>Tassit\u00e4is tubakat mahutab 8-10 g.<\/p>\n<p><strong>Spetsifikatsioonid:<\/strong><br \/>\nK\u00f5rgus: 8 cm<br \/>\nL\u00e4bim\u00f5\u00f5t (v\u00e4limine): ~8,5cm<br \/>\nL\u00e4bim\u00f5\u00f5t (sisemine): ~7,1cm<br \/>\nS\u00fcgavus: ~1,7cm<br \/>\nAva l\u00e4bim\u00f5\u00f5t: 1 cm<br \/>\nAukude arv: 1<br \/>\nKaal: ~240g<\/p>\n<p>&nbsp;<\/p>\n<p>Kas teil on k\u00fcsimusi? v\u00f5ta meiega \u00fchendust\u00a0<a href=\"https:\/\/hookahshop.lt\/et\/kontaktid\/\">kontaktide leht<\/a>\u00a0v\u00f5i saatke meile e-kiri aadressil\u00a0<a href=\"https:\/\/facebook.com\/HookahShop.lt\/\" target=\"_blank\" rel=\"noopener\">Facebooki konto<\/a>\u00a0ja vastame teie taotlusele samal p\u00e4eval.<\/p>\n<p>&nbsp;<\/p>","protected":false},"excerpt":{"rendered":"<p>Vesipiibu tass UPGRADE Vorm Phunnel Valmistatud spetsiaalsest savi-majoolika koostisest, mis valiti tubaka optimaalse kuumenemise ja minimaalse p\u00f5lemise saavutamiseks. See tass paistab silma oma tugevuse, vastupidavuse ja k\u00f5rgete temperatuuride vastupidavuse poolest. Lisaks on sellel savil p\u00e4rast p\u00f5letamist valge v\u00e4rv, mis annab neile stiilse ja kauni esteetilise v\u00e4limuse. Tassit\u00e4is tubakat mahutab 8-10 g. Tehnilised andmed: K\u00f5rgus: 8 cm l\u00e4bim\u00f5\u00f5t [\u2026]<\/p>","protected":false},"featured_media":38047,"comment_status":"open","ping_status":"closed","template":"","meta":[],"_links":{"self":[{"href":"https:\/\/hookahshop.lt\/et\/wp-json\/wp\/v2\/product\/38042"}],"collection":[{"href":"https:\/\/hookahshop.lt\/et\/wp-json\/wp\/v2\/product"}],"about":[{"href":"https:\/\/hookahshop.lt\/et\/wp-json\/wp\/v2\/types\/product"}],"replies":[{"embeddable":true,"href":"https:\/\/hookahshop.lt\/et\/wp-json\/wp\/v2\/comments?post=38042"}],"version-history":[{"count":3,"href":"https:\/\/hookahshop.lt\/et\/wp-json\/wp\/v2\/product\/38042\/revisions"}],"predecessor-version":[{"id":38091,"href":"https:\/\/hookahshop.lt\/et\/wp-json\/wp\/v2\/product\/38042\/revisions\/38091"}],"wp:featuredmedia":[{"embeddable":true,"href":"https:\/\/hookahshop.lt\/et\/wp-json\/wp\/v2\/media\/38047"}],"wp:attachment":[{"href":"https:\/\/hookahshop.lt\/et\/wp-json\/wp\/v2\/media?parent=38042"}],"curies":[{"name":"wp","href":"https:\/\/api.w.org\/{rel}","templated":true}]}}