{"id":38048,"date":"2024-01-13T19:39:07","date_gmt":"2024-01-13T17:39:07","guid":{"rendered":"https:\/\/hookahshop.lt\/?post_type=product&#038;p=38048"},"modified":"2026-04-14T23:29:41","modified_gmt":"2026-04-14T20:29:41","slug":"taurele-kaljanui-kong-turkish-space-dracula","status":"publish","type":"product","link":"https:\/\/hookahshop.lt\/et\/toode\/tass-vesipiip-kong-turgi-kosmose-dracula\/","title":{"rendered":"Vesipiibu kauss KONG Turkish Space Dracula"},"content":{"rendered":"<h2>Vesipiibu kauss KONG Turkish Space Dracula<\/h2>\n<p>Muljetavaldava disainiga klassikaline Kongo firma klaas, mis on v\u00f5itnud paljude maitsva vesipiibu armastajate s\u00fcdamed. Tass on suhteliselt paksude seintega, hoiab h\u00e4sti soojust ega vaja erilist hoolt. See lubab pikka suitsetamisprotsessi ja sobib igat t\u00fc\u00fcpi tubaka jaoks. T\u00e4iuslikult kombineeritud kalaud soojuskambriga. Tassi seinad on glasuuritud, nii et tass hoiab soojust kauem.<\/p>\n<p>Segu maht on umbes 15-20 grammi.<\/p>\n<p><strong>Spetsifikatsioonid:<\/strong><br \/>\nK\u00f5rgus: 8,5 cm<br \/>\nL\u00e4bim\u00f5\u00f5t (v\u00e4limine): 7,5 cm<br \/>\nS\u00fcgavus: 16 mm<br \/>\nAukude arv: 6 tk<\/p>\n<p>Kas teil on k\u00fcsimusi? v\u00f5ta meiega \u00fchendust\u00a0<a href=\"https:\/\/hookahshop.lt\/et\/kontaktid\/\">kontaktide leht<\/a>\u00a0v\u00f5i saatke meile e-kiri aadressil\u00a0<a href=\"https:\/\/facebook.com\/HookahShop.lt\/\" target=\"_blank\" rel=\"noopener\">Facebooki konto<\/a>\u00a0ja vastame teie taotlusele samal p\u00e4eval.<\/p>\n<p>&nbsp;<\/p>","protected":false},"excerpt":{"rendered":"<p>Tass vesipiibu jaoks KONG Turkish Space Dracula Klassikaline Kongo firma muljetavaldava disainiga tass, mis v\u00f5itis paljude maitsva vesipiibu armastajate s\u00fcdamed. Tass on suhteliselt paksude seintega, hoiab h\u00e4sti soojust ega vaja erilist hoolt. See lubab pikka suitsetamisprotsessi ja sobib igat t\u00fc\u00fcpi tubaka jaoks. Ideaalselt kombineeritud kalaud soojuskambriga. Tassi seinad on glasuuritud, nii et tass hoiab soojust kauem. Segu maht [\u2026]<\/p>","protected":false},"featured_media":38054,"comment_status":"open","ping_status":"closed","template":"","meta":[],"_links":{"self":[{"href":"https:\/\/hookahshop.lt\/et\/wp-json\/wp\/v2\/product\/38048"}],"collection":[{"href":"https:\/\/hookahshop.lt\/et\/wp-json\/wp\/v2\/product"}],"about":[{"href":"https:\/\/hookahshop.lt\/et\/wp-json\/wp\/v2\/types\/product"}],"replies":[{"embeddable":true,"href":"https:\/\/hookahshop.lt\/et\/wp-json\/wp\/v2\/comments?post=38048"}],"version-history":[{"count":4,"href":"https:\/\/hookahshop.lt\/et\/wp-json\/wp\/v2\/product\/38048\/revisions"}],"predecessor-version":[{"id":43314,"href":"https:\/\/hookahshop.lt\/et\/wp-json\/wp\/v2\/product\/38048\/revisions\/43314"}],"wp:featuredmedia":[{"embeddable":true,"href":"https:\/\/hookahshop.lt\/et\/wp-json\/wp\/v2\/media\/38054"}],"wp:attachment":[{"href":"https:\/\/hookahshop.lt\/et\/wp-json\/wp\/v2\/media?parent=38048"}],"curies":[{"name":"wp","href":"https:\/\/api.w.org\/{rel}","templated":true}]}}