{"id":38055,"date":"2024-01-13T23:25:24","date_gmt":"2024-01-13T21:25:24","guid":{"rendered":"https:\/\/hookahshop.lt\/?post_type=product&#038;p=38055"},"modified":"2026-05-16T23:30:22","modified_gmt":"2026-05-16T20:30:22","slug":"taurele-kaljanui-cosmo-turkish-bolt","status":"publish","type":"product","link":"https:\/\/hookahshop.lt\/et\/toode\/tass-vesipiip-kosmo-turgi-polt\/","title":{"rendered":"Vesipiibu tass COSMO T\u00fcrgi polt"},"content":{"rendered":"<h2>Vesipiibu tass COSMO T\u00fcrgi polt<\/h2>\n<p>Hajutab soojust h\u00e4sti, paljastab suurep\u00e4raselt tubaka maitse. Tass sobib kergeteks, keskmisteks ja tugevateks seanssideks. Universaalne v\u00f5imalus igat t\u00fc\u00fcpi vesipiibu tubaka jaoks. Tassi p\u00f5hi ei kuumene \u00fcle paksu savi t\u00f5ttu, seega on seda p\u00e4rast vesipiibu seanssi ohutu ja mugav eemaldada.<br \/>\nTassi mahub ~ 18-20 g tubakat (olenevalt kasutatavast pakkimisviisist).<\/p>\n<p><strong>Spetsifikatsioonid:<\/strong><br \/>\nT\u00fc\u00fcp: T\u00fcrgi<br \/>\nMaterjal: savi<br \/>\nK\u00f5rgus: ~8,5 cm<br \/>\nL\u00e4bim\u00f5\u00f5t (v\u00e4limine): ~6,8 cm<\/p>\n<p>&nbsp;<\/p>\n<p>Kas teil on k\u00fcsimusi? v\u00f5ta meiega \u00fchendust\u00a0<a href=\"https:\/\/hookahshop.lt\/et\/kontaktid\/\">kontaktide leht<\/a>\u00a0v\u00f5i saatke meile e-kiri aadressil\u00a0<a href=\"https:\/\/facebook.com\/HookahShop.lt\/\" target=\"_blank\" rel=\"noopener\">Facebooki konto<\/a>\u00a0ja vastame teie taotlusele samal p\u00e4eval.<\/p>","protected":false},"excerpt":{"rendered":"<p>Vesipiibutops COSMO Turkish Bolt hajutab h\u00e4sti kuumuse, paljastab suurep\u00e4raselt tubaka maitse. Tass sobib kergeteks, keskmisteks ja tugevateks seanssideks. Universaalne v\u00f5imalus igat t\u00fc\u00fcpi vesipiibu tubaka jaoks. Tassi p\u00f5hi ei kuumene \u00fcle paksu savi t\u00f5ttu, seega on seda p\u00e4rast vesipiibu seanssi ohutu ja mugav eemaldada. Tassi mahub ~ 18-20 g tubakat (olenevalt kasutatavast pakkimisviisist). Tehnilised andmed: T\u00fc\u00fcp: T\u00fcrgi [\u2026]<\/p>","protected":false},"featured_media":38059,"comment_status":"open","ping_status":"closed","template":"","meta":[],"_links":{"self":[{"href":"https:\/\/hookahshop.lt\/et\/wp-json\/wp\/v2\/product\/38055"}],"collection":[{"href":"https:\/\/hookahshop.lt\/et\/wp-json\/wp\/v2\/product"}],"about":[{"href":"https:\/\/hookahshop.lt\/et\/wp-json\/wp\/v2\/types\/product"}],"replies":[{"embeddable":true,"href":"https:\/\/hookahshop.lt\/et\/wp-json\/wp\/v2\/comments?post=38055"}],"version-history":[{"count":5,"href":"https:\/\/hookahshop.lt\/et\/wp-json\/wp\/v2\/product\/38055\/revisions"}],"predecessor-version":[{"id":41419,"href":"https:\/\/hookahshop.lt\/et\/wp-json\/wp\/v2\/product\/38055\/revisions\/41419"}],"wp:featuredmedia":[{"embeddable":true,"href":"https:\/\/hookahshop.lt\/et\/wp-json\/wp\/v2\/media\/38059"}],"wp:attachment":[{"href":"https:\/\/hookahshop.lt\/et\/wp-json\/wp\/v2\/media?parent=38055"}],"curies":[{"name":"wp","href":"https:\/\/api.w.org\/{rel}","templated":true}]}}