{"id":38067,"date":"2024-01-13T23:48:18","date_gmt":"2024-01-13T21:48:18","guid":{"rendered":"https:\/\/hookahshop.lt\/?post_type=product&#038;p=38067"},"modified":"2026-04-17T23:29:56","modified_gmt":"2026-04-17T20:29:56","slug":"taurele-kaljanui-cosmo-dead-mummy","status":"publish","type":"product","link":"https:\/\/hookahshop.lt\/et\/toode\/cup-for-vesipiibu-kosmo-surnud-mummi\/","title":{"rendered":"Vesipiibu tass COSMO Dead Mummy"},"content":{"rendered":"<h2>Vesipiibu tass COSMO Dead Mummy<\/h2>\n<p>Talub k\u00f5rgeid temperatuure ja hoiab \u00e4ra tubaka \u00fclekuumenemise. Tubakas soojeneb topsis \u00fchtlaselt, nii et seanss on intensiivne. Ka savi, millest tass on valmistatud, tagab hea kuumakindluse t\u00f5ttu pika kasutusea.<br \/>\nTassi mahub ~ 18-22 g tubakat (olenevalt kasutatavast pakkimisviisist).<\/p>\n<p><strong>Spetsifikatsioonid:<\/strong><br \/>\nT\u00fc\u00fcp: tapja<br \/>\nMaterjal: savi<br \/>\nK\u00f5rgus: ~10,5 cm<br \/>\nL\u00e4bim\u00f5\u00f5t (v\u00e4limine): ~7,5 cm<br \/>\nL\u00e4bim\u00f5\u00f5t (sisemine): ~5,6 cm<\/p>\n<p>Kas teil on k\u00fcsimusi? v\u00f5ta meiega \u00fchendust\u00a0<a href=\"https:\/\/hookahshop.lt\/et\/kontaktid\/\">kontaktide leht<\/a>\u00a0v\u00f5i saatke meile e-kiri aadressil\u00a0<a href=\"https:\/\/facebook.com\/HookahShop.lt\/\" target=\"_blank\" rel=\"noopener\">Facebooki konto<\/a>\u00a0ja vastame teie taotlusele samal p\u00e4eval.<\/p>","protected":false},"excerpt":{"rendered":"<p>Vesipiibutops COSMO Dead Mummy Talub k\u00f5rgeid temperatuure ja hoiab \u00e4ra tubaka \u00fclekuumenemise. Tubakas soojeneb topsis \u00fchtlaselt, nii et seanss on intensiivne. Ka savi, millest tass on valmistatud, tagab hea kuumakindluse t\u00f5ttu pika kasutusea. Tassi mahub ~ 18-22 g tubakat (olenevalt kasutatavast pakkimisviisist). Tehnilised andmed: T\u00fc\u00fcp: Killer Materjal: Savi K\u00f5rgus: ~10,5 cm L\u00e4bim\u00f5\u00f5t [\u2026]<\/p>","protected":false},"featured_media":38069,"comment_status":"open","ping_status":"closed","template":"","meta":[],"_links":{"self":[{"href":"https:\/\/hookahshop.lt\/et\/wp-json\/wp\/v2\/product\/38067"}],"collection":[{"href":"https:\/\/hookahshop.lt\/et\/wp-json\/wp\/v2\/product"}],"about":[{"href":"https:\/\/hookahshop.lt\/et\/wp-json\/wp\/v2\/types\/product"}],"replies":[{"embeddable":true,"href":"https:\/\/hookahshop.lt\/et\/wp-json\/wp\/v2\/comments?post=38067"}],"version-history":[{"count":3,"href":"https:\/\/hookahshop.lt\/et\/wp-json\/wp\/v2\/product\/38067\/revisions"}],"predecessor-version":[{"id":38095,"href":"https:\/\/hookahshop.lt\/et\/wp-json\/wp\/v2\/product\/38067\/revisions\/38095"}],"wp:featuredmedia":[{"embeddable":true,"href":"https:\/\/hookahshop.lt\/et\/wp-json\/wp\/v2\/media\/38069"}],"wp:attachment":[{"href":"https:\/\/hookahshop.lt\/et\/wp-json\/wp\/v2\/media?parent=38067"}],"curies":[{"name":"wp","href":"https:\/\/api.w.org\/{rel}","templated":true}]}}