{"id":38072,"date":"2024-01-14T00:25:56","date_gmt":"2024-01-13T22:25:56","guid":{"rendered":"https:\/\/hookahshop.lt\/?post_type=product&#038;p=38072"},"modified":"2026-04-14T23:29:41","modified_gmt":"2026-04-14T20:29:41","slug":"karscio-kamera-na-grani-al","status":"publish","type":"product","link":"https:\/\/hookahshop.lt\/et\/toode\/soojus-kaamera-na-grani-al\/","title":{"rendered":"Soojuskamber NA GRANI AL"},"content":{"rendered":"<h2>Soojuskamber NA GRANI AL<\/h2>\n<p>Kasutatakse tassil fooliumi asemel ja muudab kuumuse kontrolli lihtsamaks. NA GRANI soojuskamber on kergema intensiivsuse saavutamiseks valmistatud alumiiniumist. Selle soojuskambri ainulaadsus teistest alumiiniumist soojuskambritest seisneb selles, et see on valmistatud tugevast materjalist.<\/p>\n<p><strong>Spetsifikatsioonid:<\/strong><br \/>\nV\u00e4lisl\u00e4bim\u00f5\u00f5t: 74 mm<br \/>\nSisemine l\u00e4bim\u00f5\u00f5t: 54 mm<br \/>\nS\u00fcgavus: 23,4 mm<br \/>\nKaal: 66g<br \/>\nMaterjal: alumiinium (tahke)<\/p>\n<p><strong>Eelised:<\/strong><br \/>\nStiilne ja kvaliteetne;<br \/>\nVastupidav ja usaldusv\u00e4\u00e4rne;<br \/>\nPakub mugavat vesipiibu suitsetamist;<br \/>\nPakitud kaubam\u00e4rgiga puidust karpi.<\/p>\n<p>&nbsp;<\/p>\n<p>Kas teil on k\u00fcsimusi? v\u00f5ta meiega \u00fchendust\u00a0<a href=\"https:\/\/hookahshop.lt\/et\/kontaktid\/\">kontaktide leht<\/a>\u00a0v\u00f5i saatke meile e-kiri aadressil\u00a0<a href=\"https:\/\/facebook.com\/HookahShop.lt\/\" target=\"_blank\" rel=\"noopener\">Facebooki konto<\/a>\u00a0ja vastame teie taotlusele samal p\u00e4eval.<\/p>\n<p>&nbsp;<\/p>\n<p>&nbsp;<\/p>","protected":false},"excerpt":{"rendered":"<p>Soojuskamber NA GRANI AL Kasutatakse tassil fooliumi asemel ja h\u00f5lbustab kuumuse reguleerimist. NA GRANI soojuskamber on kergema intensiivsuse saavutamiseks valmistatud alumiiniumist. Selle soojuskambri ainulaadsus teistest alumiiniumist soojuskambritest seisneb selles, et see on valmistatud tugevast materjalist. Tehnilised andmed: V\u00e4lisl\u00e4bim\u00f5\u00f5t: 74mm Sisemine l\u00e4bim\u00f5\u00f5t: 54mm S\u00fcgavus: 23,4mm Kaal: 66g Materjal: alumiinium (tahke) Eelised: Stiilne [\u2026]<\/p>","protected":false},"featured_media":38073,"comment_status":"open","ping_status":"closed","template":"","meta":[],"_links":{"self":[{"href":"https:\/\/hookahshop.lt\/et\/wp-json\/wp\/v2\/product\/38072"}],"collection":[{"href":"https:\/\/hookahshop.lt\/et\/wp-json\/wp\/v2\/product"}],"about":[{"href":"https:\/\/hookahshop.lt\/et\/wp-json\/wp\/v2\/types\/product"}],"replies":[{"embeddable":true,"href":"https:\/\/hookahshop.lt\/et\/wp-json\/wp\/v2\/comments?post=38072"}],"version-history":[{"count":2,"href":"https:\/\/hookahshop.lt\/et\/wp-json\/wp\/v2\/product\/38072\/revisions"}],"predecessor-version":[{"id":38076,"href":"https:\/\/hookahshop.lt\/et\/wp-json\/wp\/v2\/product\/38072\/revisions\/38076"}],"wp:featuredmedia":[{"embeddable":true,"href":"https:\/\/hookahshop.lt\/et\/wp-json\/wp\/v2\/media\/38073"}],"wp:attachment":[{"href":"https:\/\/hookahshop.lt\/et\/wp-json\/wp\/v2\/media?parent=38072"}],"curies":[{"name":"wp","href":"https:\/\/api.w.org\/{rel}","templated":true}]}}