{"id":38081,"date":"2024-01-14T01:29:56","date_gmt":"2024-01-13T23:29:56","guid":{"rendered":"https:\/\/hookahshop.lt\/?post_type=product&#038;p=38081"},"modified":"2026-04-17T23:29:56","modified_gmt":"2026-04-17T20:29:56","slug":"kaljanas-na-grani-model-2","status":"publish","type":"product","link":"https:\/\/hookahshop.lt\/et\/toode\/vesipiibu-na-grani-mudel-2\/","title":{"rendered":"Vesipiip NA GRANI mudel 2"},"content":{"rendered":"<h2>Vesipiip NA GRANI mudel 2<\/h2>\n<p>Kvaliteetne ja minimalistliku disainiga vesipiip t\u00f5mbab t\u00e4helepanu. Neile, kellele meeldivad kompaktsed vesipiibud v\u00f5i kes soovivad v\u00e4ikest vesipiipu loodusesse kaasa v\u00f5tta, sobib see mudel suurep\u00e4raselt, kuna on eriline selle poolest, et selle varrekonstruktsioon koosneb mitmest osast, mis v\u00f5imaldab muuta mitte ainult varre k\u00f5rgust , aga ka varre k\u00f5rgust, nii et kui ostad v\u00e4iksema kolbi, saad v\u00e4iksema m\u00f5\u00f5tu vesipiibu. See vesipiip on valmistatud 100% roostevabast terasest AISI - 304, mis garanteerib vesipiibu vastupidavuse ja t\u00f6\u00f6kindluse, h\u00f5lbustab hooldust, ladustamist ja transportimist. Vesipiip sobib nii kerge suitsu austajatele, kuna sellel on difuusor, kui ka raskematele, sest difuusorit on v\u00f5imalik lahti keerata. See vesipiip sobib ka uustulnukatele vesipiibut\u00f6\u00f6stuses, kuna vesipiibu \u0161ahtis on m\u00e4rgitud veetase, et kolbi lisataks \u00f5ige kogus vett.<br \/>\nT\u00e4ielikult demonteeritav disain koos maksimaalse v\u00f5lli koostu varieeruvusega (4 pikkuse ja v\u00e4limuse valikut).<\/p>\n<p><strong>Spetsifikatsioon:<\/strong><br \/>\nVeoj\u00f5ud: klassikaline ja difuusor (keeratav hajuti)<br \/>\nV\u00f5ll (vars): roostevaba teras mitmes osas<br \/>\nVesipiibu suitsu eemaldamine: vertikaalselt \u00fclespoole.<\/p>\n<p><strong>Omadused:<\/strong><br \/>\n- Vesipiibu varre k\u00f5rgus: 32 cm<br \/>\n-Piibu k\u00f5rgus koos kolbiga ~50cm<br \/>\n- Varre k\u00f5rgus: 21,5 cm<br \/>\n- Huuliku pikkus: 27 cm<br \/>\n- Kaal: 3,6 kg<\/p>\n<p><strong>Varustus:<\/strong><br \/>\n-V\u00f5ll (alates 4 osast) Saab kasutada universaal- ja minikolbiga.<br \/>\n- Plaat (kiire eemaldamine)<br \/>\n-Hajuti (p\u00f6\u00f6rleb, ei reguleeri)<br \/>\n- Melassi-siirupi l\u00f5ks (integreeritud taldrikusse)<br \/>\n- Must silikoonvoolik (pehme puudutusega)<br \/>\n- Huulik (mitmest osast)<br \/>\n- Vahet\u00fckid (tasside, kolbide jaoks)<br \/>\n- Puidust kast.<\/p>\n<p><strong>Kolb ei kuulu komplekti.<\/strong><\/p>\n<p><img decoding=\"async\" loading=\"lazy\" class=\"alignnone size-medium wp-image-38521\" src=\"https:\/\/hookahshop.lt\/wp-content\/uploads\/2020\/09\/stiebas-zarna-kandiklis-1-300x273.jpg\" alt=\"- hookahshop.lt\" width=\"300\" height=\"273\" srcset=\"https:\/\/hookahshop.lt\/wp-content\/uploads\/2020\/09\/stiebas-zarna-kandiklis-1-300x273.jpg 300w, https:\/\/hookahshop.lt\/wp-content\/uploads\/2020\/09\/stiebas-zarna-kandiklis-1-13x12.jpg 13w, https:\/\/hookahshop.lt\/wp-content\/uploads\/2020\/09\/stiebas-zarna-kandiklis-1-64x58.jpg 64w, https:\/\/hookahshop.lt\/wp-content\/uploads\/2020\/09\/stiebas-zarna-kandiklis-1.jpg 420w\" sizes=\"(max-width: 300px) 100vw, 300px\" title=\"\"><\/p>\n<p>&nbsp;<\/p>\n<p>Kas teil on k\u00fcsimusi? v\u00f5ta meiega \u00fchendust\u00a0<a href=\"https:\/\/hookahshop.lt\/et\/kontaktid\/\">kontaktide leht<\/a>\u00a0v\u00f5i saatke meile e-kiri aadressil\u00a0<a href=\"https:\/\/facebook.com\/HookahShop.lt\/\" target=\"_blank\" rel=\"noopener\">Facebooki konto<\/a>\u00a0ja vastame teie taotlusele samal p\u00e4eval.<\/p>","protected":false},"excerpt":{"rendered":"<p>Vesipiip NA GRANI Model 2 Kvaliteetse ja minimalistliku disainiga vesipiip k\u00f6idab t\u00e4helepanu. Neile, kellele meeldivad kompaktsed vesipiibud v\u00f5i kes soovivad v\u00e4ikese vesipiibu \u00f5ue kaasa v\u00f5tta, sobib see mudel suurep\u00e4raselt, kuna on eriline selle poolest, et selle varrekonstruktsioon koosneb mitmest osast, mis v\u00f5imaldab muuta mitte ainult veepiibu k\u00f5rgust. vars, aga ka v\u00f5lli k\u00f5rgus, nii et kui ostate v\u00e4iksema kolvi, on teil [\u2026]<\/p>","protected":false},"featured_media":38082,"comment_status":"open","ping_status":"closed","template":"","meta":[],"_links":{"self":[{"href":"https:\/\/hookahshop.lt\/et\/wp-json\/wp\/v2\/product\/38081"}],"collection":[{"href":"https:\/\/hookahshop.lt\/et\/wp-json\/wp\/v2\/product"}],"about":[{"href":"https:\/\/hookahshop.lt\/et\/wp-json\/wp\/v2\/types\/product"}],"replies":[{"embeddable":true,"href":"https:\/\/hookahshop.lt\/et\/wp-json\/wp\/v2\/comments?post=38081"}],"version-history":[{"count":3,"href":"https:\/\/hookahshop.lt\/et\/wp-json\/wp\/v2\/product\/38081\/revisions"}],"predecessor-version":[{"id":41767,"href":"https:\/\/hookahshop.lt\/et\/wp-json\/wp\/v2\/product\/38081\/revisions\/41767"}],"wp:featuredmedia":[{"embeddable":true,"href":"https:\/\/hookahshop.lt\/et\/wp-json\/wp\/v2\/media\/38082"}],"wp:attachment":[{"href":"https:\/\/hookahshop.lt\/et\/wp-json\/wp\/v2\/media?parent=38081"}],"curies":[{"name":"wp","href":"https:\/\/api.w.org\/{rel}","templated":true}]}}