{"id":38110,"date":"2024-01-15T18:03:51","date_gmt":"2024-01-15T16:03:51","guid":{"rendered":"https:\/\/hookahshop.lt\/?post_type=product&#038;p=38110"},"modified":"2026-04-06T23:29:35","modified_gmt":"2026-04-06T20:29:35","slug":"tarpine-kaljano-kolbai-a1-black","status":"publish","type":"product","link":"https:\/\/hookahshop.lt\/et\/toode\/vahe-vesipiibu-kolb-a1-must\/","title":{"rendered":"Vesipiibu kolvi tihend A1 Must"},"content":{"rendered":"<h2>Vesipiibu kolvi tihend A1 Must<\/h2>\n<p>Ideaalne suurus, mis sobib enamiku vesipiipudega. Need ei libise ega kuku katte t\u00f5ttu maha. Kvaliteetne silikoon ja tootmine m\u00f5jutavad nende tihendite vastupidavust. Neid toodetakse klassikalises mustas v\u00e4rvitoonis, mis eemaldab kollasuse.<\/p>\n<p><strong>Spetsifikatsioonid:<\/strong><br \/>\nTihendi l\u00e4bim\u00f5\u00f5t: 76 mm<br \/>\nV\u00e4lisl\u00e4bim\u00f5\u00f5t: 55 mm<br \/>\nSisel\u00e4bim\u00f5\u00f5t: 45 mm<br \/>\nNiidid: 3 tk.<\/p>\n<p>Kas teil on k\u00fcsimusi? v\u00f5ta meiega \u00fchendust\u00a0<a href=\"https:\/\/hookahshop.lt\/et\/kontaktid\/\">kontaktide leht<\/a>\u00a0v\u00f5i saatke meile e-kiri aadressil\u00a0<a href=\"https:\/\/facebook.com\/HookahShop.lt\/\" target=\"_blank\" rel=\"noopener noreferrer\">Facebooki konto<\/a>\u00a0ja vastame teie taotlusele samal p\u00e4eval.<\/p>","protected":false},"excerpt":{"rendered":"<p>Shisha Flask Spacer A1 Black Ideaalne suurus, mis sobib enamiku vesipiipudega. Katte t\u00f5ttu ei libise ega kuku maha. Kvaliteetne silikoon ja tootmine aitavad kaasa nende tihendite pikaealisusele. Neid toodetakse klassikalises mustas v\u00e4rvitoonis, mis v\u00e4listab kollasuse. Tehnilised andmed: Tihendi l\u00e4bim\u00f5\u00f5t: 76mm V\u00e4lisl\u00e4bim\u00f5\u00f5t: 55mm Sisemine l\u00e4bim\u00f5\u00f5t: 45mm Keermed: 3 tk. Kas teil on k\u00fcsimusi? V\u00f5tke meiega \u00fchendust kontaktide lehel v\u00f5i kirjutage [...]<\/p>","protected":false},"featured_media":38116,"comment_status":"open","ping_status":"closed","template":"","meta":[],"_links":{"self":[{"href":"https:\/\/hookahshop.lt\/et\/wp-json\/wp\/v2\/product\/38110"}],"collection":[{"href":"https:\/\/hookahshop.lt\/et\/wp-json\/wp\/v2\/product"}],"about":[{"href":"https:\/\/hookahshop.lt\/et\/wp-json\/wp\/v2\/types\/product"}],"replies":[{"embeddable":true,"href":"https:\/\/hookahshop.lt\/et\/wp-json\/wp\/v2\/comments?post=38110"}],"version-history":[{"count":3,"href":"https:\/\/hookahshop.lt\/et\/wp-json\/wp\/v2\/product\/38110\/revisions"}],"predecessor-version":[{"id":38115,"href":"https:\/\/hookahshop.lt\/et\/wp-json\/wp\/v2\/product\/38110\/revisions\/38115"}],"wp:featuredmedia":[{"embeddable":true,"href":"https:\/\/hookahshop.lt\/et\/wp-json\/wp\/v2\/media\/38116"}],"wp:attachment":[{"href":"https:\/\/hookahshop.lt\/et\/wp-json\/wp\/v2\/media?parent=38110"}],"curies":[{"name":"wp","href":"https:\/\/api.w.org\/{rel}","templated":true}]}}