{"id":38129,"date":"2024-01-15T19:01:58","date_gmt":"2024-01-15T17:01:58","guid":{"rendered":"https:\/\/hookahshop.lt\/?post_type=product&#038;p=38129"},"modified":"2026-04-06T23:29:35","modified_gmt":"2026-04-06T20:29:35","slug":"tarpine-kaljano-kolbai-a3-white","status":"publish","type":"product","link":"https:\/\/hookahshop.lt\/et\/toode\/vahe-vesipiibu-kolb-a3-valge\/","title":{"rendered":"Vesipiibu kolvi tihend A3 Valge"},"content":{"rendered":"<h2>Vesipiibu kolvi tihend A3 Valge<\/h2>\n<p>Ideaalne suurus, mis sobib enamiku vesipiipudega. Need ei libise ega kuku katte t\u00f5ttu maha. Kvaliteetne silikoon ja tootmine m\u00f5jutavad nende tihendite vastupidavust.<\/p>\n<p><strong>Spetsifikatsioonid:<\/strong><br \/>\nTihendi l\u00e4bim\u00f5\u00f5t: 77 mm<br \/>\nV\u00e4lisl\u00e4bim\u00f5\u00f5t: 55 mm<br \/>\nSisel\u00e4bim\u00f5\u00f5t: 60m<br \/>\nKeerme k\u00f5rgus: 30 mm<br \/>\nNiidid: 4 tk.<\/p>\n<p>Kas teil on k\u00fcsimusi? v\u00f5ta meiega \u00fchendust\u00a0<a href=\"https:\/\/hookahshop.lt\/et\/kontaktid\/\">kontaktide leht<\/a>\u00a0v\u00f5i saatke meile e-kiri aadressil\u00a0<a href=\"https:\/\/facebook.com\/HookahShop.lt\/\" target=\"_blank\" rel=\"noopener noreferrer\">Facebooki konto<\/a>\u00a0ja vastame teie taotlusele samal p\u00e4eval.<\/p>\n<p>&nbsp;<\/p>","protected":false},"excerpt":{"rendered":"<p>Shisha Flask Spacer A3 White Ideaalne suurus, mis sobib enamiku vesipiipudega. Katte t\u00f5ttu ei libise ega kuku maha. Kvaliteetne silikoon ja tootmine aitavad kaasa nende tihendite pikaealisusele. Tehnilised andmed: Tihendi l\u00e4bim\u00f5\u00f5t: 77mm V\u00e4lisl\u00e4bim\u00f5\u00f5t: 55mm Sisemine l\u00e4bim\u00f5\u00f5t: 60m Keerme k\u00f5rgus: 30mm Keermed: 4 tk. Kas teil on k\u00fcsimusi? V\u00f5tke meiega \u00fchendust kontaktide lehel v\u00f5i kirjutage meile meie Facebooki kontol ja me vastame teie [\u2026]<\/p>","protected":false},"featured_media":38130,"comment_status":"open","ping_status":"closed","template":"","meta":[],"_links":{"self":[{"href":"https:\/\/hookahshop.lt\/et\/wp-json\/wp\/v2\/product\/38129"}],"collection":[{"href":"https:\/\/hookahshop.lt\/et\/wp-json\/wp\/v2\/product"}],"about":[{"href":"https:\/\/hookahshop.lt\/et\/wp-json\/wp\/v2\/types\/product"}],"replies":[{"embeddable":true,"href":"https:\/\/hookahshop.lt\/et\/wp-json\/wp\/v2\/comments?post=38129"}],"version-history":[{"count":2,"href":"https:\/\/hookahshop.lt\/et\/wp-json\/wp\/v2\/product\/38129\/revisions"}],"predecessor-version":[{"id":38132,"href":"https:\/\/hookahshop.lt\/et\/wp-json\/wp\/v2\/product\/38129\/revisions\/38132"}],"wp:featuredmedia":[{"embeddable":true,"href":"https:\/\/hookahshop.lt\/et\/wp-json\/wp\/v2\/media\/38130"}],"wp:attachment":[{"href":"https:\/\/hookahshop.lt\/et\/wp-json\/wp\/v2\/media?parent=38129"}],"curies":[{"name":"wp","href":"https:\/\/api.w.org\/{rel}","templated":true}]}}