{"id":38189,"date":"2024-01-27T17:45:53","date_gmt":"2024-01-27T15:45:53","guid":{"rendered":"https:\/\/hookahshop.lt\/?post_type=product&#038;p=38189"},"modified":"2026-04-18T23:29:27","modified_gmt":"2026-04-18T20:29:27","slug":"kandiklis-kaljanui-el-badia-silver","status":"publish","type":"product","link":"https:\/\/hookahshop.lt\/et\/toode\/vesipiibu-el-badia-hobedane-huulik\/","title":{"rendered":"Vesipiibu huulik EL BADIA Silver"},"content":{"rendered":"<h2>Vesipiibu huulik EL BADIA Silver<\/h2>\n<p>See EL BADIA huulik on valmistatud alumiiniumist ja koosneb kahest osast: huulikust ja konnektorist. Sobib peaaegu k\u00f5ikidele silikoonvoolikutele ja erinevat t\u00fc\u00fcpi \u00fchekordsetele huulikutele.<\/p>\n<p><strong>Spetsifikatsioon:<\/strong><br \/>\nV\u00e4rv: h\u00f5bedane<br \/>\nMaterjal: Alumiinium<br \/>\nPikkus: 38 cm<\/p>\n<p>&nbsp;<\/p>\n<p>Kas teil on k\u00fcsimusi? v\u00f5ta meiega \u00fchendust\u00a0<a href=\"https:\/\/hookahshop.lt\/et\/kontaktid\/\">kontaktide leht<\/a>\u00a0v\u00f5i saatke meile e-kiri aadressil\u00a0<a href=\"https:\/\/facebook.com\/HookahShop.lt\/\" target=\"_blank\" rel=\"noopener\">Facebooki konto<\/a>\u00a0ja vastame teie taotlusele samal p\u00e4eval.<\/p>","protected":false},"excerpt":{"rendered":"<p>Vesipiibu huulik EL BADIA Silver See huulik EL BADIA on valmistatud alumiiniumist ja koosneb kahest osast: huulikust ja konnektorist. Sobib peaaegu k\u00f5ikidele silikoonvoolikutele ja erinevat t\u00fc\u00fcpi \u00fchekordsetele huulikutele. Spetsifikatsioon: V\u00e4rv: h\u00f5bedane Materjal: alumiinium Pikkus: 38 cm Kas teil on k\u00fcsimusi? V\u00f5tke meiega \u00fchendust kontaktide lehel v\u00f5i kirjutage meile meie Facebooki kontol ja me vastame teie p\u00e4ringule [\u2026]<\/p>","protected":false},"featured_media":38190,"comment_status":"open","ping_status":"closed","template":"","meta":[],"_links":{"self":[{"href":"https:\/\/hookahshop.lt\/et\/wp-json\/wp\/v2\/product\/38189"}],"collection":[{"href":"https:\/\/hookahshop.lt\/et\/wp-json\/wp\/v2\/product"}],"about":[{"href":"https:\/\/hookahshop.lt\/et\/wp-json\/wp\/v2\/types\/product"}],"replies":[{"embeddable":true,"href":"https:\/\/hookahshop.lt\/et\/wp-json\/wp\/v2\/comments?post=38189"}],"version-history":[{"count":2,"href":"https:\/\/hookahshop.lt\/et\/wp-json\/wp\/v2\/product\/38189\/revisions"}],"predecessor-version":[{"id":38264,"href":"https:\/\/hookahshop.lt\/et\/wp-json\/wp\/v2\/product\/38189\/revisions\/38264"}],"wp:featuredmedia":[{"embeddable":true,"href":"https:\/\/hookahshop.lt\/et\/wp-json\/wp\/v2\/media\/38190"}],"wp:attachment":[{"href":"https:\/\/hookahshop.lt\/et\/wp-json\/wp\/v2\/media?parent=38189"}],"curies":[{"name":"wp","href":"https:\/\/api.w.org\/{rel}","templated":true}]}}