{"id":38193,"date":"2024-01-27T17:50:39","date_gmt":"2024-01-27T15:50:39","guid":{"rendered":"https:\/\/hookahshop.lt\/?post_type=product&#038;p=38193"},"modified":"2026-04-20T23:29:37","modified_gmt":"2026-04-20T20:29:37","slug":"kandiklis-kaljanui-el-badia-gold","status":"publish","type":"product","link":"https:\/\/hookahshop.lt\/et\/toode\/huulik-piibu-el-badia-kuld\/","title":{"rendered":"Vesipiibu huulik EL BADIA Gold"},"content":{"rendered":"<h2>Vesipiibu huulik EL BADIA Gold<\/h2>\n<p>See EL BADIA huulik on valmistatud alumiiniumist ja koosneb kahest osast: huulikust ja konnektorist. Sobib peaaegu k\u00f5ikidele silikoonvoolikutele ja erinevat t\u00fc\u00fcpi \u00fchekordsetele huulikutele.<\/p>\n<p><strong>Spetsifikatsioon:<\/strong><br \/>\nV\u00e4rv: Kuldne<br \/>\nMaterjal: Alumiinium<br \/>\nPikkus: 40 cm<br \/>\nKas teil on k\u00fcsimusi? v\u00f5ta meiega \u00fchendust\u00a0<a href=\"https:\/\/hookahshop.lt\/et\/kontaktid\/\">kontaktide leht<\/a>\u00a0v\u00f5i saatke meile e-kiri aadressil\u00a0<a href=\"https:\/\/facebook.com\/HookahShop.lt\/\" target=\"_blank\" rel=\"noopener\">Facebooki konto<\/a>\u00a0ja vastame teie taotlusele samal p\u00e4eval.<\/p>\n<p>&nbsp;<\/p>\n<p>&nbsp;<\/p>\n<p>&nbsp;<\/p>","protected":false},"excerpt":{"rendered":"<p>Vesipiibu huulik EL BADIA Gold See huulik EL BADIA on valmistatud alumiiniumist ja koosneb kahest osast: huulikust ja konnektorist. Sobib peaaegu k\u00f5ikidele silikoonvoolikutele ja erinevat t\u00fc\u00fcpi \u00fchekordsetele huulikutele. Spetsifikatsioon: V\u00e4rv: Kuld Materjal: Alumiinium Pikkus: 40 cm Kas teil on k\u00fcsimusi? V\u00f5tke meiega \u00fchendust kontaktide lehel v\u00f5i kirjutage meile meie Facebooki kontol ja vastame teie p\u00e4ringule [...]<\/p>","protected":false},"featured_media":38195,"comment_status":"open","ping_status":"closed","template":"","meta":[],"_links":{"self":[{"href":"https:\/\/hookahshop.lt\/et\/wp-json\/wp\/v2\/product\/38193"}],"collection":[{"href":"https:\/\/hookahshop.lt\/et\/wp-json\/wp\/v2\/product"}],"about":[{"href":"https:\/\/hookahshop.lt\/et\/wp-json\/wp\/v2\/types\/product"}],"replies":[{"embeddable":true,"href":"https:\/\/hookahshop.lt\/et\/wp-json\/wp\/v2\/comments?post=38193"}],"version-history":[{"count":4,"href":"https:\/\/hookahshop.lt\/et\/wp-json\/wp\/v2\/product\/38193\/revisions"}],"predecessor-version":[{"id":44620,"href":"https:\/\/hookahshop.lt\/et\/wp-json\/wp\/v2\/product\/38193\/revisions\/44620"}],"wp:featuredmedia":[{"embeddable":true,"href":"https:\/\/hookahshop.lt\/et\/wp-json\/wp\/v2\/media\/38195"}],"wp:attachment":[{"href":"https:\/\/hookahshop.lt\/et\/wp-json\/wp\/v2\/media?parent=38193"}],"curies":[{"name":"wp","href":"https:\/\/api.w.org\/{rel}","templated":true}]}}