{"id":38220,"date":"2024-01-27T19:04:52","date_gmt":"2024-01-27T17:04:52","guid":{"rendered":"https:\/\/hookahshop.lt\/?post_type=product&#038;p=38220"},"modified":"2026-04-15T23:29:35","modified_gmt":"2026-04-15T20:29:35","slug":"kandiklis-kaljanui-starbuzz-silver-su-zarna","status":"publish","type":"product","link":"https:\/\/hookahshop.lt\/et\/toode\/vesipiibu-huulik-starbuzz-hobe-soolega\/","title":{"rendered":"Vesipiibu huulik STARBUZZ Silver voolikuga"},"content":{"rendered":"<h2>Vesipiibu huulik STARBUZZ Silver voolikuga<\/h2>\n<p>Ameerika kaubam\u00e4rgi STARBUZZ komplektis on silikoonvoolik koos kompaktse anodeeritud alumiiniumist huulikuga. Huulik on nikerdatud ja kaetud pehme kummiga mugavamaks hoidmiseks. See voolikuga huulik tagab meeldiva suitsutunde ja sujuva suitsetamisprotsessi.<\/p>\n<p><strong>Spetsifikatsioonid:<\/strong><br \/>\nV\u00e4rv: h\u00f5bedane<br \/>\nMaterjal: Alumiinium<br \/>\nPikkus: 22 cm<br \/>\nVooliku v\u00e4rv: must (pehme puudutusega)<br \/>\nVooliku pikkus: 150 cm<\/p>\n<p><strong>Varustus:<\/strong><br \/>\nKarp, huulik, voolik.<\/p>\n<p>&nbsp;<\/p>\n<p>Kas teil on k\u00fcsimusi? v\u00f5ta meiega \u00fchendust\u00a0<a href=\"https:\/\/hookahshop.lt\/et\/kontaktid\/\">kontaktide leht<\/a>\u00a0v\u00f5i saatke meile e-kiri aadressil\u00a0<a href=\"https:\/\/facebook.com\/HookahShop.lt\/\" target=\"_blank\" rel=\"noopener\">Facebooki konto<\/a>\u00a0ja vastame teie taotlusele samal p\u00e4eval.<\/p>","protected":false},"excerpt":{"rendered":"<p>Vesipiibu huulik STARBUZZ H\u00f5bedane voolikuga Ameerika kaubam\u00e4rgi STARBUZZ komplekti kuulub silikoonvoolik koos kompaktse anodeeritud alumiiniumist huulikuga. Huulik on nikerdatud ja kaetud pehme kummiga mugavamaks hoidmiseks. See voolikuga huulik tagab meeldiva suitsutunde ja sujuva suitsetamisprotsessi. Tehnilised andmed: V\u00e4rv: h\u00f5bedane Materjal: alumiinium Pikkus: 22 cm Vooliku v\u00e4rv: must (pehme puudutusega) Vooliku pikkus: [\u2026]<\/p>","protected":false},"featured_media":38221,"comment_status":"open","ping_status":"closed","template":"","meta":[],"_links":{"self":[{"href":"https:\/\/hookahshop.lt\/et\/wp-json\/wp\/v2\/product\/38220"}],"collection":[{"href":"https:\/\/hookahshop.lt\/et\/wp-json\/wp\/v2\/product"}],"about":[{"href":"https:\/\/hookahshop.lt\/et\/wp-json\/wp\/v2\/types\/product"}],"replies":[{"embeddable":true,"href":"https:\/\/hookahshop.lt\/et\/wp-json\/wp\/v2\/comments?post=38220"}],"version-history":[{"count":3,"href":"https:\/\/hookahshop.lt\/et\/wp-json\/wp\/v2\/product\/38220\/revisions"}],"predecessor-version":[{"id":38258,"href":"https:\/\/hookahshop.lt\/et\/wp-json\/wp\/v2\/product\/38220\/revisions\/38258"}],"wp:featuredmedia":[{"embeddable":true,"href":"https:\/\/hookahshop.lt\/et\/wp-json\/wp\/v2\/media\/38221"}],"wp:attachment":[{"href":"https:\/\/hookahshop.lt\/et\/wp-json\/wp\/v2\/media?parent=38220"}],"curies":[{"name":"wp","href":"https:\/\/api.w.org\/{rel}","templated":true}]}}