{"id":38225,"date":"2024-01-27T19:17:31","date_gmt":"2024-01-27T17:17:31","guid":{"rendered":"https:\/\/hookahshop.lt\/?post_type=product&#038;p=38225"},"modified":"2026-04-06T23:29:35","modified_gmt":"2026-04-06T20:29:35","slug":"zarna-silikonine-el-badia-black","status":"publish","type":"product","link":"https:\/\/hookahshop.lt\/et\/toode\/voolik-silikoon-el-badia-must\/","title":{"rendered":"Silikoonvoolik EL BADIA Must"},"content":{"rendered":"<h2>Silikoonvoolik EL BADIA Must<\/h2>\n<p>Valmistatud antistaatilise kattega meditsiinilisest silikoonist. See on tervisele ohutu, kuumutamisel ei eralda kahjulikke lisandeid ja sellel pole k\u00f5rvalisi l\u00f5hnu. &quot;Soft touch&quot;-ga kaetud silikoonvoolik on katsudes meeldiv, ei kogu tolmu, j\u00e4\u00e4b painduvaks.<\/p>\n<p><strong>Spetsifikatsioonid:<\/strong><br \/>\nV\u00e4rvus must<br \/>\nPikkus: 1,50m<br \/>\nMaterjal: Silikoon Soft Touch<\/p>\n<p>&nbsp;<\/p>\n<p>Kas teil on k\u00fcsimusi? v\u00f5ta meiega \u00fchendust\u00a0<a href=\"https:\/\/hookahshop.lt\/et\/kontaktid\/\">kontaktide leht<\/a>\u00a0v\u00f5i saatke meile e-kiri aadressil\u00a0<a href=\"https:\/\/facebook.com\/HookahShop.lt\/\" target=\"_blank\" rel=\"noopener\">Facebooki konto<\/a>\u00a0ja vastame teie taotlusele samal p\u00e4eval.<\/p>","protected":false},"excerpt":{"rendered":"<p>Silikoonvoolik EL BADIA Must Valmistatud antistaatilise kattega meditsiinilisest silikoonist. See on tervisele ohutu, kuumutamisel ei eralda kahjulikke lisandeid ja sellel pole k\u00f5rvalisi l\u00f5hnu. &quot;Soft touch&quot;-ga kaetud silikoonvoolik on katsudes meeldiv, ei kogu tolmu, j\u00e4\u00e4b painduvaks. Tehnilised andmed: V\u00e4rv: Must Pikkus: 1,50 m Materjal: Silikoon Soft Touch Kas teil on k\u00fcsimusi? V\u00f5tke meiega \u00fchendust kontaktide lehel v\u00f5i kirjutage [...]<\/p>","protected":false},"featured_media":38232,"comment_status":"open","ping_status":"closed","template":"","meta":[],"_links":{"self":[{"href":"https:\/\/hookahshop.lt\/et\/wp-json\/wp\/v2\/product\/38225"}],"collection":[{"href":"https:\/\/hookahshop.lt\/et\/wp-json\/wp\/v2\/product"}],"about":[{"href":"https:\/\/hookahshop.lt\/et\/wp-json\/wp\/v2\/types\/product"}],"replies":[{"embeddable":true,"href":"https:\/\/hookahshop.lt\/et\/wp-json\/wp\/v2\/comments?post=38225"}],"version-history":[{"count":3,"href":"https:\/\/hookahshop.lt\/et\/wp-json\/wp\/v2\/product\/38225\/revisions"}],"predecessor-version":[{"id":38257,"href":"https:\/\/hookahshop.lt\/et\/wp-json\/wp\/v2\/product\/38225\/revisions\/38257"}],"wp:featuredmedia":[{"embeddable":true,"href":"https:\/\/hookahshop.lt\/et\/wp-json\/wp\/v2\/media\/38232"}],"wp:attachment":[{"href":"https:\/\/hookahshop.lt\/et\/wp-json\/wp\/v2\/media?parent=38225"}],"curies":[{"name":"wp","href":"https:\/\/api.w.org\/{rel}","templated":true}]}}