{"id":38234,"date":"2024-01-27T19:44:01","date_gmt":"2024-01-27T17:44:01","guid":{"rendered":"https:\/\/hookahshop.lt\/?post_type=product&#038;p=38234"},"modified":"2026-04-17T23:29:57","modified_gmt":"2026-04-17T20:29:57","slug":"sepetelis-kaljano-sachtai-white-36cm","status":"publish","type":"product","link":"https:\/\/hookahshop.lt\/et\/toode\/sepetelis-vesipiip-lukud-valge-36cm\/","title":{"rendered":"Pintsel vesipiibu varrele Valge 36cm"},"content":{"rendered":"<h2>Pintsel vesipiibu varrele Valge 36cm<\/h2>\n<p>Metallist traathari nailonharjastega, sobib suurep\u00e4raselt vesipiibu varre, kausside, bongikausside ja torude puhastamiseks.<\/p>\n<p><strong>Spetsifikatsioonid:<\/strong><br \/>\nPikkus: 36 cm<br \/>\nHarjaste pikkus: 19 cm<br \/>\nLaius: 1,5 cm<\/p>\n<p>&nbsp;<\/p>\n<p>Kas teil on k\u00fcsimusi? v\u00f5ta meiega \u00fchendust\u00a0<a href=\"https:\/\/hookahshop.lt\/et\/kontaktid\/\">kontaktide leht<\/a>\u00a0v\u00f5i saatke meile e-kiri aadressil\u00a0<a href=\"https:\/\/facebook.com\/HookahShop.lt\/\" target=\"_blank\" rel=\"noopener\">Facebooki konto<\/a>\u00a0ja vastame teie taotlusele samal p\u00e4eval.<\/p>","protected":false},"excerpt":{"rendered":"<p>Vesipiibu varre hari, valge, 36 cm. Metallist traathari nailonharjastega, mis sobib ideaalselt vesipiibu varte, kausside, bongikausside ja piipude puhastamiseks. Spetsifikatsioonid: pikkus: 36 cm, harjaste pikkus: 19 cm, laius: 1,5 cm. Kas teil on k\u00fcsimusi? V\u00f5tke meiega \u00fchendust kontaktide lehel v\u00f5i kirjutage meile Facebookis ja me vastame teie k\u00fcsimusele samal p\u00e4eval.<\/p>","protected":false},"featured_media":38240,"comment_status":"open","ping_status":"closed","template":"","meta":[],"_links":{"self":[{"href":"https:\/\/hookahshop.lt\/et\/wp-json\/wp\/v2\/product\/38234"}],"collection":[{"href":"https:\/\/hookahshop.lt\/et\/wp-json\/wp\/v2\/product"}],"about":[{"href":"https:\/\/hookahshop.lt\/et\/wp-json\/wp\/v2\/types\/product"}],"replies":[{"embeddable":true,"href":"https:\/\/hookahshop.lt\/et\/wp-json\/wp\/v2\/comments?post=38234"}],"version-history":[{"count":4,"href":"https:\/\/hookahshop.lt\/et\/wp-json\/wp\/v2\/product\/38234\/revisions"}],"predecessor-version":[{"id":40079,"href":"https:\/\/hookahshop.lt\/et\/wp-json\/wp\/v2\/product\/38234\/revisions\/40079"}],"wp:featuredmedia":[{"embeddable":true,"href":"https:\/\/hookahshop.lt\/et\/wp-json\/wp\/v2\/media\/38240"}],"wp:attachment":[{"href":"https:\/\/hookahshop.lt\/et\/wp-json\/wp\/v2\/media?parent=38234"}],"curies":[{"name":"wp","href":"https:\/\/api.w.org\/{rel}","templated":true}]}}