{"id":38243,"date":"2024-01-27T19:49:04","date_gmt":"2024-01-27T17:49:04","guid":{"rendered":"https:\/\/hookahshop.lt\/?post_type=product&#038;p=38243"},"modified":"2026-04-16T10:21:39","modified_gmt":"2026-04-16T07:21:39","slug":"sepetelis-kaljano-sachtai-white-20cm","status":"publish","type":"product","link":"https:\/\/hookahshop.lt\/et\/toode\/sepetelis-vesipiip-lukud-valge-20cm\/","title":{"rendered":"Pintsel vesipiibu varrele Valge 20cm"},"content":{"rendered":"<h2>Pintsel vesipiibu varrele Valge 20cm<\/h2>\n<p>Nailonharjastega metallist traathari, mis sobib suurep\u00e4raselt v\u00e4iksemate vesipiibuvarrede, kausside, bongikausside ja torude puhastamiseks.<\/p>\n<p><strong>Spetsifikatsioonid:<\/strong><br \/>\nPikkus: 20 cm<br \/>\nHarjaste pikkus: 12 cm<br \/>\nLaius: 2 cm<\/p>\n<p>&nbsp;<\/p>\n<p>Kas teil on k\u00fcsimusi? v\u00f5ta meiega \u00fchendust\u00a0<a href=\"https:\/\/hookahshop.lt\/et\/kontaktid\/\">kontaktide leht<\/a>\u00a0v\u00f5i saatke meile e-kiri aadressil\u00a0<a href=\"https:\/\/facebook.com\/HookahShop.lt\/\" target=\"_blank\" rel=\"noopener\">Facebooki konto<\/a>\u00a0ja vastame teie taotlusele samal p\u00e4eval.<\/p>","protected":false},"excerpt":{"rendered":"<p>Vesipiibu varrehari Valge 20cm Metallist traathari nailonharjastega, seega sobib suurep\u00e4raselt v\u00e4iksemate vesipiibuvarrede, tasside, bongitopside ja torude puhastamiseks. Tehnilised andmed: Pikkus: 20 cm Harjaste pikkus: 12 cm Laius: 2 cm Kas teil on k\u00fcsimusi? V\u00f5tke meiega \u00fchendust kontaktide lehel v\u00f5i kirjutage meile meie Facebooki kontol ja vastame teie p\u00e4ringule samal p\u00e4eval.<\/p>","protected":false},"featured_media":38244,"comment_status":"open","ping_status":"closed","template":"","meta":[],"_links":{"self":[{"href":"https:\/\/hookahshop.lt\/et\/wp-json\/wp\/v2\/product\/38243"}],"collection":[{"href":"https:\/\/hookahshop.lt\/et\/wp-json\/wp\/v2\/product"}],"about":[{"href":"https:\/\/hookahshop.lt\/et\/wp-json\/wp\/v2\/types\/product"}],"replies":[{"embeddable":true,"href":"https:\/\/hookahshop.lt\/et\/wp-json\/wp\/v2\/comments?post=38243"}],"version-history":[{"count":5,"href":"https:\/\/hookahshop.lt\/et\/wp-json\/wp\/v2\/product\/38243\/revisions"}],"predecessor-version":[{"id":45720,"href":"https:\/\/hookahshop.lt\/et\/wp-json\/wp\/v2\/product\/38243\/revisions\/45720"}],"wp:featuredmedia":[{"embeddable":true,"href":"https:\/\/hookahshop.lt\/et\/wp-json\/wp\/v2\/media\/38244"}],"wp:attachment":[{"href":"https:\/\/hookahshop.lt\/et\/wp-json\/wp\/v2\/media?parent=38243"}],"curies":[{"name":"wp","href":"https:\/\/api.w.org\/{rel}","templated":true}]}}