{"id":38661,"date":"2024-03-24T14:11:07","date_gmt":"2024-03-24T12:11:07","guid":{"rendered":"https:\/\/hookahshop.lt\/?post_type=product&#038;p=38661"},"modified":"2025-11-06T20:59:54","modified_gmt":"2025-11-06T18:59:54","slug":"malta-kava-coffee-cruise-sweet-brazil-250g","status":"publish","type":"product","link":"https:\/\/hookahshop.lt\/et\/toode\/jahvatatud-kohv-kohv-kruiis-magus-brasiilia-250g\/","title":{"rendered":"Jahvatatud kohv KOHVIKRUIIS Sweet Brazil 250g"},"content":{"rendered":"<h2>Jahvatatud kohv KOHVIKRUIIS Sweet Brazil 250g<\/h2>\n<p>Tasakaalustatud maitsega kohv, mida iseloomustab madal happesus. Intensiivne, kauakestev j\u00e4relmaitse, mis paistab silma <strong><em>p\u00e4hklid<\/em><\/strong>,\u00a0<em><strong>tume \u0161okolaad<\/strong><\/em>\u00a0ja\u00a0<strong><em>kuivatatud puuviljad<\/em><\/strong> noodid kutsuvad veel kord nautima magusat Brasiilia p\u00e4ikest. Maitse on mahe ja v\u00e4ga meeldiv. Tumeda \u0161okolaadi kibedus seda kohvi juues meeldib neile kohvis\u00f5pradele, kes lubavad end p\u00e4eva jooksul mitme tassiga. Kohviubade pikk valmistusaeg annab sellele k\u00fcpsuse, soliidsuse, need head maitseomadused, mida t\u00f5elised kohvigurmaanid k\u00f5rgelt hindavad.<\/p>\n<p><strong>Funktsioonid:<\/strong><\/p>\n<ul>\n<li>Kohvi t\u00fc\u00fcp: Arabica 100%<\/li>\n<li>Tugevus: 4\/10<\/li>\n<li>R\u00f6stimine:\u00a0<strong>Keskmine<\/strong>.<\/li>\n<li>Keha:<strong>\u00a0Lihtne.<\/strong>\u00a0Ideaalne maheda kohvi nautimiseks;<\/li>\n<li>Aroom ja magusus:\u00a0<strong>Kakao ja \u0161okolaad.<\/strong><\/li>\n<li>Kibedus:\u00a0<strong>P\u00e4hklid.<\/strong><\/li>\n<li>Viljakus:\u00a0<strong>Rosinad.<\/strong><\/li>\n<li><b>Tasub osta:<\/b> 250 g \u2248 20 tassi kohvi.<\/li>\n<li>V\u00e4ga soovitatav\u00a0<b>kohvimasinate jaoks<\/b>.<\/li>\n<\/ul>\n<p>Kas teil on k\u00fcsimusi? v\u00f5ta meiega \u00fchendust\u00a0<a href=\"https:\/\/hookahshop.lt\/et\/kontaktid\/\">kontaktide leht<\/a>\u00a0v\u00f5i saatke meile e-kiri aadressil\u00a0<a href=\"https:\/\/facebook.com\/HookahShop.lt\/\" target=\"_blank\" rel=\"noopener\">Facebooki konto<\/a>\u00a0ja vastame teie taotlusele samal p\u00e4eval.<\/p>\n<p>&nbsp;<\/p>","protected":false},"excerpt":{"rendered":"<p>Jahvatatud kohv COFFEE CRUISE Sweet Brazil 250g Tasakaalustatud maitsega kohv, mida iseloomustab madal happesus. Intensiivne, kauakestev j\u00e4relmaitse, milles tulevad esile p\u00e4hklite, tumeda \u0161okolaadi ja kuivatatud puuviljade noodid, ahvatleb taas maitsta magusat Brasiilia p\u00e4ikest. Maitse on mahe ja v\u00e4ga meeldiv. Tumeda \u0161okolaadi kibedus seda kohvi juues meeldib neile kohvis\u00f5pradele, kes lubavad end p\u00e4eva jooksul mitme tassiga. Pikk kohv [\u2026]<\/p>","protected":false},"featured_media":38663,"comment_status":"open","ping_status":"closed","template":"","meta":[],"_links":{"self":[{"href":"https:\/\/hookahshop.lt\/et\/wp-json\/wp\/v2\/product\/38661"}],"collection":[{"href":"https:\/\/hookahshop.lt\/et\/wp-json\/wp\/v2\/product"}],"about":[{"href":"https:\/\/hookahshop.lt\/et\/wp-json\/wp\/v2\/types\/product"}],"replies":[{"embeddable":true,"href":"https:\/\/hookahshop.lt\/et\/wp-json\/wp\/v2\/comments?post=38661"}],"version-history":[{"count":5,"href":"https:\/\/hookahshop.lt\/et\/wp-json\/wp\/v2\/product\/38661\/revisions"}],"predecessor-version":[{"id":39137,"href":"https:\/\/hookahshop.lt\/et\/wp-json\/wp\/v2\/product\/38661\/revisions\/39137"}],"wp:featuredmedia":[{"embeddable":true,"href":"https:\/\/hookahshop.lt\/et\/wp-json\/wp\/v2\/media\/38663"}],"wp:attachment":[{"href":"https:\/\/hookahshop.lt\/et\/wp-json\/wp\/v2\/media?parent=38661"}],"curies":[{"name":"wp","href":"https:\/\/api.w.org\/{rel}","templated":true}]}}