{"id":38680,"date":"2024-03-24T14:31:53","date_gmt":"2024-03-24T12:31:53","guid":{"rendered":"https:\/\/hookahshop.lt\/?post_type=product&#038;p=38680"},"modified":"2025-11-06T20:59:53","modified_gmt":"2025-11-06T18:59:53","slug":"malta-kava-coffee-cruise-santos-250g","status":"publish","type":"product","link":"https:\/\/hookahshop.lt\/et\/toode\/jahvatatud-kohv-kohv-kruiis-santos-250g\/","title":{"rendered":"Jahvatatud kohv COFFEE CRUISE Santos 250g"},"content":{"rendered":"<h2>Jahvatatud kohv COFFEE CRUISE Santos 250g<\/h2>\n<p>Iseloomustab madal happesus. Tasakaalustatud maitse austajaid r\u00f5\u00f5mustab see kohv <b><strong><i><em>\u0161okolaad ja puuviljad<\/em><\/i><\/strong><\/b>\u00a0noodid ja m\u00f5nusalt magusad\u00a0<i><em><b><strong>karamellid<\/strong><\/b><\/em><\/i> aroom. Tegemist on kohviga, milles domineerivad pehmed noodid, mis v\u00f5imaldavad tunda kohvi rikkalikku maitset ja nuusutada selle aroomi. Kohvi magususe ja kibeduse kombinatsioon on nii \u00f5rn ja harmooniline, et seda nimetatakse sageli \u00fchiselt kvaliteetse kohvi m\u00e4rgiks. Brasiilias kasvatatud kohvi peetakse erakordselt aromaatseks, v\u00e4ljendunud karamellise j\u00e4relmaitse ja \u00f5rna m\u00f5rkjusega, mis viitab sellele, et kohv on korjatud maksimaalse k\u00fcpsusastmega.<\/p>\n<p><strong>Funktsioonid:<\/strong><\/p>\n<ul>\n<li>Kohvi t\u00fc\u00fcp: Arabica 100%<\/li>\n<li>Tugevus: 4\/10<\/li>\n<li>R\u00f6stimine:\u00a0<strong>Keskmine<\/strong>.<\/li>\n<li>Keha:<strong>\u00a0Lihtne.<\/strong>\u00a0Ideaalne maheda kohvi nautimiseks;<\/li>\n<li>Aroom ja magusus:\u00a0<strong>Karamellid.<\/strong><\/li>\n<li>Kibedus:\u00a0<strong>M\u00f5ru \u0161okolaad.<\/strong><\/li>\n<li>Viljakus:\u00a0<strong>Kuup\u00e4evad.<\/strong><\/li>\n<li aria-level=\"1\"><b>Tasub osta:<\/b> 250 g \u2248 20 tassi kohvi.<\/li>\n<li aria-level=\"1\">V\u00e4ga soovitatav\u00a0<b>kohvimasinate jaoks<\/b>.<\/li>\n<\/ul>\n<p>Kas teil on k\u00fcsimusi? v\u00f5ta meiega \u00fchendust\u00a0<a href=\"https:\/\/hookahshop.lt\/et\/kontaktid\/\">kontaktide leht<\/a>\u00a0v\u00f5i saatke meile e-kiri aadressil\u00a0<a href=\"https:\/\/facebook.com\/HookahShop.lt\/\" target=\"_blank\" rel=\"noopener\">Facebooki konto<\/a>\u00a0ja vastame teie taotlusele samal p\u00e4eval.<\/p>","protected":false},"excerpt":{"rendered":"<p>Jahvatatud kohv COFFEE CRUISE Santos 250g Iseloomulik madal happesus. Tasakaalustatud maitse armastajaid r\u00f5\u00f5mustab see \u0161okolaadi- ja puuviljanootidega ning m\u00f5nusalt magusa karamelli aroomiga kohv. See on kohv, milles domineerivad pehmed noodid, mis v\u00f5imaldavad tunda kohvi rikkalikku maitset ja nuusutada selle aroomi. Kohvi magususe ja kibeduse kombinatsioon \u2013 see on nii \u00f5rn ja harmooniline, et seda nimetatakse sageli \u00fchiselt kvaliteetseks kohviks [...]<\/p>","protected":false},"featured_media":38681,"comment_status":"open","ping_status":"closed","template":"","meta":[],"_links":{"self":[{"href":"https:\/\/hookahshop.lt\/et\/wp-json\/wp\/v2\/product\/38680"}],"collection":[{"href":"https:\/\/hookahshop.lt\/et\/wp-json\/wp\/v2\/product"}],"about":[{"href":"https:\/\/hookahshop.lt\/et\/wp-json\/wp\/v2\/types\/product"}],"replies":[{"embeddable":true,"href":"https:\/\/hookahshop.lt\/et\/wp-json\/wp\/v2\/comments?post=38680"}],"version-history":[{"count":3,"href":"https:\/\/hookahshop.lt\/et\/wp-json\/wp\/v2\/product\/38680\/revisions"}],"predecessor-version":[{"id":39135,"href":"https:\/\/hookahshop.lt\/et\/wp-json\/wp\/v2\/product\/38680\/revisions\/39135"}],"wp:featuredmedia":[{"embeddable":true,"href":"https:\/\/hookahshop.lt\/et\/wp-json\/wp\/v2\/media\/38681"}],"wp:attachment":[{"href":"https:\/\/hookahshop.lt\/et\/wp-json\/wp\/v2\/media?parent=38680"}],"curies":[{"name":"wp","href":"https:\/\/api.w.org\/{rel}","templated":true}]}}