{"id":38688,"date":"2024-03-24T15:04:28","date_gmt":"2024-03-24T13:04:28","guid":{"rendered":"https:\/\/hookahshop.lt\/?post_type=product&#038;p=38688"},"modified":"2025-11-06T20:59:53","modified_gmt":"2025-11-06T18:59:53","slug":"kavos-pupeles-coffee-cruise-peru-1kg","status":"publish","type":"product","link":"https:\/\/hookahshop.lt\/et\/toode\/kohvioad-kohvi-kruiis-peruu-1kg\/","title":{"rendered":"Kohvioad COFFEE CRUISE Peruu 1kg"},"content":{"rendered":"<h2>Kohvioad COFFEE CRUISE Peruu 1kg<\/h2>\n<p>Tegemist on kohviga, mida korjatakse ainult inimk\u00e4tega, h\u00fcljades tehnoloogiast, hinnates ja j\u00e4lgides hoolikalt kogu kohvi korjamise ja t\u00f6\u00f6tlemise protsessi. Leebe, lahke isiksusega <strong>mandlid<\/strong>\u00a0kibedus, mis lisandub\u00a0<strong>karamellid<\/strong>\u00a0magusus ja vaevu tunda\u00a0<strong>p\u00e4hklid<\/strong> j\u00e4relmaitse, see \u00fcllatab oma kerguse ja delikaatsusega. Marjade puuviljasus on vaevu aimatav ning meeldiv happesus innustab taas lonksu v\u00f5tma, aeglaselt nautima ja aega maha v\u00f5tma. Kohvigurmaanid hindavad eriti Peruu kohvi ainulaadset aroomi, milles on tunda \u00fcrtide ja lillede aroomi. Ja peale maitsmist p\u00e4hklid ja karamell, mandlim\u00f5rkjus ja vaevu on tunda tumeda \u0161okolaadi m\u00e4ngu.<\/p>\n<p><strong>Funktsioonid:<\/strong><\/p>\n<ul>\n<li>Kohvi t\u00fc\u00fcp: Arabica 100%<\/li>\n<li>Tugevus: 5\/10<\/li>\n<li>R\u00f6stimine:\u00a0<strong>Keskmine<\/strong>.<\/li>\n<li>Keha:<strong>\u00a0Lihtne.<\/strong>\u00a0Ideaalne maheda kohvi nautimiseks;<\/li>\n<li>Aroom ja magusus:\u00a0<strong>Karamell ja \u00fcrdid.<\/strong><\/li>\n<li>Kibedus:\u00a0<strong>Mandlid<\/strong><strong>.<\/strong><\/li>\n<li>Viljakus:\u00a0<strong>Marjad<\/strong><strong>.<\/strong><\/li>\n<li aria-level=\"1\"><b>Tasub osta:<\/b> 1 kg \u2248 100 tassi kohvi.<\/li>\n<li aria-level=\"1\">V\u00e4ga soovitatav\u00a0<b>kohvimasinate jaoks<\/b>.<\/li>\n<\/ul>\n<p>Kas teil on k\u00fcsimusi? v\u00f5ta meiega \u00fchendust\u00a0<a href=\"https:\/\/hookahshop.lt\/et\/kontaktid\/\">kontaktide leht<\/a>\u00a0v\u00f5i saatke meile e-kiri aadressil\u00a0<a href=\"https:\/\/facebook.com\/HookahShop.lt\/\" target=\"_blank\" rel=\"noopener\">Facebooki konto<\/a>\u00a0ja vastame teie taotlusele samal p\u00e4eval.<\/p>","protected":false},"excerpt":{"rendered":"<p>Kohvioad COFFEE CRUISE Peruu 1kg See on kohv, mida korjavad ainult inimk\u00e4ed, p\u00e4rast tehnikast loobumist, kogu kohvi korjamise ja t\u00f6\u00f6tlemise protsessi hoolikalt hinnates ja j\u00e4lgides. Sisaldades \u00f5rna m\u00f5nusat mandli m\u00f5rkjust, mida t\u00e4iendab karamelli magusus ja vaevum\u00e4rgatav p\u00e4hklite j\u00e4relmaitse, \u00fcllatab see oma kerguse ja delikaatsusega. Marjade puuviljasus on vaevu aimatav ning meeldiv happesus julgustab teist lonksu maitsta, aeglaselt nautima [...]<\/p>","protected":false},"featured_media":38689,"comment_status":"open","ping_status":"closed","template":"","meta":[],"_links":{"self":[{"href":"https:\/\/hookahshop.lt\/et\/wp-json\/wp\/v2\/product\/38688"}],"collection":[{"href":"https:\/\/hookahshop.lt\/et\/wp-json\/wp\/v2\/product"}],"about":[{"href":"https:\/\/hookahshop.lt\/et\/wp-json\/wp\/v2\/types\/product"}],"replies":[{"embeddable":true,"href":"https:\/\/hookahshop.lt\/et\/wp-json\/wp\/v2\/comments?post=38688"}],"version-history":[{"count":4,"href":"https:\/\/hookahshop.lt\/et\/wp-json\/wp\/v2\/product\/38688\/revisions"}],"predecessor-version":[{"id":39134,"href":"https:\/\/hookahshop.lt\/et\/wp-json\/wp\/v2\/product\/38688\/revisions\/39134"}],"wp:featuredmedia":[{"embeddable":true,"href":"https:\/\/hookahshop.lt\/et\/wp-json\/wp\/v2\/media\/38689"}],"wp:attachment":[{"href":"https:\/\/hookahshop.lt\/et\/wp-json\/wp\/v2\/media?parent=38688"}],"curies":[{"name":"wp","href":"https:\/\/api.w.org\/{rel}","templated":true}]}}