{"id":38701,"date":"2024-03-24T15:27:02","date_gmt":"2024-03-24T13:27:02","guid":{"rendered":"https:\/\/hookahshop.lt\/?post_type=product&#038;p=38701"},"modified":"2026-04-14T23:29:48","modified_gmt":"2026-04-14T20:29:48","slug":"kavos-pupeles-coffee-cruise-nicaragua-1kg","status":"publish","type":"product","link":"https:\/\/hookahshop.lt\/et\/toode\/kohvioad-kohvi-kruiis-nicaragua-1kg\/","title":{"rendered":"Kohvioad COFFEE CRUISE Nicaragua 1kg"},"content":{"rendered":"<h2>Kohvioad COFFEE CRUISE Nicaragua 1kg<\/h2>\n<p>Nicaragua piirkonna kohvioad on \u00e4\u00e4rmiselt suured, seega on see \u00fcks selle piirkonna kohvisaagi eeliseid. Kohvi korjamise ja t\u00f6\u00f6tlemise protsessid toimuvad ainult inimese k\u00e4tega. Nicaragua kohv ahvatleb oma armastajaid m\u00f5nusa karamelli ja \u0161okolaadi aroomiga, mis levib kohe peale kohvi keetmist v\u00f5i kohvimasina nupule vajutamist. M\u00e4ngib kerge puuviljane j\u00e4relmaitse <strong>kakao<\/strong>\u00a0iseloomulik kibedus, oh\u00a0<strong>kallis<\/strong>\u00a0magusus lisab tervikule tekstuuri. Esimene lonks Nicaragua kohvi paneb sind tundma\u00a0<strong>karamell<\/strong>\u00a0noot p\u00f5imunud v\u00e4rskusega\u00a0<strong>sidrunid<\/strong>,\u00a0<strong>mandariinid<\/strong>\u00a0j\u00e4relmaitsega, mida see t\u00e4iendab\u00a0<strong>aprikoos<\/strong>\u00a0puuviljane magusus. Sujuv kreemjas vaht r\u00e4\u00e4gib intensiivsest kohvimaitsest. \u00d5rnalt leviv aroom tekitab sooja tunde\u00a0<strong>karamell<\/strong>. See kroonib k\u00f5ike\u00a0<strong>\u0161okolaadi<\/strong> hapukuse ja magususe kombinatsioon.<\/p>\n<p><strong>Funktsioonid:<\/strong><\/p>\n<ul>\n<li>Kohvi t\u00fc\u00fcp: Arabica 100%<\/li>\n<li>Tugevus: 9\/10<\/li>\n<li>R\u00f6stimine:\u00a0<strong>Keskmine<\/strong>.<\/li>\n<li>Keha:<strong>\u00a0Keskmine.<\/strong> Ideaalne erakordse kohvi nautimiseks.<\/li>\n<li>Aroom ja magusus:\u00a0<strong>Karamell ja mesi.<\/strong><\/li>\n<li>Kibedus:\u00a0<strong>Kakao<\/strong><strong>.<\/strong><\/li>\n<li>Viljakus:\u00a0<strong>Tsitrusviljad<\/strong><strong>.<\/strong><\/li>\n<li aria-level=\"1\"><b>Tasub osta:<\/b> 250 g \u2248 20 tassi kohvi.<\/li>\n<li aria-level=\"1\">V\u00e4ga soovitatav\u00a0<b>kohvimasinate jaoks<\/b>.<\/li>\n<\/ul>\n<p>Kas teil on k\u00fcsimusi? v\u00f5ta meiega \u00fchendust\u00a0<a href=\"https:\/\/hookahshop.lt\/et\/kontaktid\/\">kontaktide leht<\/a>\u00a0v\u00f5i saatke meile e-kiri aadressil\u00a0<a href=\"https:\/\/facebook.com\/HookahShop.lt\/\" target=\"_blank\" rel=\"noopener\">Facebooki konto<\/a>\u00a0ja vastame teie taotlusele samal p\u00e4eval.<\/p>\n<p>&nbsp;<\/p>\n<p>&nbsp;<\/p>","protected":false},"excerpt":{"rendered":"<p>Kohvioad COFFEE CRUISE Nicaragua 1kg Nicaragua piirkonna kohvioad on \u00e4\u00e4rmiselt suured, mis on selle piirkonna kohvisaagi \u00fcks eeliseid. Kohvi korjamise ja t\u00f6\u00f6tlemise protsessid toimuvad ainult inimese k\u00e4tega. Nicaragua kohv ahvatleb oma armastajaid m\u00f5nusa karamelli ja \u0161okolaadi aroomiga, mis levib kohe peale kohvi keetmist v\u00f5i kohvimasina nupule vajutamist. Kerge puuviljane j\u00e4relmaitse m\u00e4ngib [\u2026]<\/p>","protected":false},"featured_media":38702,"comment_status":"open","ping_status":"closed","template":"","meta":[],"_links":{"self":[{"href":"https:\/\/hookahshop.lt\/et\/wp-json\/wp\/v2\/product\/38701"}],"collection":[{"href":"https:\/\/hookahshop.lt\/et\/wp-json\/wp\/v2\/product"}],"about":[{"href":"https:\/\/hookahshop.lt\/et\/wp-json\/wp\/v2\/types\/product"}],"replies":[{"embeddable":true,"href":"https:\/\/hookahshop.lt\/et\/wp-json\/wp\/v2\/comments?post=38701"}],"version-history":[{"count":5,"href":"https:\/\/hookahshop.lt\/et\/wp-json\/wp\/v2\/product\/38701\/revisions"}],"predecessor-version":[{"id":43858,"href":"https:\/\/hookahshop.lt\/et\/wp-json\/wp\/v2\/product\/38701\/revisions\/43858"}],"wp:featuredmedia":[{"embeddable":true,"href":"https:\/\/hookahshop.lt\/et\/wp-json\/wp\/v2\/media\/38702"}],"wp:attachment":[{"href":"https:\/\/hookahshop.lt\/et\/wp-json\/wp\/v2\/media?parent=38701"}],"curies":[{"name":"wp","href":"https:\/\/api.w.org\/{rel}","templated":true}]}}