{"id":38717,"date":"2024-03-24T15:50:39","date_gmt":"2024-03-24T13:50:39","guid":{"rendered":"https:\/\/hookahshop.lt\/?post_type=product&#038;p=38717"},"modified":"2025-11-06T20:59:51","modified_gmt":"2025-11-06T18:59:51","slug":"malta-kava-coffee-cruise-colombia-250g","status":"publish","type":"product","link":"https:\/\/hookahshop.lt\/et\/toode\/jahvatatud-kohv-kohv-kruiis-kolumbia-250g\/","title":{"rendered":"Jahvatatud kohv COFFEE CRUISE Colombia 250g"},"content":{"rendered":"<h2>Jahvatatud kohv COFFEE CRUISE Colombia 250g<\/h2>\n<p>\u00d5rn <strong>karamell<\/strong>\u00a0noodid l\u00e4bi p\u00f5imunud\u00a0<strong>\u0161okolaadi<\/strong>\u00a0kibedus, mida t\u00e4iendab k\u00fcpsus\u00a0<strong>Kirss<\/strong>\u00a0happesus. Maitsete harmoonia \u00fches tassis kohvis on parim viis Colombia kohvi kirjeldamiseks. Omap\u00e4ra annab linnase m\u00f5rkjus, millega sobib ideaalselt\u00a0<strong>vahtrapuud<\/strong>\u00a0siirup toob esile Columbia parimad maitseomadused. Tegemist on teistsuguse looduse ja kliimaga Kolumbiast p\u00e4rit kohviga, kus on ideaalsed tingimused kohvigurmaani hellitamiseks uue saagiga kasv\u00f5i mitu korda aastas. Hinda kvaliteeti ja v\u00e4rskust. Soovitame seda kohvi valida magusate magustoitude k\u00f5rvale v\u00f5i nautida seda t\u00f6\u00f6vaheajal.<\/p>\n<p><strong>Funktsioonid:<\/strong><\/p>\n<ul>\n<li>Kohvi t\u00fc\u00fcp: Arabica 100%<\/li>\n<li>Tugevus: 4\/10<\/li>\n<li>R\u00f6stimine:\u00a0<strong>Keskmine<\/strong>.<\/li>\n<li>Keha:<strong>\u00a0Keskmine.<\/strong>\u00a0Ideaalne erakordse kohvi nautimiseks;<\/li>\n<li>Aroom ja magusus:\u00a0<strong>Vahtrasiirup ja marjad.<\/strong><\/li>\n<li>Kibedus:\u00a0<strong>Malt<\/strong><strong>.<\/strong><\/li>\n<li>Viljakus:\u00a0<strong>Kirss<\/strong><strong>.<\/strong><\/li>\n<li aria-level=\"1\"><b>Tasub osta:<\/b> 250 g \u2248 20 tassi kohvi.<\/li>\n<li aria-level=\"1\">V\u00e4ga soovitatav\u00a0<b>kohvimasinate jaoks<\/b>.<\/li>\n<\/ul>\n<p>Kas teil on k\u00fcsimusi? v\u00f5ta meiega \u00fchendust\u00a0<a href=\"https:\/\/hookahshop.lt\/et\/kontaktid\/\">kontaktide leht<\/a>\u00a0v\u00f5i saatke meile e-kiri aadressil\u00a0<a href=\"https:\/\/facebook.com\/HookahShop.lt\/\" target=\"_blank\" rel=\"noopener\">Facebooki konto<\/a>\u00a0ja vastame teie taotlusele samal p\u00e4eval.<\/p>\n<p>&nbsp;<\/p>\n<p>&nbsp;<\/p>\n<p>&nbsp;<\/p>","protected":false},"excerpt":{"rendered":"<p>Jahvatatud kohv COFFEE CRUISE Colombia 250g Pehmed karamelli noodid on p\u00f5imunud \u0161okolaadim\u00f5rkusega, mida t\u00e4iendab k\u00fcpsete kirsside happesus. Maitsete harmoonia \u00fches tassis kohvis on parim viis Colombia kohvi kirjeldamiseks. Linnase m\u00f5rkjus annab sellele omap\u00e4ra ning vahtrasiirup sobib ideaalselt Columbia parimate maitseomadustega.  Tegemist on Colombiast p\u00e4rit kohviga, mida iseloomustab teistsugune loodus ja kliima ideaalsete tingimustega isegi mitu korda aastas [...]<\/p>","protected":false},"featured_media":38721,"comment_status":"open","ping_status":"closed","template":"","meta":[],"_links":{"self":[{"href":"https:\/\/hookahshop.lt\/et\/wp-json\/wp\/v2\/product\/38717"}],"collection":[{"href":"https:\/\/hookahshop.lt\/et\/wp-json\/wp\/v2\/product"}],"about":[{"href":"https:\/\/hookahshop.lt\/et\/wp-json\/wp\/v2\/types\/product"}],"replies":[{"embeddable":true,"href":"https:\/\/hookahshop.lt\/et\/wp-json\/wp\/v2\/comments?post=38717"}],"version-history":[{"count":5,"href":"https:\/\/hookahshop.lt\/et\/wp-json\/wp\/v2\/product\/38717\/revisions"}],"predecessor-version":[{"id":39129,"href":"https:\/\/hookahshop.lt\/et\/wp-json\/wp\/v2\/product\/38717\/revisions\/39129"}],"wp:featuredmedia":[{"embeddable":true,"href":"https:\/\/hookahshop.lt\/et\/wp-json\/wp\/v2\/media\/38721"}],"wp:attachment":[{"href":"https:\/\/hookahshop.lt\/et\/wp-json\/wp\/v2\/media?parent=38717"}],"curies":[{"name":"wp","href":"https:\/\/api.w.org\/{rel}","templated":true}]}}