{"id":38725,"date":"2024-03-24T20:54:42","date_gmt":"2024-03-24T18:54:42","guid":{"rendered":"https:\/\/hookahshop.lt\/?post_type=product&#038;p=38725"},"modified":"2025-11-06T20:59:51","modified_gmt":"2025-11-06T18:59:51","slug":"kavos-pupeles-coffee-cruise-papua-new","status":"publish","type":"product","link":"https:\/\/hookahshop.lt\/et\/toode\/kohvioad-kohvi-kruiis-paapua-uus\/","title":{"rendered":"Kohvioad COFFEE CRUISE Paapua Uus-Guinea 1kg"},"content":{"rendered":"<h2>Kohvioad COFFEE CRUISE Paapua Uus-Guinea 1kg<\/h2>\n<p>Looduses kasvatatud kohvioad on delikatess <strong>ingver<\/strong>\u00a0kibestumist, mis annab energiat ja puhastab meelt. Sidumine ingveriga\u00a0<strong>kallis<\/strong>\u00a0toob magususe, mida t\u00e4iendab kerge, meeldiv\u00a0<strong>ploomid<\/strong>\u00a0ja\u00a0<strong>rosinad<\/strong>\u00a0maitse Selle kohvi ainulaadne, eristav omadus on\u00a0<strong>\u00f5unavein<\/strong> j\u00e4relmaitse Intensiivne, v\u00fcrtsikas ja magus kohv loob hommikuti p\u00e4eva meeleolu ja annab p\u00e4rastl\u00f5unal nii vajalikku energiat. Tegemist on orgaaniliste kohvide kategooriasse kuuluva \u00fclikvaliteetse kohviga, mida kohvigurmaanid k\u00f5rgelt hindavad.<span class=\"Apple-converted-space\">\u00a0\u00a0<\/span>Kohvi maitseomaduste t\u00e4ielikuks paljastamiseks valitakse keskmine r\u00f6stimine.<\/p>\n<p><strong>Funktsioonid:<\/strong><\/p>\n<ul>\n<li>Kohvi t\u00fc\u00fcp: Arabica 100%<\/li>\n<li>Tugevus: 3\/10<\/li>\n<li>R\u00f6stimine:\u00a0<strong>Keskmine<\/strong>.<\/li>\n<li>Keha:<strong>\u00a0Keskmine.<\/strong><\/li>\n<li>Aroom ja magusus:\u00a0<strong>Lilled ja mesi.<\/strong><\/li>\n<li>Kibedus:\u00a0<strong>Ingver.<\/strong><\/li>\n<li>Viljakus:\u00a0<strong>Ploom<\/strong><strong>.<\/strong><\/li>\n<li aria-level=\"1\"><b>Tasub osta:<\/b> 1 kg \u2248 100 tassi kohvi.<\/li>\n<li aria-level=\"1\">V\u00e4ga soovitatav\u00a0<b>kohvimasinate jaoks<\/b>.<\/li>\n<\/ul>\n<p>Kas teil on k\u00fcsimusi? v\u00f5ta meiega \u00fchendust\u00a0<a href=\"https:\/\/hookahshop.lt\/et\/kontaktid\/\">kontaktide leht<\/a>\u00a0v\u00f5i saatke meile e-kiri aadressil\u00a0<a href=\"https:\/\/facebook.com\/HookahShop.lt\/\" target=\"_blank\" rel=\"noopener\">Facebooki konto<\/a>\u00a0ja vastame teie taotlusele samal p\u00e4eval.<\/p>","protected":false},"excerpt":{"rendered":"<p>Kohvioad KOHVIKRUIIS Paapua Uus-Guinea 1kg Looduses kasvanud kohvioad tervitavad Sind \u00f5rna ingveri m\u00f5rkjusega, mis annab energiat ja puhastab meelt. Mesi kombineerituna ingveriga lisab magusust, mida t\u00e4iendab kuivatatud ploomide ja rosinate kerge meeldiv maitse. Selle kohvi eksklusiivne, eristav omadus on \u00f5unaveini j\u00e4relmaitse. Intensiivne, v\u00fcrtsikas ja magus kohv loob hommikuti p\u00e4eva meeleolu ja annab p\u00e4rastl\u00f5unal nii vajalikku energiat. See [\u2026]<\/p>","protected":false},"featured_media":38726,"comment_status":"open","ping_status":"closed","template":"","meta":[],"_links":{"self":[{"href":"https:\/\/hookahshop.lt\/et\/wp-json\/wp\/v2\/product\/38725"}],"collection":[{"href":"https:\/\/hookahshop.lt\/et\/wp-json\/wp\/v2\/product"}],"about":[{"href":"https:\/\/hookahshop.lt\/et\/wp-json\/wp\/v2\/types\/product"}],"replies":[{"embeddable":true,"href":"https:\/\/hookahshop.lt\/et\/wp-json\/wp\/v2\/comments?post=38725"}],"version-history":[{"count":5,"href":"https:\/\/hookahshop.lt\/et\/wp-json\/wp\/v2\/product\/38725\/revisions"}],"predecessor-version":[{"id":39128,"href":"https:\/\/hookahshop.lt\/et\/wp-json\/wp\/v2\/product\/38725\/revisions\/39128"}],"wp:featuredmedia":[{"embeddable":true,"href":"https:\/\/hookahshop.lt\/et\/wp-json\/wp\/v2\/media\/38726"}],"wp:attachment":[{"href":"https:\/\/hookahshop.lt\/et\/wp-json\/wp\/v2\/media?parent=38725"}],"curies":[{"name":"wp","href":"https:\/\/api.w.org\/{rel}","templated":true}]}}