{"id":38737,"date":"2024-03-24T21:08:56","date_gmt":"2024-03-24T19:08:56","guid":{"rendered":"https:\/\/hookahshop.lt\/?post_type=product&#038;p=38737"},"modified":"2025-11-06T20:59:50","modified_gmt":"2025-11-06T18:59:50","slug":"kavos-pupeles-coffee-cruise-costa-rica-1kg","status":"publish","type":"product","link":"https:\/\/hookahshop.lt\/et\/toode\/kohvioad-kohvi-kruiis-costa-rica-1kg\/","title":{"rendered":"Kohvioad COFFEE CRUISE Costa Rica 1kg"},"content":{"rendered":"<h2>Kohvioad COFFEE CRUISE Costa Rica 1kg<\/h2>\n<p>Valige Costa Rica, et juua tugevat espressokohvi, et anda oma tegusale p\u00e4evale energiat ja toidust. Tumeda \u0161okolaadi m\u00f5rkjus m\u00e4ngib karamelliga, mis t\u00e4iendab maitset m\u00f5nusa m\u00f5rkjusega. V\u00e4rsked sidruninoodid t\u00e4iendavad seda harmooniat. Samuti tunnete Costa Rica aroomis ahvatlevat karamelli nooti. Costa Rica on v\u00e4ljendusrikas maitsete tants, mis algab <strong>tume \u0161okolaad<\/strong>\u00a0uudishimu \u00e4ratava kibedusega, j\u00e4tkab\u00a0<strong>karamellid<\/strong>\u00a0noot, mis ahvatleb tundma veelgi rohkem maitser\u00fctme. V\u00e4rskendav\u00a0<strong>sidrunid<\/strong>\u00a0noodid julgustavad maitsema aeglaselt ja nautima t\u00e4iuslikku hetke... Kesk-Ameerikast p\u00e4rit keskmise vaesusega Costa Ricat peetakse \u00fcheks SHB sertifikaadiga kohviks (inglise keeles K. Strictly Hard Bean), mis antakse kohv kasvab k\u00f5rgel k\u00f5rgusel.<\/p>\n<p><strong>Funktsioonid:<\/strong><\/p>\n<ul>\n<li>Kohvi t\u00fc\u00fcp: Arabica 100%<\/li>\n<li>Tugevus: 4\/10<\/li>\n<li>R\u00f6stimine:\u00a0<strong>Keskmine<\/strong>.<\/li>\n<li>Keha:<strong> Keskmine.<\/strong><\/li>\n<li>Aroom ja magusus:\u00a0<strong>Karamellid.<\/strong><\/li>\n<li>Kibedus:\u00a0<strong>Tume \u0161okolaad<\/strong><strong>.<\/strong><\/li>\n<li>Viljakus:\u00a0<strong>Sidrunid<\/strong><strong>.<\/strong><\/li>\n<li aria-level=\"1\"><b>Tasub osta:<\/b> 1 kg \u2248 100 tassi kohvi.<\/li>\n<li aria-level=\"1\">V\u00e4ga soovitatav\u00a0<b>kohvimasinate jaoks<\/b>.<\/li>\n<\/ul>\n<p>Kas teil on k\u00fcsimusi? v\u00f5ta meiega \u00fchendust\u00a0<a href=\"https:\/\/hookahshop.lt\/et\/kontaktid\/\">kontaktide leht<\/a>\u00a0v\u00f5i saatke meile e-kiri aadressil\u00a0<a href=\"https:\/\/facebook.com\/HookahShop.lt\/\" target=\"_blank\" rel=\"noopener\">Facebooki konto<\/a>\u00a0ja vastame teie taotlusele samal p\u00e4eval.<\/p>\n<p>&nbsp;<\/p>","protected":false},"excerpt":{"rendered":"<p>Kohvioad KOHVIKRUIIS Costa Rica 1kg Valige Costa Rica tugeva tassi espressokohvi jaoks, mis annab teile energiat ja julgustab teid tegusaks p\u00e4evaks. Tumeda \u0161okolaadi m\u00f5rkjus m\u00e4ngib karamelliga, mis t\u00e4iendab maitset m\u00f5nusa m\u00f5rkjusega. V\u00e4rsked sidruninoodid t\u00e4iendavad seda harmooniat. Samuti tunnete Costa Rica aroomis ahvatlevat karamelli nooti. Costa Rica on v\u00e4ljendusrikas maitsete tants, mis saab alguse tumeda \u0161okolaadi m\u00f5rkjusest, [...]<\/p>","protected":false},"featured_media":38738,"comment_status":"open","ping_status":"closed","template":"","meta":[],"_links":{"self":[{"href":"https:\/\/hookahshop.lt\/et\/wp-json\/wp\/v2\/product\/38737"}],"collection":[{"href":"https:\/\/hookahshop.lt\/et\/wp-json\/wp\/v2\/product"}],"about":[{"href":"https:\/\/hookahshop.lt\/et\/wp-json\/wp\/v2\/types\/product"}],"replies":[{"embeddable":true,"href":"https:\/\/hookahshop.lt\/et\/wp-json\/wp\/v2\/comments?post=38737"}],"version-history":[{"count":3,"href":"https:\/\/hookahshop.lt\/et\/wp-json\/wp\/v2\/product\/38737\/revisions"}],"predecessor-version":[{"id":39121,"href":"https:\/\/hookahshop.lt\/et\/wp-json\/wp\/v2\/product\/38737\/revisions\/39121"}],"wp:featuredmedia":[{"embeddable":true,"href":"https:\/\/hookahshop.lt\/et\/wp-json\/wp\/v2\/media\/38738"}],"wp:attachment":[{"href":"https:\/\/hookahshop.lt\/et\/wp-json\/wp\/v2\/media?parent=38737"}],"curies":[{"name":"wp","href":"https:\/\/api.w.org\/{rel}","templated":true}]}}