{"id":38752,"date":"2024-03-24T21:27:11","date_gmt":"2024-03-24T19:27:11","guid":{"rendered":"https:\/\/hookahshop.lt\/?post_type=product&#038;p=38752"},"modified":"2025-11-06T20:59:50","modified_gmt":"2025-11-06T18:59:50","slug":"malta-kava-coffee-cruise-tanzania-250g","status":"publish","type":"product","link":"https:\/\/hookahshop.lt\/et\/toode\/jahvatatud-kohv-kohv-kruiis-tansaania-250g\/","title":{"rendered":"Jahvatatud kohv COFFEE CRUISE Tansaania 250g"},"content":{"rendered":"<h2>Jahvatatud kohv COFFEE CRUISE Tansaania 250g<\/h2>\n<p>Tansaanias kasvavad kohvimarjad eristuvad suuruse ja \u00fcsna sagedase saagi poolest. Kohvi maitse j\u00e4tab s\u00fcgava mulje Seda kohvi soovitatakse neile, kellele meeldib k\u00fclluslik kohv, millel on m\u00f5rkjus, veidi magusust ja puuviljane happesus. T\u00e4iuslikult kombineeritud \u0161okolaadi ja vanilli noodid, tsitruse puuviljasus \u2013 k\u00f5ik see sobib Tansaania kohvi sisse. Kohvi mitte ainult maitse, vaid ka l\u00f5hn ja kreemisus viitavad sellele, et see on p\u00e4rit Ida-Aafrikast, kus troopiline kliima v\u00f5imaldab kohviubadel aeglaselt ja laisalt k\u00fcpseda. Tansaania on vastutulelik <strong>tsitruselised<\/strong>\u00a0v\u00e4rske happesus sinna juurde\u00a0<strong>\u0161okolaadi<\/strong>\u00a0magusus, millel on ka kibeduse n\u00fcansse. Lisab maitsele v\u00fcrtsikust\u00a0<strong>vanilje<\/strong>\u00a0M\u00e4rge Kohvi aroom \u00e4ratab soovi reisida ja n\u00e4ha kogu Tansaania ilu, jalutada l\u00e4bi kohviistanduste, j\u00e4lgida marjade korjamist ja oodata v\u00e4rsket saaki hubastes talunike rant\u0161odes.<\/p>\n<p><strong>Funktsioonid:<\/strong><\/p>\n<ul>\n<li>Kohvi t\u00fc\u00fcp: Arabica 100%<\/li>\n<li>Tugevus: 6\/10<\/li>\n<li>R\u00f6stimine:\u00a0<strong>Keskmine<\/strong>.<\/li>\n<li>Keha:<strong>\u00a0Keskmine.<\/strong>\u00a0Ideaalne erakordse kohvi nautimiseks;<\/li>\n<li>Aroom ja magusus:\u00a0<strong>Vanill ja puuviljad.<\/strong>\u00a0Vanilje ja puuvilja \u00f5rn kombinatsioon r\u00f5\u00f5mustab teid iga kord, kui valmistate tassi kohvi;<\/li>\n<li>Kibedus:\u00a0<strong>\u0160okolaad<\/strong><strong>.<\/strong>\u00a0See m\u00e4rkus lisab kohvile salap\u00e4ra;<\/li>\n<li>Viljakus:\u00a0<strong>Tsitrusviljad<\/strong><strong>.<\/strong>\u00a0Seet\u00f5ttu tuleb kohv eriti maitsev;<\/li>\n<li aria-level=\"1\"><b>Tasub osta:<\/b> 250 g \u2248 20 tassi kohvi.<\/li>\n<li aria-level=\"1\">V\u00e4ga soovitatav\u00a0<b>kohvimasinate jaoks<\/b>.<\/li>\n<\/ul>\n<p>Kas teil on k\u00fcsimusi? v\u00f5ta meiega \u00fchendust\u00a0<a href=\"https:\/\/hookahshop.lt\/et\/kontaktid\/\">kontaktide leht<\/a>\u00a0v\u00f5i saatke meile e-kiri aadressil\u00a0<a href=\"https:\/\/facebook.com\/HookahShop.lt\/\" target=\"_blank\" rel=\"noopener\">Facebooki konto<\/a>\u00a0ja vastame teie taotlusele samal p\u00e4eval.<\/p>","protected":false},"excerpt":{"rendered":"<p>Jahvatatud kohv COFFEE CRUISE Tansaania 250g Tansaanias kasvavad kohvimarjad paistavad silma oma suuruse ja \u00fcsna sagedase saagi poolest. Kohvi maitse j\u00e4tab s\u00fcgava mulje Seda kohvi soovitatakse neile, kellele meeldib k\u00fclluslik kohv, millel on m\u00f5rkjus, veidi magusust ja puuviljane happesus. T\u00e4iuslikult kombineeritud \u0161okolaadi ja vanilli noodid, tsitruse puuviljasus \u2013 k\u00f5ik see sobib Tansaania kohvi sisse. Mitte ainult maitse, vaid [\u2026]<\/p>","protected":false},"featured_media":38753,"comment_status":"open","ping_status":"closed","template":"","meta":[],"_links":{"self":[{"href":"https:\/\/hookahshop.lt\/et\/wp-json\/wp\/v2\/product\/38752"}],"collection":[{"href":"https:\/\/hookahshop.lt\/et\/wp-json\/wp\/v2\/product"}],"about":[{"href":"https:\/\/hookahshop.lt\/et\/wp-json\/wp\/v2\/types\/product"}],"replies":[{"embeddable":true,"href":"https:\/\/hookahshop.lt\/et\/wp-json\/wp\/v2\/comments?post=38752"}],"version-history":[{"count":3,"href":"https:\/\/hookahshop.lt\/et\/wp-json\/wp\/v2\/product\/38752\/revisions"}],"predecessor-version":[{"id":39124,"href":"https:\/\/hookahshop.lt\/et\/wp-json\/wp\/v2\/product\/38752\/revisions\/39124"}],"wp:featuredmedia":[{"embeddable":true,"href":"https:\/\/hookahshop.lt\/et\/wp-json\/wp\/v2\/media\/38753"}],"wp:attachment":[{"href":"https:\/\/hookahshop.lt\/et\/wp-json\/wp\/v2\/media?parent=38752"}],"curies":[{"name":"wp","href":"https:\/\/api.w.org\/{rel}","templated":true}]}}