{"id":38763,"date":"2024-03-24T21:40:07","date_gmt":"2024-03-24T19:40:07","guid":{"rendered":"https:\/\/hookahshop.lt\/?post_type=product&#038;p=38763"},"modified":"2025-11-06T20:59:49","modified_gmt":"2025-11-06T18:59:49","slug":"malta-kava-coffee-cruise-india-250g","status":"publish","type":"product","link":"https:\/\/hookahshop.lt\/et\/toode\/jahvatatud-kohv-kohv-kruiis-india-250g\/","title":{"rendered":"Jahvatatud kohv COFFEE CRUISE India 250g"},"content":{"rendered":"<h2>Jahvatatud kohv COFFEE CRUISE India 250g<\/h2>\n<p>Loodusvarade poolest kuulsast Indiast Karnataka piirkonnast p\u00e4rit kohv r\u00f5\u00f5mustab oma erakordse maitsega. See \u00fchendab endas esilekutsuvate v\u00fcrtside kibeduse <strong>kardemon<\/strong>,\u00a0<strong>nelk<\/strong>\u00a0ja\u00a0<strong>muskaatp\u00e4hkel<\/strong>\u00a0noodileht Ja see annab \u00f5rna magususe\u00a0<strong>linnased<\/strong>, l\u00e4bi p\u00f5imunud\u00a0<strong>kuivatatud puuviljad<\/strong>\u00a0j\u00e4relmaitse Kreemjas tekstuur ahvatleb l\u00f5hnava kohvitassi j\u00e4rele, mille aroomis aitab paljastada tume r\u00f6stimine. Eksootilise maitsega pretensioonikas kohv on meie gurmaanide seas juba armastatud. India kohvist saab t\u00f5eline avastus, pange t\u00e4hele, et iga kord, kui seda kohvi maitste, tunnete uusi j\u00e4relmaitseid. Soovitame seda kohvi valida eriti k\u00fclmal aastaajal, kuna see annab sooja, t\u00f5stab tuju ja tugevdab s\u00f5prust.<\/p>\n<p><strong>Funktsioonid:<\/strong><\/p>\n<ul>\n<li>Kohvi t\u00fc\u00fcp: Arabica 100%<\/li>\n<li>Tugevus: 7\/10<\/li>\n<li>R\u00f6stimine:\u00a0<strong>Keskmine<\/strong>.<\/li>\n<li>Keha:<strong>\u00a0T\u00e4is.<\/strong>\u00a0Ideaalne eksklusiivse ja kange kohvi nautimiseks;<\/li>\n<li>Aroom ja magusus:\u00a0<strong>Lagrits ja v\u00fcrtsid.<\/strong>\u00a0Lagritsa ja salap\u00e4raste v\u00fcrtside \u00f5rn kombinatsioon r\u00f5\u00f5mustab teid iga kord, kui teete tassi kohvi;<\/li>\n<li>Kibedus:\u00a0<strong>Muskaatp\u00e4hkel.<\/strong>\u00a0See noot annab kohvile eksklusiivsuse ja luksuse tunde;<\/li>\n<li>Viljakus:\u00a0<strong>Ploomid<\/strong><strong>.<\/strong>\u00a0Seet\u00f5ttu tuleb kohv eriti maitsev ja happevaba;<\/li>\n<li aria-level=\"1\"><b>Tasub osta:<\/b> 250 g \u2248 20 tassi kohvi.<\/li>\n<li aria-level=\"1\">V\u00e4ga soovitatav\u00a0<b>kohvimasinate jaoks<\/b>.<\/li>\n<\/ul>\n<p>&nbsp;<\/p>\n<p>Kas teil on k\u00fcsimusi? v\u00f5ta meiega \u00fchendust\u00a0<a href=\"https:\/\/hookahshop.lt\/et\/kontaktid\/\">kontaktide leht<\/a>\u00a0v\u00f5i saatke meile e-kiri aadressil\u00a0<a href=\"https:\/\/facebook.com\/HookahShop.lt\/\" target=\"_blank\" rel=\"noopener\">Facebooki konto<\/a>\u00a0ja vastame teie taotlusele samal p\u00e4eval.<\/p>\n<p>&nbsp;<\/p>","protected":false},"excerpt":{"rendered":"<p>Jahvatatud kohv COFFEE CRUISE India 250g Loodusvarade poolest kuulsast Indiast Karnataka piirkonnast p\u00e4rit kohv r\u00f5\u00f5mustab oma erakordse maitsega. Selles on \u00fchendatud v\u00fcrtside kibedus, mida paljastavad kardemoni, nelgi ja muskaatp\u00e4hkli noodid. Ja peent magusust annavad linnased, mis on p\u00f5imunud kuivatatud puuviljade j\u00e4relmaitsega. Kreemjas tekstuur on ahvatlev l\u00f5hnavale kohvitassile, mille aroomis aitab paljastada tume r\u00f6st. Eksootilise maitsega pretensioonikas kohv on meie gurmaanide seas juba armastatud. [\u2026]<\/p>","protected":false},"featured_media":38766,"comment_status":"open","ping_status":"closed","template":"","meta":[],"_links":{"self":[{"href":"https:\/\/hookahshop.lt\/et\/wp-json\/wp\/v2\/product\/38763"}],"collection":[{"href":"https:\/\/hookahshop.lt\/et\/wp-json\/wp\/v2\/product"}],"about":[{"href":"https:\/\/hookahshop.lt\/et\/wp-json\/wp\/v2\/types\/product"}],"replies":[{"embeddable":true,"href":"https:\/\/hookahshop.lt\/et\/wp-json\/wp\/v2\/comments?post=38763"}],"version-history":[{"count":3,"href":"https:\/\/hookahshop.lt\/et\/wp-json\/wp\/v2\/product\/38763\/revisions"}],"predecessor-version":[{"id":39109,"href":"https:\/\/hookahshop.lt\/et\/wp-json\/wp\/v2\/product\/38763\/revisions\/39109"}],"wp:featuredmedia":[{"embeddable":true,"href":"https:\/\/hookahshop.lt\/et\/wp-json\/wp\/v2\/media\/38766"}],"wp:attachment":[{"href":"https:\/\/hookahshop.lt\/et\/wp-json\/wp\/v2\/media?parent=38763"}],"curies":[{"name":"wp","href":"https:\/\/api.w.org\/{rel}","templated":true}]}}