{"id":38775,"date":"2024-03-24T23:24:01","date_gmt":"2024-03-24T21:24:01","guid":{"rendered":"https:\/\/hookahshop.lt\/?post_type=product&#038;p=38775"},"modified":"2025-11-06T20:59:49","modified_gmt":"2025-11-06T18:59:49","slug":"malta-kava-coffee-cruise-zambia-250g","status":"publish","type":"product","link":"https:\/\/hookahshop.lt\/et\/toode\/jahvatatud-kohv-kohv-kruiis-sambia-250g\/","title":{"rendered":"Jahvatatud kohv COFFEE CRUISE Sambia 250g"},"content":{"rendered":"<h2>Jahvatatud kohv COFFEE CRUISE Sambia 250g<\/h2>\n<p>See on t\u00f5eline Aafrika kohv, tume, must, s\u00e4ilitades vanad maitsed, ahvatlev <strong>tume \u0161okolaad<\/strong>\u00a0kibedus, mis l\u00e4heb \u00fcle\u00a0<strong>mustad s\u00f5strad<\/strong>\u00a0magus noot. Meeldiv puuvili\u00a0<strong>greip<\/strong> noodid lisavad veidi hapukust, kergitavad nina ja julgustavad rohkem maitsma. Kohv j\u00f5udis Sambiasse koos kristlike ideede levikuga, misjon\u00e4ride saabumisega Tansaaniast ja Keeniast. Tasapisi hakkasid Sambias kasvavad kohvipuud k\u00fcpsema v\u00e4hem happelisi marju kui viimastes riikides kasvavad, mis kerge maheda kohvi austajatele meeldisid. Soovitame Sambia kohvi neile, kes eelistavad mahedamaid, v\u00e4hem happelisi maitseid. See kohv sobib h\u00e4sti maitsva l\u00f5unas\u00f6\u00f6gi v\u00f5i magustoidu k\u00f5rvale.<\/p>\n<p><strong>Funktsioonid:<\/strong><\/p>\n<ul>\n<li>Kohvi t\u00fc\u00fcp: Arabica 100%<\/li>\n<li>Tugevus: 5\/10<\/li>\n<li>R\u00f6stimine:\u00a0<strong>Keskmine<\/strong>.<\/li>\n<li>Keha:<strong>\u00a0Keskmine.<\/strong><\/li>\n<li>Aroom ja magusus:\u00a0<strong>Must s\u00f5star ja puuviljad.<\/strong><\/li>\n<li>Kibedus:\u00a0<strong>Tume \u0161okolaad<\/strong><strong>.<\/strong><\/li>\n<li>Viljakus:\u00a0<strong>Greip<\/strong><strong>.<\/strong><\/li>\n<li aria-level=\"1\"><b>Tasub osta:<\/b>\u00a0250 g \u2248 20 tassi kohvi.<\/li>\n<li aria-level=\"1\">V\u00e4ga soovitatav\u00a0<b>kohvimasinate jaoks<\/b>.<\/li>\n<\/ul>\n<p>Kas teil on k\u00fcsimusi? v\u00f5ta meiega \u00fchendust\u00a0<a href=\"https:\/\/hookahshop.lt\/et\/kontaktid\/\">kontaktide leht<\/a>\u00a0v\u00f5i saatke meile e-kiri aadressil\u00a0<a href=\"https:\/\/facebook.com\/HookahShop.lt\/\" target=\"_blank\" rel=\"noopener\">Facebooki konto<\/a>\u00a0ja vastame teie taotlusele samal p\u00e4eval.<\/p>\n<p>&nbsp;<\/p>","protected":false},"excerpt":{"rendered":"<p>Jahvatatud kohv COFFEE CRUISE Sambia 250g See on ehtne Aafrika kohv, tume, must, s\u00e4ilitades vanu maitseid, ahvatledes tumeda \u0161okolaadi m\u00f5rkjusega, mis kandub \u00fcle musta s\u00f5stra magusatesse nootidesse. M\u00f5nusad greibi puuviljased noodid lisavad veidi hapukust, t\u00f5stavad maitset ja julgustavad rohkem maitsma. Kohv j\u00f5udis Sambiasse koos kristlike ideede levikuga, misjon\u00e4ride saabumisega Tansaaniast ja Keeniast. J\u00e4rk-j\u00e4rgult hakkasid Sambias kasvavad kohvipuud [\u2026]<\/p>","protected":false},"featured_media":38776,"comment_status":"open","ping_status":"closed","template":"","meta":[],"_links":{"self":[{"href":"https:\/\/hookahshop.lt\/et\/wp-json\/wp\/v2\/product\/38775"}],"collection":[{"href":"https:\/\/hookahshop.lt\/et\/wp-json\/wp\/v2\/product"}],"about":[{"href":"https:\/\/hookahshop.lt\/et\/wp-json\/wp\/v2\/types\/product"}],"replies":[{"embeddable":true,"href":"https:\/\/hookahshop.lt\/et\/wp-json\/wp\/v2\/comments?post=38775"}],"version-history":[{"count":3,"href":"https:\/\/hookahshop.lt\/et\/wp-json\/wp\/v2\/product\/38775\/revisions"}],"predecessor-version":[{"id":39107,"href":"https:\/\/hookahshop.lt\/et\/wp-json\/wp\/v2\/product\/38775\/revisions\/39107"}],"wp:featuredmedia":[{"embeddable":true,"href":"https:\/\/hookahshop.lt\/et\/wp-json\/wp\/v2\/media\/38776"}],"wp:attachment":[{"href":"https:\/\/hookahshop.lt\/et\/wp-json\/wp\/v2\/media?parent=38775"}],"curies":[{"name":"wp","href":"https:\/\/api.w.org\/{rel}","templated":true}]}}