{"id":38780,"date":"2024-03-24T23:34:08","date_gmt":"2024-03-24T21:34:08","guid":{"rendered":"https:\/\/hookahshop.lt\/?post_type=product&#038;p=38780"},"modified":"2025-11-06T20:59:48","modified_gmt":"2025-11-06T18:59:48","slug":"kavos-pupeles-coffee-cruise-ethiopia-1kg","status":"publish","type":"product","link":"https:\/\/hookahshop.lt\/et\/toode\/kohvioad-kohvi-kruiis-etioopia-1kg\/","title":{"rendered":"Kohvioad KOHVIKRUIIS Etioopia 1kg"},"content":{"rendered":"<h2>Kohvioad KOHVIKRUIIS Etioopia 1kg<\/h2>\n<p>Kohvipuudele nii oluline rikkalik pinnas annab Etioopia kohvile metsamarju meenutava happesuse. Kui maitsed seda kohvi, tunned seda <strong>j\u00f5hvikad<\/strong>\u00a0tugevus, mis annab tasakaalu \u00fcldisele maitsele. Puuviljane noot t\u00e4iendab\u00a0<strong>murakad<\/strong>, mis sisaldavad kogu suvesoojust. Magusad tumedad marjad, mis annavad kohvile pretensioonikuse, mis r\u00e4\u00e4gib selle kaugest p\u00e4ritolust.\u00a0<strong>Ploom<\/strong>\u00a0j\u00e4relmaitse on nagu harmooniline tervik - kerge, k\u00f6itev, kaasahaarav rahulikuks kohvimaitsmiseks. Etioopia kohv meeldib kohvigurmaanidele, kellele meeldivad mahlakamad kohvid.<\/p>\n<p><strong>Funktsioonid:<\/strong><\/p>\n<ul>\n<li>Kohvi t\u00fc\u00fcp: Arabica 100%<\/li>\n<li>Tugevus: 6\/10<\/li>\n<li>R\u00f6stimine:\u00a0<strong>Keskmine<\/strong>.<\/li>\n<li>Keha:<strong> Mahlane.<\/strong><\/li>\n<li>Aroom ja magusus:\u00a0<strong>Murakad ja mustikad.<\/strong><\/li>\n<li>Kibedus:\u00a0<strong>J\u00f5hvikad.<\/strong><\/li>\n<li>Viljakus:\u00a0<strong>Ploomid<\/strong><strong>.<\/strong><\/li>\n<li aria-level=\"1\"><b>Tasub osta:<\/b> 1 kg \u2248 100 tassi kohvi.<\/li>\n<li aria-level=\"1\">V\u00e4ga soovitatav\u00a0<b>kohvimasinate jaoks<\/b>.<\/li>\n<\/ul>\n<p>Kas teil on k\u00fcsimusi? v\u00f5ta meiega \u00fchendust\u00a0<a href=\"https:\/\/hookahshop.lt\/et\/kontaktid\/\">kontaktide leht<\/a>\u00a0v\u00f5i saatke meile e-kiri aadressil\u00a0<a href=\"https:\/\/facebook.com\/HookahShop.lt\/\" target=\"_blank\" rel=\"noopener\">Facebooki konto<\/a>\u00a0ja vastame teie taotlusele samal p\u00e4eval.<\/p>","protected":false},"excerpt":{"rendered":"<p>Kohvioad KOHVIKRUIIS Etioopia 1kg Kohvipuudele nii oluline rikkalik pinnas annab Etioopia kohvile metsamarjade maitset meenutava happesuse. Seda kohvi maitstes on tunda j\u00f5hvikate kangust, mis annab \u00fcldisele maitsele tasakaalu. Puuviljaseid noote t\u00e4iendavad murakad, mis sisaldavad kogu suvesoojust. Magusad tumedad marjad, mis annavad kohvile pretensioonikuse, mis r\u00e4\u00e4gib selle kaugest p\u00e4ritolust. Ploomide j\u00e4relmaitse on nagu harmooniline tervik - kerge, [...]<\/p>","protected":false},"featured_media":38783,"comment_status":"open","ping_status":"closed","template":"","meta":[],"_links":{"self":[{"href":"https:\/\/hookahshop.lt\/et\/wp-json\/wp\/v2\/product\/38780"}],"collection":[{"href":"https:\/\/hookahshop.lt\/et\/wp-json\/wp\/v2\/product"}],"about":[{"href":"https:\/\/hookahshop.lt\/et\/wp-json\/wp\/v2\/types\/product"}],"replies":[{"embeddable":true,"href":"https:\/\/hookahshop.lt\/et\/wp-json\/wp\/v2\/comments?post=38780"}],"version-history":[{"count":5,"href":"https:\/\/hookahshop.lt\/et\/wp-json\/wp\/v2\/product\/38780\/revisions"}],"predecessor-version":[{"id":39106,"href":"https:\/\/hookahshop.lt\/et\/wp-json\/wp\/v2\/product\/38780\/revisions\/39106"}],"wp:featuredmedia":[{"embeddable":true,"href":"https:\/\/hookahshop.lt\/et\/wp-json\/wp\/v2\/media\/38783"}],"wp:attachment":[{"href":"https:\/\/hookahshop.lt\/et\/wp-json\/wp\/v2\/media?parent=38780"}],"curies":[{"name":"wp","href":"https:\/\/api.w.org\/{rel}","templated":true}]}}