{"id":38796,"date":"2024-03-24T23:50:21","date_gmt":"2024-03-24T21:50:21","guid":{"rendered":"https:\/\/hookahshop.lt\/?post_type=product&#038;p=38796"},"modified":"2025-11-06T20:59:48","modified_gmt":"2025-11-06T18:59:48","slug":"kavos-pupeles-coffee-cruise-guatemala-1kg","status":"publish","type":"product","link":"https:\/\/hookahshop.lt\/et\/toode\/kohvioad-kohvi-kruiis-guatemala-1kg\/","title":{"rendered":"Kohvioad COFFEE CRUISE Guatemala 1kg"},"content":{"rendered":"<h2>Kohvioad COFFEE CRUISE Guatemala 1kg<\/h2>\n<p>T<span lang=\"LT\">hilises Guatemalas valminud kohviubadele on iseloomulikud\u00a0<strong>tumeda \u0161okolaadi jaoks<\/strong>\u00a0omistatud kibedus, mida peenelt t\u00e4iendatakse\u00a0<strong>karamell<\/strong>\u00a0magusus Just see kibeduse ja magususe tasakaal on Guatemala piirkonnas kasvavale kohvile ainuomane. Viljapuud on k\u00fcpsed\u00a0<strong>murakad<\/strong>\u00a0noodid annavad kerge hapukuse, mis aitab veelgi paremini esile tuua maitsete terviku. Selle kohvi jaoks valitud keskmine r\u00f6st annab sellele magusa maitse\u00a0<strong>kallis<\/strong>\u00a0aroom, mis m\u00f5nusalt ninna k\u00f5ditab ja teise l\u00f5hnava tassi juurde kutsub. Guatemala on ideaalne hommikukohv, mis inspireerib loomingulist p\u00e4eva.\u00a0<\/span>\u00a0\u00c4rge tehke viga, COFFEE CRUISE&#039;is on kahte t\u00fc\u00fcpi GUATEMALA kohvi. See meie GUATEMALA sort (roosa) on kofeiinivaba, teine hall GUATEMALA on kofeiinivaba (kofeiinivaba).<\/p>\n<p><strong>Funktsioonid:<\/strong><\/p>\n<ul>\n<li>Kohvi t\u00fc\u00fcp: Arabica 100%<\/li>\n<li>Tugevus: 6\/10<\/li>\n<li>R\u00f6stimine:\u00a0<strong>Keskmine<\/strong>.<\/li>\n<li>Keha:<strong>\u00a0Keskmine.<\/strong><\/li>\n<li>Aroom ja magusus:\u00a0<strong>Karamell ja mesi.<\/strong><\/li>\n<li>Kibedus:\u00a0<strong>\u0160okolaad<\/strong><strong>.<\/strong><\/li>\n<li>Viljakus:\u00a0<strong>Murakad<\/strong><strong>.<\/strong><\/li>\n<li><b>Tasub osta:<\/b> 1 kg \u2248 100 tassi kohvi.<\/li>\n<li>V\u00e4ga soovitatav\u00a0<b>kohvimasinate jaoks<\/b>.<\/li>\n<\/ul>\n<p>Kas teil on k\u00fcsimusi? v\u00f5ta meiega \u00fchendust\u00a0<a href=\"https:\/\/hookahshop.lt\/et\/kontaktid\/\">kontaktide leht<\/a>\u00a0v\u00f5i saatke meile e-kiri aadressil\u00a0<a href=\"https:\/\/facebook.com\/HookahShop.lt\/\" target=\"_blank\" rel=\"noopener\">Facebooki konto<\/a>\u00a0ja vastame teie taotlusele samal p\u00e4eval.<\/p>","protected":false},"excerpt":{"rendered":"<p>Kohvioad COFFEE CRUISE Guatemala 1kg Kauges Guatemalas valminud kohviubadele on omane tumedale \u0161okolaadile omistatud kibedus, mida peenelt t\u00e4iendab karamelline magusus. Just see kibeduse ja magususe tasakaal on Guatemala piirkonnas kasvavale kohvile ainuomane. K\u00fcpsete murakate puuviljased noodid annavad kerge happesuse, mis aitab kogu maitsel veelgi paremini avalduda.  Selle kohvi jaoks valitud keskmine r\u00f6st v\u00f5imaldab tunda magusa mee aroomi, k\u00f5ditades m\u00f5nusalt nina ja kutsudes sekundiks [...]<\/p>","protected":false},"featured_media":38798,"comment_status":"open","ping_status":"closed","template":"","meta":[],"_links":{"self":[{"href":"https:\/\/hookahshop.lt\/et\/wp-json\/wp\/v2\/product\/38796"}],"collection":[{"href":"https:\/\/hookahshop.lt\/et\/wp-json\/wp\/v2\/product"}],"about":[{"href":"https:\/\/hookahshop.lt\/et\/wp-json\/wp\/v2\/types\/product"}],"replies":[{"embeddable":true,"href":"https:\/\/hookahshop.lt\/et\/wp-json\/wp\/v2\/comments?post=38796"}],"version-history":[{"count":3,"href":"https:\/\/hookahshop.lt\/et\/wp-json\/wp\/v2\/product\/38796\/revisions"}],"predecessor-version":[{"id":39104,"href":"https:\/\/hookahshop.lt\/et\/wp-json\/wp\/v2\/product\/38796\/revisions\/39104"}],"wp:featuredmedia":[{"embeddable":true,"href":"https:\/\/hookahshop.lt\/et\/wp-json\/wp\/v2\/media\/38798"}],"wp:attachment":[{"href":"https:\/\/hookahshop.lt\/et\/wp-json\/wp\/v2\/media?parent=38796"}],"curies":[{"name":"wp","href":"https:\/\/api.w.org\/{rel}","templated":true}]}}