{"id":38807,"date":"2024-03-25T00:03:00","date_gmt":"2024-03-24T22:03:00","guid":{"rendered":"https:\/\/hookahshop.lt\/?post_type=product&#038;p=38807"},"modified":"2026-04-14T23:29:47","modified_gmt":"2026-04-14T20:29:47","slug":"kavos-pupeles-coffee-cruise-salvador-1kg","status":"publish","type":"product","link":"https:\/\/hookahshop.lt\/et\/toode\/kohvioad-kohvi-kruiis-salvador-1kg\/","title":{"rendered":"Kohvioad COFFEE CRUISE Salvador 1kg"},"content":{"rendered":"<h2>Kohvioad COFFEE CRUISE Salvador 1kg<\/h2>\n<p>Kesk-Ameerika piirkonnas asuv El Salvador on maailmas tuntud oma erilise kohviarmastuse poolest. Domineerivad selles piirkonnas kasvavad kohvioad <strong>rosinate jaoks<\/strong>\u00a0iseloomustab vaevum\u00e4rgatav kibedus, mida t\u00e4iendab\u00a0<strong>Vahtra siirup<\/strong>\u00a0noodileht See koostis v\u00f5imaldab teil nautida intensiivse, emotsionaalse ja tasakaalustatud maitsega kohvi. Mahlasus annab kohvile mahlakuse\u00a0<strong>kirss<\/strong>, ja aroomi sisse hingates tunned viinamarjap\u00f5ldude kuumust. El Salvadori kohv sobib suurep\u00e4raselt neile, kellele meeldib keskmise r\u00f6stiga kohv, mida on nii hea nautida vaiksel p\u00e4rastl\u00f5unal.<\/p>\n<p><strong>Funktsioonid:<\/strong><\/p>\n<ul>\n<li>Kohvi t\u00fc\u00fcp: Arabica 100%<\/li>\n<li>Tugevus: 3\/10<\/li>\n<li>R\u00f6stimine:\u00a0<strong>Keskmine<\/strong>.<\/li>\n<li>Keha:<strong>\u00a0Keskmine.<\/strong><\/li>\n<li>Aroom ja magusus:\u00a0<strong>Vahtrasiirup ja viinamarjad.<\/strong><\/li>\n<li>Kibedus:\u00a0<strong>Rosinad<\/strong><strong>.<\/strong><\/li>\n<li>Viljakus:\u00a0<strong>Kirss<\/strong><strong>.<\/strong><\/li>\n<li aria-level=\"1\"><b>Tasub osta:<\/b> 1 kg \u2248 100 tassi kohvi.<\/li>\n<li aria-level=\"1\">V\u00e4ga soovitatav\u00a0<b>kohvimasinate jaoks<\/b>.<\/li>\n<\/ul>\n<p>Kas teil on k\u00fcsimusi? v\u00f5ta meiega \u00fchendust\u00a0<a href=\"https:\/\/hookahshop.lt\/et\/kontaktid\/\">kontaktide leht<\/a>\u00a0v\u00f5i saatke meile e-kiri aadressil\u00a0<a href=\"https:\/\/facebook.com\/HookahShop.lt\/\" target=\"_blank\" rel=\"noopener\">Facebooki konto<\/a>\u00a0ja vastame teie taotlusele samal p\u00e4eval.<\/p>","protected":false},"excerpt":{"rendered":"<p>Kohvioad KOHVIKRUIIS Salvador 1kg Kesk-Ameerika piirkonnas asuv El Salvador on kogu maailmas tuntud oma erilise kohviarmastuse poolest. Selles piirkonnas kasvatatavates kohviubades domineerib rosinate peen m\u00f5rkjus, mida t\u00e4iendavad vahtrasiirupi noodid. See koostis v\u00f5imaldab nautida intensiivse, emotsionaalse, tasakaalustatud maitsega kohvi. Mahlane kirss lisab kohvile puuviljasust ning aroomi sisse hingates on tunda viinamarjap\u00f5ldude soojust. Saada meil [\u2026]<\/p>","protected":false},"featured_media":38808,"comment_status":"open","ping_status":"closed","template":"","meta":[],"_links":{"self":[{"href":"https:\/\/hookahshop.lt\/et\/wp-json\/wp\/v2\/product\/38807"}],"collection":[{"href":"https:\/\/hookahshop.lt\/et\/wp-json\/wp\/v2\/product"}],"about":[{"href":"https:\/\/hookahshop.lt\/et\/wp-json\/wp\/v2\/types\/product"}],"replies":[{"embeddable":true,"href":"https:\/\/hookahshop.lt\/et\/wp-json\/wp\/v2\/comments?post=38807"}],"version-history":[{"count":3,"href":"https:\/\/hookahshop.lt\/et\/wp-json\/wp\/v2\/product\/38807\/revisions"}],"predecessor-version":[{"id":42220,"href":"https:\/\/hookahshop.lt\/et\/wp-json\/wp\/v2\/product\/38807\/revisions\/42220"}],"wp:featuredmedia":[{"embeddable":true,"href":"https:\/\/hookahshop.lt\/et\/wp-json\/wp\/v2\/media\/38808"}],"wp:attachment":[{"href":"https:\/\/hookahshop.lt\/et\/wp-json\/wp\/v2\/media?parent=38807"}],"curies":[{"name":"wp","href":"https:\/\/api.w.org\/{rel}","templated":true}]}}