{"id":38825,"date":"2024-03-25T00:19:12","date_gmt":"2024-03-24T22:19:12","guid":{"rendered":"https:\/\/hookahshop.lt\/?post_type=product&#038;p=38825"},"modified":"2025-11-06T20:59:46","modified_gmt":"2025-11-06T18:59:46","slug":"malta-kava-coffee-cruise-guatemala-decaf","status":"publish","type":"product","link":"https:\/\/hookahshop.lt\/et\/toode\/jahvatatud-kohv-kohv-kruiis-guatemala-kofeivaba\/","title":{"rendered":"Jahvatatud kohv COFFEE CRUISE Guatemala kofeiinivaba 250g"},"content":{"rendered":"<h2>Jahvatatud kohv COFFEE CRUISE Guatemala kofeiinivaba 250g<\/h2>\n<p>Neile, kes armastavad kohvi, kuid v\u00e4ldivad kofeiini, ainult teile, mu kallid, Guatemala kofeiinivaba. Kofeiinivaba kohv paistab silma <strong>terad<\/strong>\u00a0kibedus, millega on m\u00f5nusalt segunenud\u00a0<strong>iiris<\/strong>\u00a0magusus. See \u00f5rn tasakaal on l\u00f5petatud\u00a0<strong>kuivatatud puuviljad<\/strong> M\u00e4rge Kreemjas vaht t\u00f5otab m\u00f5nusaid hetki kofeiinivaba kohvi nautides. Pole vahet, kas r\u00f6stite seda v\u00f5i kasutate kohvimasinat \u2013 Guatemala Decaf levitab \u0161okolaadi aroomi \u00fcle maja. Kesk-Aafrikast p\u00e4rit kohv v\u00f5imaldab nautida selle parimaid omadusi.<\/p>\n<p><strong>Funktsioonid:<\/strong><\/p>\n<ul>\n<li><strong>Ilma kofeiinita<\/strong>.<\/li>\n<li>Kohvi t\u00fc\u00fcp: Arabica 100%<\/li>\n<li>Tugevus: 5\/10<\/li>\n<li>R\u00f6stimine:\u00a0<strong>Keskmine<\/strong>.<\/li>\n<li>Keha:<strong> Keskmine.<\/strong><\/li>\n<li>Aroom ja magusus:\u00a0<strong>Toffee ja \u0161okolaad.<\/strong><\/li>\n<li>R\u00f6stimine:\u00a0<strong>Keskmine<\/strong>.<\/li>\n<li>Kibedus:\u00a0<strong>Terad<\/strong><strong>.<\/strong><\/li>\n<li>Viljakus:\u00a0<strong>Kuivatatud puuviljad<\/strong><strong>.<\/strong><\/li>\n<li><b>Tasub osta:<\/b>\u00a0250 g \u2248 20 tassi kohvi.<\/li>\n<li aria-level=\"1\">V\u00e4ga soovitatav\u00a0<b>kohvimasinate jaoks<\/b>.<\/li>\n<\/ul>\n<p>Kas teil on k\u00fcsimusi? v\u00f5ta meiega \u00fchendust\u00a0<a href=\"https:\/\/hookahshop.lt\/et\/kontaktid\/\">kontaktide leht<\/a>\u00a0v\u00f5i saatke meile e-kiri aadressil\u00a0<a href=\"https:\/\/facebook.com\/HookahShop.lt\/\" target=\"_blank\" rel=\"noopener\">Facebooki konto<\/a>\u00a0ja vastame teie taotlusele samal p\u00e4eval.<\/p>\n<p>&nbsp;<\/p>","protected":false},"excerpt":{"rendered":"<p>Jahvatatud kohv COFFEE CRUISE Guatemala kofeiinivaba 250g Neile, kes jumaldavad kohvi, kuid v\u00e4ldivad kofeiini, ainult teile, mu kallid, Guatemala kofeiinivaba. Kofeiinivaba kohv, millel on tera m\u00f5rkjus, mis on m\u00f5nusalt segunenud iirise magususega. Selle \u00f5rna harmoonia l\u00f5petab kuivatatud puuviljade noot. Kreemjas vaht t\u00f5otab m\u00f5nusaid hetki kofeiinivaba kohvi nautides. \u00dcksk\u00f5ik, kas r\u00f6stite seda v\u00f5i kasutate kohvimasinat, Guatemala [\u2026]<\/p>","protected":false},"featured_media":38827,"comment_status":"open","ping_status":"closed","template":"","meta":[],"_links":{"self":[{"href":"https:\/\/hookahshop.lt\/et\/wp-json\/wp\/v2\/product\/38825"}],"collection":[{"href":"https:\/\/hookahshop.lt\/et\/wp-json\/wp\/v2\/product"}],"about":[{"href":"https:\/\/hookahshop.lt\/et\/wp-json\/wp\/v2\/types\/product"}],"replies":[{"embeddable":true,"href":"https:\/\/hookahshop.lt\/et\/wp-json\/wp\/v2\/comments?post=38825"}],"version-history":[{"count":5,"href":"https:\/\/hookahshop.lt\/et\/wp-json\/wp\/v2\/product\/38825\/revisions"}],"predecessor-version":[{"id":39256,"href":"https:\/\/hookahshop.lt\/et\/wp-json\/wp\/v2\/product\/38825\/revisions\/39256"}],"wp:featuredmedia":[{"embeddable":true,"href":"https:\/\/hookahshop.lt\/et\/wp-json\/wp\/v2\/media\/38827"}],"wp:attachment":[{"href":"https:\/\/hookahshop.lt\/et\/wp-json\/wp\/v2\/media?parent=38825"}],"curies":[{"name":"wp","href":"https:\/\/api.w.org\/{rel}","templated":true}]}}