{"id":38837,"date":"2024-03-25T00:28:49","date_gmt":"2024-03-24T22:28:49","guid":{"rendered":"https:\/\/hookahshop.lt\/?post_type=product&#038;p=38837"},"modified":"2025-11-06T20:59:46","modified_gmt":"2025-11-06T18:59:46","slug":"malta-kava-coffee-cruise-kenya-250g","status":"publish","type":"product","link":"https:\/\/hookahshop.lt\/et\/toode\/jahvatatud-kohv-kohv-kruiis-keenia-250g\/","title":{"rendered":"Jahvatatud kohv COFFEE CRUISE Kenya 250g"},"content":{"rendered":"<h2>Jahvatatud kohv COFFEE CRUISE Kenya 250g<\/h2>\n<p>Rikkalikus vulkaanilises pinnases kasvatatud Keenia kohvi peetakse \u00fcheks kvaliteetseimaks kohviks maailmas. K\u00f5rgetel m\u00e4en\u00f5lvadel aeglaselt kasvanud Keenia kohviubadel on rohkem aega, et arendada rikkalikku maitset, mis sisaldab s\u00fcgavat veinilaadset mahlakast hapet ja rafineeritud. <strong><em>mustad s\u00f5strad<\/em><\/strong>\u00a0ja\u00a0<em><strong>vaarikad<\/strong><\/em>\u00a0magusus, peenelt t\u00e4iendatud\u00a0<strong><em>sidrunid<\/em><\/strong> m\u00e4rkmeid.<\/p>\n<p><strong>Funktsioonid:<\/strong><\/p>\n<ul>\n<li>Kohvi t\u00fc\u00fcp: Arabica 100%<\/li>\n<li>Tugevus: 7\/10<\/li>\n<li>R\u00f6stimine:\u00a0<strong>Keskmine<\/strong>.<\/li>\n<li>Keha:<strong> Keskmine.<\/strong><\/li>\n<li>Aroom ja magusus:\u00a0<strong>Must s\u00f5star ja lilled.<\/strong><\/li>\n<li>Kibedus:\u00a0<strong>Vaarikad.<\/strong><\/li>\n<li>Viljakus:\u00a0<strong>Sidrunid<\/strong><strong>.<\/strong><\/li>\n<li><b>Tasub osta:<\/b>\u00a0250 g \u2248 20 tassi kohvi.<\/li>\n<li aria-level=\"1\">V\u00e4ga soovitatav\u00a0<b>kohvimasinate jaoks<\/b>.<\/li>\n<\/ul>\n<p>Kas teil on k\u00fcsimusi? v\u00f5ta meiega \u00fchendust\u00a0<a href=\"https:\/\/hookahshop.lt\/et\/kontaktid\/\">kontaktide leht<\/a>\u00a0v\u00f5i saatke meile e-kiri aadressil\u00a0<a href=\"https:\/\/facebook.com\/HookahShop.lt\/\" target=\"_blank\" rel=\"noopener\">Facebooki konto<\/a>\u00a0ja vastame teie taotlusele samal p\u00e4eval.<\/p>","protected":false},"excerpt":{"rendered":"<p>Jahvatatud kohv COFFEE CRUISE Kenya 250g Keenia rikkalikus vulkaanilises pinnases kasvanud kohvi peetakse \u00fcheks maailma kvaliteetseimaks kohviks. M\u00e4gede k\u00f5rgetel n\u00f5lvadel aeglaselt kasvanud Keenia kohviubadel on rohkem aega, et arendada rikkalikku maitset, mis sisaldab s\u00fcgavat veinilaadset puuviljalist happesust ning musts\u00f5strate ja vaarikate rafineeritud magusust, mida peenelt t\u00e4iendavad sidruninoodid. Omadused: Kohvi t\u00fc\u00fcp: Arabica 100% Kangus: 7\/10 [\u2026]<\/p>","protected":false},"featured_media":38838,"comment_status":"open","ping_status":"closed","template":"","meta":[],"_links":{"self":[{"href":"https:\/\/hookahshop.lt\/et\/wp-json\/wp\/v2\/product\/38837"}],"collection":[{"href":"https:\/\/hookahshop.lt\/et\/wp-json\/wp\/v2\/product"}],"about":[{"href":"https:\/\/hookahshop.lt\/et\/wp-json\/wp\/v2\/types\/product"}],"replies":[{"embeddable":true,"href":"https:\/\/hookahshop.lt\/et\/wp-json\/wp\/v2\/comments?post=38837"}],"version-history":[{"count":3,"href":"https:\/\/hookahshop.lt\/et\/wp-json\/wp\/v2\/product\/38837\/revisions"}],"predecessor-version":[{"id":39023,"href":"https:\/\/hookahshop.lt\/et\/wp-json\/wp\/v2\/product\/38837\/revisions\/39023"}],"wp:featuredmedia":[{"embeddable":true,"href":"https:\/\/hookahshop.lt\/et\/wp-json\/wp\/v2\/media\/38838"}],"wp:attachment":[{"href":"https:\/\/hookahshop.lt\/et\/wp-json\/wp\/v2\/media?parent=38837"}],"curies":[{"name":"wp","href":"https:\/\/api.w.org\/{rel}","templated":true}]}}