{"id":38882,"date":"2024-04-05T23:01:39","date_gmt":"2024-04-05T20:01:39","guid":{"rendered":"https:\/\/hookahshop.lt\/?post_type=product&#038;p=38882"},"modified":"2026-04-17T23:29:57","modified_gmt":"2026-04-17T20:29:57","slug":"karscio-kamera-ocean-v2-steel","status":"publish","type":"product","link":"https:\/\/hookahshop.lt\/et\/toode\/soojus-kaamera-ookean-v2-teras\/","title":{"rendered":"Soojuskaamera OCEAN V2 terasest"},"content":{"rendered":"<h2>Soojuskaamera OCEAN V2 terasest<\/h2>\n<p>Muljetavaldav disain kontrastsetes v\u00e4rvides graveeringutega. Roostevaba terase CNC treimine. Sees kaunistab LIT HMD p\u00f5hja Ocean Hookah kompassiroos. Samas tagab see t\u00e4nu kergele t\u00f5usule piisava hapniku j\u00f5udmise h\u00f5\u00f5guva s\u00f6e p\u00f5hja. Soojuskambril on v\u00e4ga praktiline sissepoole kaldus s\u00fcsiniku serv.<\/p>\n<p><strong>Spetsifikatsioonid:<\/strong><br \/>\nV\u00e4lisl\u00e4bim\u00f5\u00f5t: 72 mm<br \/>\nK\u00f5rgus: 28 mm<br \/>\nKaal: 163 g.<br \/>\nMaterjal: roostevaba teras<\/p>\n<p>Uuendus: suuremad augud + libisemiskindel serv!<\/p>\n<p>Kas teil on k\u00fcsimusi? v\u00f5ta meiega \u00fchendust\u00a0<a href=\"https:\/\/hookahshop.lt\/et\/kontaktid\/\">kontaktide leht<\/a>\u00a0v\u00f5i saatke meile e-kiri aadressil\u00a0<a href=\"https:\/\/facebook.com\/HookahShop.lt\/\" target=\"_blank\" rel=\"noopener noreferrer\">Facebooki konto<\/a>\u00a0ja vastame teie taotlusele samal p\u00e4eval.<\/p>","protected":false},"excerpt":{"rendered":"<p>Kuumakamber OCEAN V2 Steel Muljetavaldav disain kontrastsetes v\u00e4rvides graveeringutega. Roostevaba terase CNC treimine. Sees kaunistab LIT HMD p\u00f5hja Ocean Hookah kompassiroos. Samas tagab see t\u00e4nu kergele t\u00f5usule piisava hapniku j\u00f5udmise h\u00f5\u00f5guva s\u00f6e p\u00f5hja. Soojuskambril on v\u00e4ga praktiline sissepoole kaldus s\u00fcsiniku serv. Tehnilised andmed: v\u00e4lisl\u00e4bim\u00f5\u00f5t: 72 [\u2026]<\/p>","protected":false},"featured_media":38886,"comment_status":"open","ping_status":"closed","template":"","meta":[],"_links":{"self":[{"href":"https:\/\/hookahshop.lt\/et\/wp-json\/wp\/v2\/product\/38882"}],"collection":[{"href":"https:\/\/hookahshop.lt\/et\/wp-json\/wp\/v2\/product"}],"about":[{"href":"https:\/\/hookahshop.lt\/et\/wp-json\/wp\/v2\/types\/product"}],"replies":[{"embeddable":true,"href":"https:\/\/hookahshop.lt\/et\/wp-json\/wp\/v2\/comments?post=38882"}],"version-history":[{"count":3,"href":"https:\/\/hookahshop.lt\/et\/wp-json\/wp\/v2\/product\/38882\/revisions"}],"predecessor-version":[{"id":38932,"href":"https:\/\/hookahshop.lt\/et\/wp-json\/wp\/v2\/product\/38882\/revisions\/38932"}],"wp:featuredmedia":[{"embeddable":true,"href":"https:\/\/hookahshop.lt\/et\/wp-json\/wp\/v2\/media\/38886"}],"wp:attachment":[{"href":"https:\/\/hookahshop.lt\/et\/wp-json\/wp\/v2\/media?parent=38882"}],"curies":[{"name":"wp","href":"https:\/\/api.w.org\/{rel}","templated":true}]}}