{"id":38887,"date":"2024-04-05T23:30:50","date_gmt":"2024-04-05T20:30:50","guid":{"rendered":"https:\/\/hookahshop.lt\/?post_type=product&#038;p=38887"},"modified":"2026-04-22T23:30:01","modified_gmt":"2026-04-22T20:30:01","slug":"sirupo-gaudykle-ocean-stainless-steel-gold","status":"publish","type":"product","link":"https:\/\/hookahshop.lt\/et\/toode\/siirup-loks-ookean-roostevaba-teras-kuld\/","title":{"rendered":"Siirupip\u00fc\u00fcnis OCEAN roostevabast terasest kullast"},"content":{"rendered":"<h2>Siirupip\u00fc\u00fcnis OCEAN roostevabast terasest kullast<\/h2>\n<p>Sobib igale vesipiibule, kinnitatud klaasi alla. Hoiab kolvis oleva vee puhta ja v\u00e4rske. M\u00e4rkamatu, lihtne disain. See siirupip\u00fc\u00fcnis on valmistatud t\u00e4ielikult metallist, muutes selle vastupidavamaks. Takistab tubakalehtede ja siirupi sattumist kolbi ja vesipiibu varre. Hoiab \u00e4ra kolbi kollaseks muutumise, mis on eriti oluline vesipiibu serveerimisel laual olevas vesipiibus. N\u00fc\u00fcd ei pea te vesipiipu pesema iga kord, kui tassi vahetate, et eemaldada p\u00f5hjas olevad siirup ja tubakalehed.<\/p>\n<p><strong>Omadused:<\/strong><br \/>\nK\u00f5rgus: 62mm<br \/>\nL\u00e4bim\u00f5\u00f5t (v\u00e4limine): 45 mm<br \/>\nL\u00e4bim\u00f5\u00f5t (sisemine): 38mm<br \/>\nMaterjal: roostevaba teras<\/p>\n<p>Kas teil on k\u00fcsimusi? v\u00f5ta meiega \u00fchendust\u00a0<a href=\"https:\/\/hookahshop.lt\/et\/kontaktid\/\">kontaktide leht<\/a>\u00a0v\u00f5i saatke meile e-kiri aadressil\u00a0<a href=\"https:\/\/facebook.com\/HookahShop.lt\/\" target=\"_blank\" rel=\"noopener noreferrer\">Facebooki konto<\/a>\u00a0ja vastame teie taotlusele samal p\u00e4eval.<\/p>","protected":false},"excerpt":{"rendered":"<p>Siirupip\u00fc\u00fcnis OCEAN Stainless Steel Gold Sobib igale vesipiibule, kinnitatud klaasi alla. Hoiab kolvis oleva vee puhta ja v\u00e4rske. M\u00e4rkamatu, lihtne disain. See siirupip\u00fc\u00fcnis on valmistatud t\u00e4ielikult metallist, muutes selle vastupidavamaks. Takistab tubakalehtede ja siirupi sattumist kolbi ja vesipiibu varre. Hoiab \u00e4ra kolbi kollaseks muutumise, mis on eriti oluline vesipiibu serveerimisel [\u2026]<\/p>","protected":false},"featured_media":38894,"comment_status":"open","ping_status":"closed","template":"","meta":[],"_links":{"self":[{"href":"https:\/\/hookahshop.lt\/et\/wp-json\/wp\/v2\/product\/38887"}],"collection":[{"href":"https:\/\/hookahshop.lt\/et\/wp-json\/wp\/v2\/product"}],"about":[{"href":"https:\/\/hookahshop.lt\/et\/wp-json\/wp\/v2\/types\/product"}],"replies":[{"embeddable":true,"href":"https:\/\/hookahshop.lt\/et\/wp-json\/wp\/v2\/comments?post=38887"}],"version-history":[{"count":3,"href":"https:\/\/hookahshop.lt\/et\/wp-json\/wp\/v2\/product\/38887\/revisions"}],"predecessor-version":[{"id":38931,"href":"https:\/\/hookahshop.lt\/et\/wp-json\/wp\/v2\/product\/38887\/revisions\/38931"}],"wp:featuredmedia":[{"embeddable":true,"href":"https:\/\/hookahshop.lt\/et\/wp-json\/wp\/v2\/media\/38894"}],"wp:attachment":[{"href":"https:\/\/hookahshop.lt\/et\/wp-json\/wp\/v2\/media?parent=38887"}],"curies":[{"name":"wp","href":"https:\/\/api.w.org\/{rel}","templated":true}]}}