{"id":38900,"date":"2024-04-06T00:01:42","date_gmt":"2024-04-05T21:01:42","guid":{"rendered":"https:\/\/hookahshop.lt\/?post_type=product&#038;p=38900"},"modified":"2026-04-06T23:29:35","modified_gmt":"2026-04-06T20:29:35","slug":"taurele-kaljanui-alpha-race-phunnel-white-matte","status":"publish","type":"product","link":"https:\/\/hookahshop.lt\/et\/toode\/tass-vesipiip-alfa-rassi-lehter-valge-matt\/","title":{"rendered":"TASS VESIPIIBULE ALPHA Race Phunnel White Mat"},"content":{"rendered":"<h2>TASS VESIPIIBULE ALPHA Race Phunnel White Mat<\/h2>\n<p>ALPHA HOKAH, tuntud vesipiipude ja vesipiibu tarvikute tootja, uued k\u00e4sit\u00f6\u00f6na valmistatud tassid silikoon kaubam\u00e4rgiga vahet\u00fckiga.<br \/>\nTubaka mahutavus: 15-20g. (olenevalt kasutatavast pakkimisviisist ja tubaka t\u00fc\u00fcbist).<\/p>\n<p><strong>Spetsifikatsioon:<\/strong><br \/>\nK\u00f5rgus: 10 cm<br \/>\nL\u00e4bim\u00f5\u00f5t: ~75mm<br \/>\nAukude arv: 1tk<\/p>\n<p><strong>Omadused:<\/strong><br \/>\nLiik: phunnel<br \/>\nMaterjal: Saksa keraamika, glasuur, silikoon<\/p>\n<p>Kas teil on k\u00fcsimusi? v\u00f5ta meiega \u00fchendust\u00a0<a href=\"https:\/\/hookahshop.lt\/et\/kontaktid\/\">kontaktide leht<\/a>\u00a0v\u00f5i saatke meile e-kiri aadressil\u00a0<a href=\"https:\/\/facebook.com\/HookahShop.lt\/\" target=\"_blank\" rel=\"noopener\">Facebooki konto<\/a>\u00a0ja vastame teie taotlusele samal p\u00e4eval.<\/p>\n<p>&nbsp;<\/p>","protected":false},"excerpt":{"rendered":"<p>Vesipiibu tass ALPHA Race Phunnel White Matte Tuntud vesipiibude ja vesipiibutarvikute tootja ALPHA HOKAH uued k\u00e4sitsi valmistatud tassid silikoonm\u00e4rgiga siset\u00fckiga. Tubaka mahutavus: 15-20g. (olenevalt kasutatavast pakendamisviisist ja tubaka t\u00fc\u00fcbist). Spetsifikatsioon: K\u00f5rgus: 10cm L\u00e4bim\u00f5\u00f5t: ~75mm Aukude arv: 1tk Omadused: T\u00fc\u00fcp: phunnel Materjal: Saksa keraamika, glasuur, silikoon Kas on k\u00fcsimusi? V\u00f5tke meiega \u00fchendust meie kontakti kaudu [\u2026]<\/p>","protected":false},"featured_media":38901,"comment_status":"open","ping_status":"closed","template":"","meta":[],"_links":{"self":[{"href":"https:\/\/hookahshop.lt\/et\/wp-json\/wp\/v2\/product\/38900"}],"collection":[{"href":"https:\/\/hookahshop.lt\/et\/wp-json\/wp\/v2\/product"}],"about":[{"href":"https:\/\/hookahshop.lt\/et\/wp-json\/wp\/v2\/types\/product"}],"replies":[{"embeddable":true,"href":"https:\/\/hookahshop.lt\/et\/wp-json\/wp\/v2\/comments?post=38900"}],"version-history":[{"count":2,"href":"https:\/\/hookahshop.lt\/et\/wp-json\/wp\/v2\/product\/38900\/revisions"}],"predecessor-version":[{"id":38929,"href":"https:\/\/hookahshop.lt\/et\/wp-json\/wp\/v2\/product\/38900\/revisions\/38929"}],"wp:featuredmedia":[{"embeddable":true,"href":"https:\/\/hookahshop.lt\/et\/wp-json\/wp\/v2\/media\/38901"}],"wp:attachment":[{"href":"https:\/\/hookahshop.lt\/et\/wp-json\/wp\/v2\/media?parent=38900"}],"curies":[{"name":"wp","href":"https:\/\/api.w.org\/{rel}","templated":true}]}}