{"id":38904,"date":"2024-04-06T00:09:42","date_gmt":"2024-04-05T21:09:42","guid":{"rendered":"https:\/\/hookahshop.lt\/?post_type=product&#038;p=38904"},"modified":"2026-04-15T23:29:35","modified_gmt":"2026-04-15T20:29:35","slug":"sirupo-gaudykle-alpha-hookah-xr-beat-gold","status":"publish","type":"product","link":"https:\/\/hookahshop.lt\/et\/toode\/siirup-loks-alfa-vesipiip-xr-beat-kuld\/","title":{"rendered":"Siirupip\u00fc\u00fcnis ALPHA HOOKAH XR Beat Gold"},"content":{"rendered":"<h2>Siirupip\u00fc\u00fcnis ALPHA HOOKAH XR Beat Gold<\/h2>\n<p>See on asendamatu lisavarustus ainult Beat sarja vesipiipude ALPHA HOOKAH mudelitele. V\u00e4ltige tubakalehtede ja siirupi sattumist kolbi ja vesipiibu auku. Kaitseb kolvis kollaseks muutumise eest, mis on eriti oluline vesipiibu lauale serveerimisel. N\u00fc\u00fcd pole tassi vahetades vaja vesipiipu iga kord pesta, et eemaldada p\u00f5hjast siirup ja tubakalehed.<\/p>\n<p><strong>Omadused:<\/strong><br \/>\nK\u00f5rgus: 55mm<br \/>\nL\u00e4bim\u00f5\u00f5t (v\u00e4limine): 38 mm<br \/>\nL\u00e4bim\u00f5\u00f5t (sisemine): 16 mm<br \/>\nKaal: umbes 132 g<\/p>\n<p>Kas teil on k\u00fcsimusi? v\u00f5ta meiega \u00fchendust\u00a0<a href=\"https:\/\/hookahshop.lt\/et\/kontaktid\/\">kontaktide leht<\/a>\u00a0v\u00f5i saatke meile e-kiri aadressil\u00a0<a href=\"https:\/\/facebook.com\/HookahShop.lt\/\" target=\"_blank\" rel=\"noopener noreferrer\">Facebooki konto<\/a>\u00a0ja vastame teie taotlusele samal p\u00e4eval.<\/p>","protected":false},"excerpt":{"rendered":"<p>Siirupip\u00fc\u00fcnis ALPHA HOOKAH XR Beat Gold See on asendamatu tarvik, mis sobib ainult ALPHA HOOKAH mudelitele Beat seeria vesipiipudele. Takistab tubakalehtede ja siirupi sattumist kolbi ja vesipiibu varre. Hoiab \u00e4ra kolbi kollaseks muutumise, mis on eriti oluline vesipiibu laual serveerimisel. N\u00fc\u00fcd pole tassi vahetades vaja vesipiipu iga kord pesta, et siirup eemaldada ja [...]<\/p>","protected":false},"featured_media":38905,"comment_status":"open","ping_status":"closed","template":"","meta":[],"_links":{"self":[{"href":"https:\/\/hookahshop.lt\/et\/wp-json\/wp\/v2\/product\/38904"}],"collection":[{"href":"https:\/\/hookahshop.lt\/et\/wp-json\/wp\/v2\/product"}],"about":[{"href":"https:\/\/hookahshop.lt\/et\/wp-json\/wp\/v2\/types\/product"}],"replies":[{"embeddable":true,"href":"https:\/\/hookahshop.lt\/et\/wp-json\/wp\/v2\/comments?post=38904"}],"version-history":[{"count":4,"href":"https:\/\/hookahshop.lt\/et\/wp-json\/wp\/v2\/product\/38904\/revisions"}],"predecessor-version":[{"id":43118,"href":"https:\/\/hookahshop.lt\/et\/wp-json\/wp\/v2\/product\/38904\/revisions\/43118"}],"wp:featuredmedia":[{"embeddable":true,"href":"https:\/\/hookahshop.lt\/et\/wp-json\/wp\/v2\/media\/38905"}],"wp:attachment":[{"href":"https:\/\/hookahshop.lt\/et\/wp-json\/wp\/v2\/media?parent=38904"}],"curies":[{"name":"wp","href":"https:\/\/api.w.org\/{rel}","templated":true}]}}