{"id":39060,"date":"2024-04-13T14:59:08","date_gmt":"2024-04-13T11:59:08","guid":{"rendered":"https:\/\/hookahshop.lt\/?post_type=product&#038;p=39060"},"modified":"2026-04-18T23:29:29","modified_gmt":"2026-04-18T20:29:29","slug":"kilimelis-taureliu-dziovinimui-darkside","status":"publish","type":"product","link":"https:\/\/hookahshop.lt\/et\/toode\/matt-tass-kuivatamiseks-tumedaks\/","title":{"rendered":"Tasside kuivatamise matt DARKSIDE"},"content":{"rendered":"<h2>Tasside kuivatamise matt DARKSIDE<\/h2>\n<p>Suurep\u00e4rane t\u00e4iendus igale vesipiibu k\u00e4sit\u00f6\u00f6lisele t\u00f6\u00f6kohale. Matt on m\u00f5eldud k\u00e4sit\u00f6\u00f6liste t\u00f6\u00f6 h\u00f5lbustamiseks nii asutustes kui ka kodus. Selle matiga saate korraga kuivatada kuni 18 vesipiibuklaasi. See pole lihtsalt matt, vaid t\u00f5eline kunstiteos, mis kaunistab ja t\u00e4iustab teie vesipiibukohta.<\/p>\n<p><strong>Mati eelised:<\/strong><\/p>\n<ul>\n<li>matt kogub liigset niiskust;<\/li>\n<li>vesi ei j\u00f5ua pinnale;<\/li>\n<li>visuaalselt tundub esteetiliselt meeldiv;<\/li>\n<\/ul>\n<p><strong>Omadused:<\/strong><br \/>\nMaterjal: silikoon (pehme puudutusega)<br \/>\nM\u00f5\u00f5dud: 50 x 25 x 1,2 cm<br \/>\nTassi maht: kuni 18 tk.<\/p>\n<p>Kas teil on k\u00fcsimusi? v\u00f5ta meiega \u00fchendust\u00a0<a href=\"https:\/\/hookahshop.lt\/et\/kontaktid\/\">kontaktide leht<\/a>\u00a0v\u00f5i saatke meile e-kiri aadressil\u00a0<a href=\"https:\/\/facebook.com\/HookahShop.lt\/\" target=\"_blank\" rel=\"noopener\">Facebooki konto<\/a>\u00a0ja vastame teie taotlusele samal p\u00e4eval.<\/p>","protected":false},"excerpt":{"rendered":"<p>Tasside kuivatamise matt DARKSIDE t\u00e4iendab suurep\u00e4raselt iga vesipiibumeistri t\u00f6\u00f6kohta. Matt on m\u00f5eldud k\u00e4sit\u00f6\u00f6liste t\u00f6\u00f6 h\u00f5lbustamiseks nii asutustes kui ka kodus. Selle matiga saate korraga kuivatada kuni 18 vesipiibuklaasi. See pole lihtsalt matt, vaid t\u00f5eline kunstiteos, mis kaunistab ja t\u00e4iustab teie vesipiibukohta. Mati eelised: matt kogub niiskust [...]<\/p>","protected":false},"featured_media":39061,"comment_status":"open","ping_status":"closed","template":"","meta":[],"_links":{"self":[{"href":"https:\/\/hookahshop.lt\/et\/wp-json\/wp\/v2\/product\/39060"}],"collection":[{"href":"https:\/\/hookahshop.lt\/et\/wp-json\/wp\/v2\/product"}],"about":[{"href":"https:\/\/hookahshop.lt\/et\/wp-json\/wp\/v2\/types\/product"}],"replies":[{"embeddable":true,"href":"https:\/\/hookahshop.lt\/et\/wp-json\/wp\/v2\/comments?post=39060"}],"version-history":[{"count":2,"href":"https:\/\/hookahshop.lt\/et\/wp-json\/wp\/v2\/product\/39060\/revisions"}],"predecessor-version":[{"id":39065,"href":"https:\/\/hookahshop.lt\/et\/wp-json\/wp\/v2\/product\/39060\/revisions\/39065"}],"wp:featuredmedia":[{"embeddable":true,"href":"https:\/\/hookahshop.lt\/et\/wp-json\/wp\/v2\/media\/39061"}],"wp:attachment":[{"href":"https:\/\/hookahshop.lt\/et\/wp-json\/wp\/v2\/media?parent=39060"}],"curies":[{"name":"wp","href":"https:\/\/api.w.org\/{rel}","templated":true}]}}