{"id":39067,"date":"2024-04-13T15:43:36","date_gmt":"2024-04-13T12:43:36","guid":{"rendered":"https:\/\/hookahshop.lt\/?post_type=product&#038;p=39067"},"modified":"2026-04-15T23:29:35","modified_gmt":"2026-04-15T20:29:35","slug":"individualus-kaljano-kandiklis-darkside-d-stick","status":"publish","type":"product","link":"https:\/\/hookahshop.lt\/et\/toode\/kohandatud-vesipiibu-hammustuse-pimedus\/","title":{"rendered":"Individuaalne vesipiibu huulik DARKSIDE D Stick"},"content":{"rendered":"<h2>Individuaalne vesipiibu huulik DARKSIDE D Stick<\/h2>\n<p>T\u00e4nu silikoonist siset\u00fckile sobib igale vesipiibu huulikule, on kaanega. Isiklik magnet\u00fcmbrise ja kaelapaelaga huulik \u2013 huulikut saad alati kaasas kanda. Vastupidavatest ja meeldivatest puudutusmaterjalidest valmistatud silikoontihend sobib igale teisele huulikule.<\/p>\n<p><strong>Spetsifikatsioonid:<\/strong><br \/>\nPikkus: 62 mm<br \/>\nL\u00e4bim\u00f5\u00f5t: 26 mm<br \/>\nMaterjal: pol\u00fcatsetaal, silikoon.<br \/>\nV\u00e4rvus must<\/p>\n<p><strong>Varustus:<\/strong><br \/>\nIndividuaalne n\u00f6\u00f6riga huulik<br \/>\nBranded Darside kast<\/p>\n<p>Kas teil on k\u00fcsimusi? v\u00f5ta meiega \u00fchendust\u00a0<a href=\"https:\/\/hookahshop.lt\/et\/kontaktid\/\">kontaktide leht<\/a>\u00a0v\u00f5i saatke meile e-kiri aadressil\u00a0<a href=\"https:\/\/facebook.com\/HookahShop.lt\/\" target=\"_blank\" rel=\"noopener\">Facebooki konto<\/a>\u00a0ja vastame teie taotlusele samal p\u00e4eval.<\/p>\n<p>&nbsp;<\/p>","protected":false},"excerpt":{"rendered":"<p>Individuaalne vesipiibu huulik DARKSIDE D Stick T\u00e4nu silikoonsisendile sobib iga vesipiibu huulikuga, on kaanega. Isiklik magnet\u00fcmbrise ja kaelapaelaga huulik \u2013 huulikut saad alati kaasas kanda. Vastupidavatest ja meeldivatest puudutusmaterjalidest valmistatud silikoontihend sobib igale teisele huulikule. Tehnilised andmed: Pikkus: 62 mm L\u00e4bim\u00f5\u00f5t: 26 mm Materjal: [\u2026]<\/p>","protected":false},"featured_media":39068,"comment_status":"open","ping_status":"closed","template":"","meta":[],"_links":{"self":[{"href":"https:\/\/hookahshop.lt\/et\/wp-json\/wp\/v2\/product\/39067"}],"collection":[{"href":"https:\/\/hookahshop.lt\/et\/wp-json\/wp\/v2\/product"}],"about":[{"href":"https:\/\/hookahshop.lt\/et\/wp-json\/wp\/v2\/types\/product"}],"replies":[{"embeddable":true,"href":"https:\/\/hookahshop.lt\/et\/wp-json\/wp\/v2\/comments?post=39067"}],"version-history":[{"count":5,"href":"https:\/\/hookahshop.lt\/et\/wp-json\/wp\/v2\/product\/39067\/revisions"}],"predecessor-version":[{"id":40073,"href":"https:\/\/hookahshop.lt\/et\/wp-json\/wp\/v2\/product\/39067\/revisions\/40073"}],"wp:featuredmedia":[{"embeddable":true,"href":"https:\/\/hookahshop.lt\/et\/wp-json\/wp\/v2\/media\/39068"}],"wp:attachment":[{"href":"https:\/\/hookahshop.lt\/et\/wp-json\/wp\/v2\/media?parent=39067"}],"curies":[{"name":"wp","href":"https:\/\/api.w.org\/{rel}","templated":true}]}}