{"id":39073,"date":"2024-04-13T16:35:15","date_gmt":"2024-04-13T13:35:15","guid":{"rendered":"https:\/\/hookahshop.lt\/?post_type=product&#038;p=39073"},"modified":"2026-04-13T16:24:06","modified_gmt":"2026-04-13T13:24:06","slug":"kaljanas-darkside-orion-stealth-grey","status":"publish","type":"product","link":"https:\/\/hookahshop.lt\/et\/toode\/hookah-darkside-orion-stealth-grey\/","title":{"rendered":"Vesipiip DARKSIDE Orion Stealth Grey"},"content":{"rendered":"<h2>Vesipiip DARKSIDE Orion Stealth Grey<\/h2>\n<p>See mudel on m\u00f5eldud klassikalise vesipiibu austajatele, kuid on moodsa disaini ja kerge kaaluga, nii et see sobib transportimiseks.<br \/>\nErinevalt paljudest t\u00e4nap\u00e4evastest vesipiipudest on Orioni mudelil j\u00e4ik v\u00f5ll, mis muudab selle teiste vesipiipudega v\u00f5rreldes t\u00f6\u00f6kindlamaks ja vastupidavamaks (ilma keermeteta). Samuti ei ole sellel mudelil hajutit, et vesipiibu joonistaks klassikaliseks (vastupanuga raskem).<br \/>\nEraldi tasub t\u00e4helepanu p\u00f6\u00f6rata magnet\u00fchendusele, mis kinnitab vooliku vesipiibu aluse k\u00fclge. See kinnitab vooliku kindlalt ja hoiab \u00e4ra selle v\u00e4ljakukkumise k\u00f5ige ebasobivamal hetkel.<br \/>\nOrionil on mugav lai k\u00fclgedega plaat, mis hoiab tuhka kindlalt kinni. Plaat on keermeta ja tuleb pealt l\u00e4bi.<\/p>\n<p><strong>Omadused:<\/strong><br \/>\nVesipiibu k\u00f5rgus: 52 cm<br \/>\nVarre l\u00e4bim\u00f5\u00f5t: 1,1 cm<br \/>\nMaterjal: roostevaba teras ja pol\u00fcatsetaal<br \/>\nVooliku\u00fchendus: magnetiline<br \/>\nVesipiibu t\u00f5mbamine: klassikaline raske (ilma hajutita)<\/p>\n<p><strong>Varustus:<\/strong><br \/>\nV\u00f5lli<br \/>\nHuulik<br \/>\nSilikoonvoolik must &quot;Soft Touch&quot;<br \/>\nTihendite komplekt<\/p>\n<p><img decoding=\"async\" loading=\"lazy\" class=\"alignnone size-medium wp-image-38521\" src=\"https:\/\/hookahshop.lt\/wp-content\/uploads\/2020\/09\/stiebas-zarna-kandiklis-1-300x273.jpg\" alt=\"- hookahshop.lt\" width=\"300\" height=\"273\" srcset=\"https:\/\/hookahshop.lt\/wp-content\/uploads\/2020\/09\/stiebas-zarna-kandiklis-1-300x273.jpg 300w, https:\/\/hookahshop.lt\/wp-content\/uploads\/2020\/09\/stiebas-zarna-kandiklis-1-13x12.jpg 13w, https:\/\/hookahshop.lt\/wp-content\/uploads\/2020\/09\/stiebas-zarna-kandiklis-1-64x58.jpg 64w, https:\/\/hookahshop.lt\/wp-content\/uploads\/2020\/09\/stiebas-zarna-kandiklis-1.jpg 420w\" sizes=\"(max-width: 300px) 100vw, 300px\" title=\"\"><br \/>\nKas teil on k\u00fcsimusi? v\u00f5ta meiega \u00fchendust\u00a0<a href=\"https:\/\/hookahshop.lt\/et\/kontaktid\/\">kontaktide leht<\/a>\u00a0v\u00f5i saatke meile e-kiri aadressil\u00a0<a href=\"https:\/\/facebook.com\/HookahShop.lt\/\" target=\"_blank\" rel=\"noopener\">Facebooki konto<\/a>\u00a0ja vastame teie taotlusele samal p\u00e4eval.<\/p>\n<p>&nbsp;<\/p>","protected":false},"excerpt":{"rendered":"<p>Vesipiibu DARKSIDE Orion Stealth Grey See mudel on m\u00f5eldud vesipiibu klassika austajatele, kuid on moodsa disaini ja kerge kaaluga, nii et see sobib transportimiseks. Erinevalt paljudest t\u00e4nap\u00e4evastest vesipiipudest on Orioni mudelil j\u00e4ik v\u00f5ll, mis muudab selle teiste vesipiipudega v\u00f5rreldes t\u00f6\u00f6kindlamaks ja vastupidavamaks (ilma keermeteta). Samuti ei ole sellel mudelil hajutit, nii et vesipiibu kasutamisel on t\u00f5mme klassikaline (raskem [\u2026]<\/p>","protected":false},"featured_media":39074,"comment_status":"open","ping_status":"closed","template":"","meta":[],"_links":{"self":[{"href":"https:\/\/hookahshop.lt\/et\/wp-json\/wp\/v2\/product\/39073"}],"collection":[{"href":"https:\/\/hookahshop.lt\/et\/wp-json\/wp\/v2\/product"}],"about":[{"href":"https:\/\/hookahshop.lt\/et\/wp-json\/wp\/v2\/types\/product"}],"replies":[{"embeddable":true,"href":"https:\/\/hookahshop.lt\/et\/wp-json\/wp\/v2\/comments?post=39073"}],"version-history":[{"count":5,"href":"https:\/\/hookahshop.lt\/et\/wp-json\/wp\/v2\/product\/39073\/revisions"}],"predecessor-version":[{"id":39116,"href":"https:\/\/hookahshop.lt\/et\/wp-json\/wp\/v2\/product\/39073\/revisions\/39116"}],"wp:featuredmedia":[{"embeddable":true,"href":"https:\/\/hookahshop.lt\/et\/wp-json\/wp\/v2\/media\/39074"}],"wp:attachment":[{"href":"https:\/\/hookahshop.lt\/et\/wp-json\/wp\/v2\/media?parent=39073"}],"curies":[{"name":"wp","href":"https:\/\/api.w.org\/{rel}","templated":true}]}}