{"id":39191,"date":"2024-04-14T19:44:19","date_gmt":"2024-04-14T16:44:19","guid":{"rendered":"https:\/\/hookahshop.lt\/?post_type=product&#038;p=39191"},"modified":"2026-04-26T23:30:16","modified_gmt":"2026-04-26T20:30:16","slug":"sirupas-kavai-monin-surios-karameles-700ml","status":"publish","type":"product","link":"https:\/\/hookahshop.lt\/et\/toode\/siirup-monin-soolane-karamell-700ml\/","title":{"rendered":"Kohvi siirup MONIN Salted Caramel 700ml"},"content":{"rendered":"<h2>Kohvi siirup MONIN Salted Caramel 700ml<\/h2>\n<p>Soolakaramell on traditsiooniline maiustus, mis p\u00e4rineb Prantsusmaalt Bretagne&#039;ist. \u00d5rn tasakaal magusa maheduse ja soolaste vihjete vahel teeb sellest \u00fche Prantsusmaa lemmikkombinatsiooni. Ainulaadne soolase ja magusa kombinatsioon muudab iga kuuma v\u00f5i k\u00fclma joogi ootamatuks avastuseks!<\/p>\n<p><strong>Funktsioonid:<\/strong><\/p>\n<p>Puuviljamahl 13%, sealhulgas 5% mustikamahl, 3% j\u00f5hvikamahla, 1% leedrimahl ja 1% vaarikamahl<br \/>\nK\u00f5rge kontsentratsioon: 1+8<br \/>\nPuhas peedisuhkur Prantsusmaalt<br \/>\nIlma s\u00e4ilitusaineteta<br \/>\nK\u00f5lblikkusaeg: 3 kuud p\u00e4rast avamist, 36 kuud p\u00e4rast tootmist<br \/>\n\u00dcks toode paljudeks rakendusteks: espresso Martini, Toddy, Latte, kuum \u0161okolaad, piimatee<\/p>\n<p><strong>Koostis:<\/strong><\/p>\n<p>Suhkur, vesi, looduslik l\u00f5hna- ja maitseaine, sool, karamell (v\u00e4rv).<\/p>\n<p>Kas teil on k\u00fcsimusi? v\u00f5ta meiega \u00fchendust\u00a0<a href=\"https:\/\/hookahshop.lt\/et\/kontaktid\/\">kontaktide leht<\/a>\u00a0v\u00f5i saatke meile e-kiri aadressil\u00a0<a href=\"https:\/\/facebook.com\/HookahShop.lt\/\" target=\"_blank\" rel=\"noopener\">Facebooki konto<\/a>\u00a0ja vastame teie taotlusele samal p\u00e4eval.<\/p>","protected":false},"excerpt":{"rendered":"<p>Kohvi siirup MONIN Salted Caramel 700ml Soolakaramell on traditsiooniline kondiitritoode, mis on p\u00e4rit Prantsusmaalt Bretagne&#039;ist. \u00d5rn tasakaal magusa maheduse ja soolaste vihjete vahel teeb sellest \u00fche Prantsusmaa lemmikkombinatsiooni. Ainulaadne soolase ja magusa kombinatsioon muudab iga kuuma v\u00f5i k\u00fclma joogi ootamatuks avastuseks! Omadused: Puuviljamahl 13%, sealhulgas 5% mustikamahl, 3% j\u00f5hvikamahl [\u2026]<\/p>","protected":false},"featured_media":39192,"comment_status":"open","ping_status":"closed","template":"","meta":[],"_links":{"self":[{"href":"https:\/\/hookahshop.lt\/et\/wp-json\/wp\/v2\/product\/39191"}],"collection":[{"href":"https:\/\/hookahshop.lt\/et\/wp-json\/wp\/v2\/product"}],"about":[{"href":"https:\/\/hookahshop.lt\/et\/wp-json\/wp\/v2\/types\/product"}],"replies":[{"embeddable":true,"href":"https:\/\/hookahshop.lt\/et\/wp-json\/wp\/v2\/comments?post=39191"}],"version-history":[{"count":5,"href":"https:\/\/hookahshop.lt\/et\/wp-json\/wp\/v2\/product\/39191\/revisions"}],"predecessor-version":[{"id":40469,"href":"https:\/\/hookahshop.lt\/et\/wp-json\/wp\/v2\/product\/39191\/revisions\/40469"}],"wp:featuredmedia":[{"embeddable":true,"href":"https:\/\/hookahshop.lt\/et\/wp-json\/wp\/v2\/media\/39192"}],"wp:attachment":[{"href":"https:\/\/hookahshop.lt\/et\/wp-json\/wp\/v2\/media?parent=39191"}],"curies":[{"name":"wp","href":"https:\/\/api.w.org\/{rel}","templated":true}]}}