{"id":39276,"date":"2024-04-30T14:08:08","date_gmt":"2024-04-30T11:08:08","guid":{"rendered":"https:\/\/hookahshop.lt\/?post_type=product&#038;p=39276"},"modified":"2025-11-06T20:59:42","modified_gmt":"2025-11-06T18:59:42","slug":"kavos-aparatas-nivona-nicr-790","status":"publish","type":"product","link":"https:\/\/hookahshop.lt\/et\/toode\/kohvimasin-nivona-nicr-790\/","title":{"rendered":"Kohvimasin NIVONA NICR 790"},"content":{"rendered":"<h2>Kohvimasin NIVONA NICR 790<\/h2>\n<p><strong>Cappuccino on nii maitsev, et sellele on v\u00f5imatu vastu panna<\/strong><br \/>\nTippkvaliteet \u00fche nupuvajutusega. Me lubame. Sest Nivona 7. seeria annab teile selle maitse mugavamalt \u2013 isegi tassi cappuccinot v\u00f5i latte macchiato pruulimisel.<\/p>\n<p><strong>Tassis on muusika.<\/strong><br \/>\nAlates 7. seeriast ilmub ka programmeerimise v\u00f5imalus. Looge oma NIVONA retseptid, valmistades lihtsalt oma vajadustele vastava kohvi. Automaatmasin salvestab teie lemmikkohvi ainulaadse retsepti.<\/p>\n<p><strong>Tehnilised andmed:<\/strong><br \/>\nTootja: NIVONA<br \/>\nV\u00e4rvus must<br \/>\nKohvi t\u00fc\u00fcp: kohvioad, jahvatatud kohv<br \/>\nJuhtekraan: v\u00e4rviline TFT, saadaval leedu keeles<br \/>\nRetseptid: espresso, cafe creme, cafe lungo, cafe americano,<br \/>\ncappuccino, kuum piim, kuum vesi, 5 ind. retseptid<br \/>\nKohv piimaga: saadaval<br \/>\nPiimas\u00fcsteemi t\u00fc\u00fcp: automaatne voolikuga piimas\u00fcsteem<br \/>\n2 portsjonit korraga: espresso, cafe creme, cafe lungo, cafe americano<br \/>\nVeemaht: 2,2 l<br \/>\nKohviubade maht: 250 g<br \/>\nM\u00f5\u00f5dud (PxKxL): 24 x 34 x 46 cm<\/p>\n<p>&nbsp;<\/p>\n<p>Kas teil on k\u00fcsimusi? v\u00f5ta meiega \u00fchendust\u00a0<a href=\"https:\/\/hookahshop.lt\/et\/kontaktid\/\">kontaktide leht<\/a>\u00a0v\u00f5i saatke meile e-kiri aadressil\u00a0<a href=\"https:\/\/facebook.com\/HookahShop.lt\/\" target=\"_blank\" rel=\"noopener noreferrer\">Facebooki konto<\/a>\u00a0ja vastame teie taotlusele samal p\u00e4eval.<\/p>","protected":false},"excerpt":{"rendered":"<p>Kohvimasin NIVONA NICR 790 Cappuccino on nii maitsev, et \u00fche nupuvajutusega on v\u00f5imatu vastu panna Tippkvaliteedile. Me lubame. Sest Nivona 7. seeria annab teile selle maitse mugavamalt \u2013 isegi cappuccino v\u00f5i latte macchiato tassi pruulimisel. Tassis on muusika. Alates 7. seeriast ilmub ka programmeerimise v\u00f5imalus. Looge oma NIVONA retsepte, valmistades lihtsalt kohvi vastavalt oma [...]<\/p>","protected":false},"featured_media":39277,"comment_status":"open","ping_status":"closed","template":"","meta":[],"_links":{"self":[{"href":"https:\/\/hookahshop.lt\/et\/wp-json\/wp\/v2\/product\/39276"}],"collection":[{"href":"https:\/\/hookahshop.lt\/et\/wp-json\/wp\/v2\/product"}],"about":[{"href":"https:\/\/hookahshop.lt\/et\/wp-json\/wp\/v2\/types\/product"}],"replies":[{"embeddable":true,"href":"https:\/\/hookahshop.lt\/et\/wp-json\/wp\/v2\/comments?post=39276"}],"version-history":[{"count":3,"href":"https:\/\/hookahshop.lt\/et\/wp-json\/wp\/v2\/product\/39276\/revisions"}],"predecessor-version":[{"id":39285,"href":"https:\/\/hookahshop.lt\/et\/wp-json\/wp\/v2\/product\/39276\/revisions\/39285"}],"wp:featuredmedia":[{"embeddable":true,"href":"https:\/\/hookahshop.lt\/et\/wp-json\/wp\/v2\/media\/39277"}],"wp:attachment":[{"href":"https:\/\/hookahshop.lt\/et\/wp-json\/wp\/v2\/media?parent=39276"}],"curies":[{"name":"wp","href":"https:\/\/api.w.org\/{rel}","templated":true}]}}