{"id":39303,"date":"2024-05-08T14:30:35","date_gmt":"2024-05-08T11:30:35","guid":{"rendered":"https:\/\/hookahshop.lt\/?post_type=product&#038;p=39303"},"modified":"2026-04-14T23:29:43","modified_gmt":"2026-04-14T20:29:43","slug":"apsauginis-ziedas-kaitlentei","status":"publish","type":"product","link":"https:\/\/hookahshop.lt\/et\/toode\/pliidiplaadi-kaitserongas\/","title":{"rendered":"Pliidiplaadi kaitser\u00f5ngas"},"content":{"rendered":"<h2>Pliidiplaadi kaitser\u00f5ngas<\/h2>\n<p>Kasutatakse vesipiibu s\u00f6e Esperanza jaoks. See aitab teil mugavalt soojendada suuremat kogust vesipiibu s\u00fctt. Pakub turvalisust t\u00e4nu olemasolevatele seintele.<\/p>\n<p><strong>Spetsifikatsioon:<\/strong><br \/>\nMaterjal: roostevaba teras<br \/>\nL\u00e4bim\u00f5\u00f5t: 20 cm<br \/>\nK\u00f5rgus: 6 cm<br \/>\nKas teil on k\u00fcsimusi? v\u00f5ta meiega \u00fchendust\u00a0<a href=\"https:\/\/hookahshop.lt\/et\/kontaktid\/\">kontaktide leht<\/a>\u00a0v\u00f5i saatke meile e-kiri aadressil\u00a0<a href=\"https:\/\/facebook.com\/HookahShop.lt\/\" target=\"_blank\" rel=\"noopener noreferrer\">Facebooki konto<\/a>\u00a0ja vastame teie taotlusele samal p\u00e4eval.<\/p>","protected":false},"excerpt":{"rendered":"<p>Pliidiplaadi kaitser\u00f5ngas Kasutatakse vesipiibu pliidiplaadi jaoks, s\u00fcsi Esperanza. See aitab teil mugavalt soojendada suuremat kogust vesipiibu s\u00fctt. Pakub turvalisust t\u00e4nu olemasolevatele seintele. Spetsifikatsioon: Materjal: roostevaba teras L\u00e4bim\u00f5\u00f5t: 20cm K\u00f5rgus: 6cm Kas teil on k\u00fcsimusi? V\u00f5tke meiega \u00fchendust kontaktide lehel v\u00f5i kirjutage meile meie Facebooki kontol ja vastame teie p\u00e4ringule samal p\u00e4eval.<\/p>","protected":false},"featured_media":39304,"comment_status":"open","ping_status":"closed","template":"","meta":[],"_links":{"self":[{"href":"https:\/\/hookahshop.lt\/et\/wp-json\/wp\/v2\/product\/39303"}],"collection":[{"href":"https:\/\/hookahshop.lt\/et\/wp-json\/wp\/v2\/product"}],"about":[{"href":"https:\/\/hookahshop.lt\/et\/wp-json\/wp\/v2\/types\/product"}],"replies":[{"embeddable":true,"href":"https:\/\/hookahshop.lt\/et\/wp-json\/wp\/v2\/comments?post=39303"}],"version-history":[{"count":3,"href":"https:\/\/hookahshop.lt\/et\/wp-json\/wp\/v2\/product\/39303\/revisions"}],"predecessor-version":[{"id":39307,"href":"https:\/\/hookahshop.lt\/et\/wp-json\/wp\/v2\/product\/39303\/revisions\/39307"}],"wp:featuredmedia":[{"embeddable":true,"href":"https:\/\/hookahshop.lt\/et\/wp-json\/wp\/v2\/media\/39304"}],"wp:attachment":[{"href":"https:\/\/hookahshop.lt\/et\/wp-json\/wp\/v2\/media?parent=39303"}],"curies":[{"name":"wp","href":"https:\/\/api.w.org\/{rel}","templated":true}]}}