{"id":39316,"date":"2024-05-14T10:04:33","date_gmt":"2024-05-14T07:04:33","guid":{"rendered":"https:\/\/hookahshop.lt\/?post_type=product&#038;p=39316"},"modified":"2026-04-14T23:29:42","modified_gmt":"2026-04-14T20:29:42","slug":"kandiklis-kaljanui-vyro-forged-mini","status":"publish","type":"product","link":"https:\/\/hookahshop.lt\/et\/toode\/huulik-meeste-vesipiibu-sepistatud-mini\/","title":{"rendered":"Vesipiibu huulik VYRO Forged Mini"},"content":{"rendered":"<h2>Vesipiibu huulik VYRO Forged Mini<\/h2>\n<p>Suurep\u00e4rane mitte ainult kerge kaalu, vaid ka kvaliteetse materjali t\u00f5ttu. See huulik sobib mitte ainult igap\u00e4evaseks kasutamiseks, vaid ka iga vesipiibu ja tavalise silikoonvooliku jaoks.<\/p>\n<p><strong>Spetsifikatsioonid:<\/strong><br \/>\nPikkus: ~ 17 cm<br \/>\nKaal: ~ 73 g<br \/>\nSisemine l\u00e4bim\u00f5\u00f5t: 10 mm<br \/>\nMaterjalid: s\u00fcsinik ja V2A roostevaba teras<\/p>\n<p>&nbsp;<\/p>\n<p>Kas teil on k\u00fcsimusi? v\u00f5ta meiega \u00fchendust\u00a0<a href=\"https:\/\/hookahshop.lt\/et\/kontaktid\/\">kontaktide leht<\/a>\u00a0v\u00f5i saatke meile e-kiri aadressil\u00a0<a href=\"https:\/\/facebook.com\/HookahShop.lt\/\" target=\"_blank\" rel=\"noopener noreferrer\">Facebooki konto<\/a>\u00a0ja vastame teie taotlusele samal p\u00e4eval.<\/p>","protected":false},"excerpt":{"rendered":"<p>Vesipiibu huulik VYRO Forged Mini Suurep\u00e4rane mitte ainult oma kerge kaalu, vaid ka kvaliteetse materjali t\u00f5ttu. See huulik sobib mitte ainult igap\u00e4evaseks kasutamiseks, vaid ka iga vesipiibu ja tavalise silikoonvooliku jaoks. Tehnilised andmed: Pikkus: ~17 cm Kaal: ~ 73 g Sisel\u00e4bim\u00f5\u00f5t: 10 mm Materjalid: S\u00fcsinik ja V2A roostevaba teras K\u00fcsimused? V\u00f5tke meiega \u00fchendust meie kontakti kaudu [\u2026]<\/p>","protected":false},"featured_media":39317,"comment_status":"open","ping_status":"closed","template":"","meta":[],"_links":{"self":[{"href":"https:\/\/hookahshop.lt\/et\/wp-json\/wp\/v2\/product\/39316"}],"collection":[{"href":"https:\/\/hookahshop.lt\/et\/wp-json\/wp\/v2\/product"}],"about":[{"href":"https:\/\/hookahshop.lt\/et\/wp-json\/wp\/v2\/types\/product"}],"replies":[{"embeddable":true,"href":"https:\/\/hookahshop.lt\/et\/wp-json\/wp\/v2\/comments?post=39316"}],"version-history":[{"count":3,"href":"https:\/\/hookahshop.lt\/et\/wp-json\/wp\/v2\/product\/39316\/revisions"}],"predecessor-version":[{"id":39593,"href":"https:\/\/hookahshop.lt\/et\/wp-json\/wp\/v2\/product\/39316\/revisions\/39593"}],"wp:featuredmedia":[{"embeddable":true,"href":"https:\/\/hookahshop.lt\/et\/wp-json\/wp\/v2\/media\/39317"}],"wp:attachment":[{"href":"https:\/\/hookahshop.lt\/et\/wp-json\/wp\/v2\/media?parent=39316"}],"curies":[{"name":"wp","href":"https:\/\/api.w.org\/{rel}","templated":true}]}}